{"id":14740,"date":"2016-08-20T08:58:54","date_gmt":"2016-08-20T06:58:54","guid":{"rendered":"https:\/\/san-fernando.com\/home\/"},"modified":"2025-10-30T12:12:21","modified_gmt":"2025-10-30T11:12:21","slug":"home","status":"publish","type":"page","link":"https:\/\/san-fernando.com\/de\/","title":{"rendered":"Home"},"content":{"rendered":"<div class=\"wpb-content-wrapper\"><p>[vc_row full_width=&#8220;stretch_row&#8220; css=&#8220;.vc_custom_1695366321704{margin-bottom: 0px !important;background-position: center !important;background-repeat: no-repeat !important;background-size: cover !important;}&#8220;][vc_column css=&#8220;.vc_custom_1691146565896{padding-top: 0px !important;}&#8220;][rev_slider_vc alias=&#8220;slider-home&#8220;][\/vc_column][\/vc_row][vc_row disable_element=&#8220;yes&#8220; el_class=&#8220;thim-university-top-icon thim-bg-overlay&#8220; css=&#8220;.vc_custom_1720772389566{margin-bottom: 0px !important;}&#8220;][vc_column width=&#8220;1\/3&#8243;][\/vc_column][vc_column width=&#8220;1\/3&#8243;]<div class=\"thim-widget-icon-box template-base\"><div class=\"wrapper-box-icon has_read_more text-center \" ><div class=\"smicon-box iconbox-top\" style=\"--icon-font-size:36px;--icon-color:#ffb606;--icon-width: 70px;--icon-height: 70px;\"><div class=\"boxes-icon\"><span class=\"inner-icon\"><span class=\"icon\"><i class=\"far fa-file-alt\"><\/i><\/span><\/span><\/span><\/div><div class=\"content-inner\"><div class=\"sc-heading article_heading\"><h3 class = \"heading__primary\" style=\"--title-color: #ffffff;--title-font-size: 18px;--title-font-weight: 700;\">KATALOG HERUNTERLADEN<\/h3><\/div><a class=\"smicon-read sc-btn\" target=\"_self\" href=\"\/wp-content\/uploads\/2023\/09\/Catalogo-Espanol-1.pdf\"  style=\"--btn-text-color: #ffb606;\" >VER M\u00c1S<i class=\"edu-chevron-right\"><\/i><\/a><\/div><\/div><\/div><\/div>[\/vc_column][vc_column width=&#8220;1\/3&#8243;][\/vc_column][\/vc_row][vc_row full_width=&#8220;stretch_row&#8220; parallax=&#8220;content-moving&#8220; parallax_speed_bg=&#8220;1.3&#8243; css=&#8220;.vc_custom_1695809419757{margin-top: 0px !important;margin-bottom: 0px !important;}&#8220;][vc_column][vc_row_inner][vc_column_inner]<div class=\"thim-widget-heading template-base\"><div class=\"sc_heading  text-center\"><h2 style=\"text-transform: uppercase;\" class=\"title\">W\u00e4hlen Sie Ihren Sommer!<\/h2><p class=\"sub-heading\" style=\"\">Lassen Sie sich diese Gelegenheit nicht entgehen. W\u00e4hlen Sie einen Ort auf der Karte aus.<\/p><\/div><\/div>[\/vc_column_inner][\/vc_row_inner][vc_row_inner][vc_column_inner width=&#8220;1\/4&#8243;][\/vc_column_inner][vc_column_inner width=&#8220;1\/2&#8243;][vc_raw_html]W3NwYWluX21hcF0=[\/vc_raw_html][\/vc_column_inner][vc_column_inner width=&#8220;1\/4&#8243;][\/vc_column_inner][\/vc_row_inner][\/vc_column][\/vc_row][vc_row full_width=&#8220;stretch_row&#8220; css=&#8220;.vc_custom_1720777667189{margin-bottom: 0px !important;background-color: #99bcda !important;}&#8220;][vc_column]<div class=\"thim-widget-heading template-base\"><div class=\"sc_heading  text-center\"><h3 style=\"text-transform: uppercase;color:#000000;\" class=\"title\">M\u00d6CHTEN SIE MIT UNS KONTAKT AUFNEHMEN?<\/h3><p class=\"sub-heading\" style=\"color:#000000;\">Schreiben Sie uns \u00fcber unser Kontaktformular und wir werden uns mit Ihnen in Verbindung setzen!<\/p><\/div><\/div>[vc_btn title=&#8220;KONTAKT&#8220; style=&#8220;outline-custom&#8220; outline_custom_color=&#8220;#666666&#8243; outline_custom_hover_background=&#8220;#666666&#8243; outline_custom_hover_text=&#8220;#ffffff&#8220; shape=&#8220;square&#8220; align=&#8220;center&#8220; link=&#8220;url:https%3A%2F%2Fsan-fernando.com%2Fde%2Fkontakt%2F|title:Kontakt|&#8220;][\/vc_column][\/vc_row][vc_row full_width=&#8220;stretch_row&#8220; css=&#8220;.vc_custom_1720777758446{margin-bottom: 0px !important;background-color: #ffb607 !important;}&#8220;][vc_column]<div class=\"thim-widget-heading template-base\"><div class=\"sc_heading  text-center\"><h3 style=\"text-transform: uppercase;color:#000000;\" class=\"title\">ANGEBOT ANFORDERN<\/h3><p class=\"sub-heading\" style=\"color:#000000;\">Wohin m\u00f6chten Sie mit Ihren Sch\u00fclern reisen? Welche Aktivit\u00e4ten m\u00f6chten Sie unternehmen und an welchen Terminen? Wir senden Ihnen schnellstm\u00f6glich einen Vorschlag zu, damit Sie mit der Planung Ihrer Reise beginnen k\u00f6nnen.<\/p><\/div><\/div>[vc_btn title=&#8220;ANFRAGE&#8220; style=&#8220;outline&#8220; shape=&#8220;square&#8220; color=&#8220;black&#8220; align=&#8220;center&#8220; link=&#8220;url:https%3A%2F%2Fsan-fernando.com%2Fde%2Fkostenvoranschlag%2F|title:Kontakt|&#8220;][\/vc_column][\/vc_row][vc_row full_width=&#8220;stretch_row&#8220; parallax=&#8220;content-moving&#8220; parallax_image=&#8220;15453&#8243; parallax_speed_bg=&#8220;1.3&#8243; el_class=&#8220;thim-dark thim-join-the-elite-group&#8220; css=&#8220;.vc_custom_1695809459647{margin-bottom: 0px !important;}&#8220;][vc_column][vc_row_inner][vc_column_inner]<div class=\"thim-widget-heading template-base\"><div class=\"sc_heading  text-center\"><h2 style=\"text-transform: uppercase;color:#ffffff;\" class=\"title\">Laden Sie unseren Katalog als PDF herunter!<\/h2><p class=\"sub-heading\" style=\"color:#ffffff;\">Alle Informationen zu unseren Aktivit\u00e4ten im PDF-Format.<\/p><\/div><\/div>[\/vc_column_inner][\/vc_row_inner]<div class=\"thim-widget-button template-base\"><a class=\"widget-button  normal\" href=\"\/wp-content\/uploads\/2025\/10\/CATALOGO_DE_2026.pdf\" target=\"_blank\">PDF-DATEI HERUNTERLADEN<\/a><\/div>[\/vc_column][\/vc_row][vc_row disable_element=&#8220;yes&#8220; css=&#8220;.vc_custom_1694775596493{background-position: center !important;background-repeat: no-repeat !important;background-size: contain !important;}&#8220; el_class=&#8220;thim-latest-new-university&#8220;][vc_column][vc_row_inner][vc_column_inner]<div class=\"thim-widget-heading template-base\"><div class=\"sc_heading  text-center\"><h2 style=\"text-transform: uppercase;font-size:30px;\" class=\"title\">Letzte Neuigkeiten<\/h2><p class=\"sub-heading\" style=\"\">SIGUE NUESTRA ACTUALIDAD Y MANTENTE INFORMADO<\/p><\/div><\/div>[\/vc_column_inner][\/vc_row_inner][vc_basic_grid post_type=&#8220;post&#8220; max_items=&#8220;3&#8243; style=&#8220;load-more&#8220; items_per_page=&#8220;9&#8243; show_filter=&#8220;yes&#8220; grid_id=&#8220;vc_gid:1761822625599-394eb96d-1ead-2&#8243; filter_source=&#8220;category&#8220; taxonomies=&#8220;60, 61&#8243;][\/vc_column][\/vc_row][vc_row full_width=&#8220;stretch_row&#8220; disable_element=&#8220;yes&#8220; css=&#8220;.vc_custom_1725883151745{margin-bottom: 0px !important;padding-bottom: 60px !important;background-color: #f9f9f9 !important;}&#8220;][vc_column]<div class=\"thim-widget-heading template-base\"><div class=\"sc_heading  text-center\"><h2 style=\"text-transform: uppercase;font-size:30px;\" class=\"title\">\u00daltimos Videos<\/h2><p class=\"sub-heading\" style=\"\">SIGUE NUESTRO CANAL DE YOUTUBE<\/p><\/div><\/div>[vc_btn title=&#8220;BESUCHEN SIE UNSEREN KANAL&#8220; align=&#8220;center&#8220; i_icon_fontawesome=&#8220;fab fa-youtube&#8220; add_icon=&#8220;true&#8220; link=&#8220;url:https%3A%2F%2Fwww.youtube.com%2F%40institutosanfernando4299%2Ffeatured|target:_blank|&#8220;][\/vc_column][\/vc_row][vc_row full_width=&#8220;stretch_row&#8220; parallax=&#8220;content-moving&#8220; parallax_image=&#8220;5841&#8243; parallax_speed_bg=&#8220;1.3&#8243; css=&#8220;.vc_custom_1695809537883{margin-bottom: 0px !important;padding-bottom: 25px !important;}&#8220; el_class=&#8220;thim-bg-overlay&#8220;][vc_column]<div class=\"thim-widget-heading template-base\"><div class=\"sc_heading  text-center\"><h2 style=\"text-transform: uppercase;color:#ffffff;font-size:30px;\" class=\"title\">SAN FERNANDO INSTITUT<\/h2><\/div><\/div>[\/vc_column][vc_column width=&#8220;1\/3&#8243;]<div class=\"thim-widget-counters-box template-base\"><div class=\"counter-box \" style=\"\"><div class=\"icon-counter-box\" style=\"\"><span class=\"icon icon-images\"><img loading=\"lazy\" decoding=\"async\" src=\"https:\/\/san-fernando.com\/wp-content\/uploads\/2023\/08\/estudiantes_white_100.png\" alt=\"estudiantes_white_100\"  width=\"100\" height=\"100\"><\/span><\/div><div class=\"content-box-percentage\">\n\t\t<div class=\"wrap-percentage\">\n\t\t<div class=\"display-percentage\" data-percentage=\"6735\" >6735<\/div><div class=\"text_number\"><\/div><\/div><div class=\"counter-content-container\"><div class=\"counter-box-content\" style=\"\">STUDIERENDE<\/div><\/div><\/div><\/div><\/div>[\/vc_column][vc_column width=&#8220;1\/3&#8243;]<div class=\"thim-widget-counters-box template-base\"><div class=\"counter-box \" style=\"\"><div class=\"icon-counter-box\" style=\"\"><span class=\"icon icon-images\"><img loading=\"lazy\" decoding=\"async\" src=\"https:\/\/san-fernando.com\/wp-content\/uploads\/2023\/08\/experiencia_w_100.png\" alt=\"experiencia_w_100\"  width=\"100\" height=\"100\"><\/span><\/div><div class=\"content-box-percentage\">\n\t\t<div class=\"wrap-percentage\">\n\t\t<div class=\"display-percentage\" data-percentage=\"28\" >28<\/div><div class=\"text_number\"><\/div><\/div><div class=\"counter-content-container\"><div class=\"counter-box-content\" style=\"\">JAHRE ERFAHRUNG<\/div><\/div><\/div><\/div><\/div>[\/vc_column][vc_column width=&#8220;1\/3&#8243;]<div class=\"thim-widget-counters-box template-base\"><div class=\"counter-box \" style=\"\"><div class=\"icon-counter-box\" style=\"\"><span class=\"icon icon-images\"><img loading=\"lazy\" decoding=\"async\" src=\"https:\/\/san-fernando.com\/wp-content\/uploads\/2023\/08\/destinos_w_100.png\" alt=\"destinos_w_100\"  width=\"100\" height=\"100\"><\/span><\/div><div class=\"content-box-percentage\">\n\t\t<div class=\"wrap-percentage\">\n\t\t<div class=\"display-percentage\" data-percentage=\"10\" >10<\/div><div class=\"text_number\"><\/div><\/div><div class=\"counter-content-container\"><div class=\"counter-box-content\" style=\"\">ZIELE<\/div><\/div><\/div><\/div><\/div>[\/vc_column][\/vc_row]<\/p>\n<\/div>","protected":false},"excerpt":{"rendered":"<p>[vc_row full_width=&#8220;stretch_row&#8220; css=&#8220;.vc_custom_1695366321704{margin-bottom: 0px !important;background-position: center !important;background-repeat: no-repeat !important;background-size: cover !important;}&#8220;][vc_column css=&#8220;.vc_custom_1691146565896{padding-top: 0px !important;}&#8220;][rev_slider_vc alias=&#8220;slider-home&#8220;][\/vc_column][\/vc_row][vc_row disable_element=&#8220;yes&#8220; el_class=&#8220;thim-university-top-icon thim-bg-overlay&#8220; css=&#8220;.vc_custom_1720772389566{margin-bottom: 0px !important;}&#8220;][vc_column width=&#8220;1\/3&#8243;][\/vc_column][vc_column width=&#8220;1\/3&#8243;][\/vc_column][vc_column width=&#8220;1\/3&#8243;][\/vc_column][\/vc_row][vc_row full_width=&#8220;stretch_row&#8220; parallax=&#8220;content-moving&#8220; parallax_speed_bg=&#8220;1.3&#8243; css=&#8220;.vc_custom_1695809419757{margin-top: 0px !important;margin-bottom: 0px !important;}&#8220;][vc_column][vc_row_inner][vc_column_inner][\/vc_column_inner][\/vc_row_inner][vc_row_inner][vc_column_inner width=&#8220;1\/4&#8243;][\/vc_column_inner][vc_column_inner width=&#8220;1\/2&#8243;][vc_raw_html]W3NwYWluX21hcF0=[\/vc_raw_html][\/vc_column_inner][vc_column_inner width=&#8220;1\/4&#8243;][\/vc_column_inner][\/vc_row_inner][\/vc_column][\/vc_row][vc_row full_width=&#8220;stretch_row&#8220; css=&#8220;.vc_custom_1720777667189{margin-bottom: 0px !important;background-color: #99bcda &hellip; <\/p>\n","protected":false},"author":1,"featured_media":0,"parent":0,"menu_order":0,"comment_status":"closed","ping_status":"closed","template":"page-templates\/homepage.php","meta":{"footnotes":""},"class_list":["post-14740","page","type-page","status-publish","hentry"],"yoast_head":"<!-- This site is optimized with the Yoast SEO plugin v25.1 - https:\/\/yoast.com\/wordpress\/plugins\/seo\/ -->\n<title>Home - INSTITUTO SAN FERNANDO<\/title>\n<meta name=\"robots\" content=\"index, follow, max-snippet:-1, max-image-preview:large, max-video-preview:-1\" \/>\n<link rel=\"canonical\" href=\"https:\/\/san-fernando.com\/de\/\" \/>\n<meta property=\"og:locale\" content=\"de_DE\" \/>\n<meta property=\"og:type\" content=\"article\" \/>\n<meta property=\"og:title\" content=\"Home - INSTITUTO SAN FERNANDO\" \/>\n<meta property=\"og:description\" content=\"[vc_row full_width=&#8220;stretch_row&#8220; css=&#8220;.vc_custom_1695366321704{margin-bottom: 0px !important;background-position: center !important;background-repeat: no-repeat !important;background-size: cover !important;}&#8220;][vc_column css=&#8220;.vc_custom_1691146565896{padding-top: 0px !important;}&#8220;][rev_slider_vc alias=&#8220;slider-home&#8220;][\/vc_column][\/vc_row][vc_row disable_element=&#8220;yes&#8220; el_class=&#8220;thim-university-top-icon thim-bg-overlay&#8220; css=&#8220;.vc_custom_1720772389566{margin-bottom: 0px !important;}&#8220;][vc_column width=&#8220;1\/3&#8243;][\/vc_column][vc_column width=&#8220;1\/3&#8243;][\/vc_column][vc_column width=&#8220;1\/3&#8243;][\/vc_column][\/vc_row][vc_row full_width=&#8220;stretch_row&#8220; parallax=&#8220;content-moving&#8220; parallax_speed_bg=&#8220;1.3&#8243; css=&#8220;.vc_custom_1695809419757{margin-top: 0px !important;margin-bottom: 0px !important;}&#8220;][vc_column][vc_row_inner][vc_column_inner][\/vc_column_inner][\/vc_row_inner][vc_row_inner][vc_column_inner width=&#8220;1\/4&#8243;][\/vc_column_inner][vc_column_inner width=&#8220;1\/2&#8243;][vc_raw_html]W3NwYWluX21hcF0=[\/vc_raw_html][\/vc_column_inner][vc_column_inner width=&#8220;1\/4&#8243;][\/vc_column_inner][\/vc_row_inner][\/vc_column][\/vc_row][vc_row full_width=&#8220;stretch_row&#8220; css=&#8220;.vc_custom_1720777667189{margin-bottom: 0px !important;background-color: #99bcda &hellip;\" \/>\n<meta property=\"og:url\" content=\"https:\/\/san-fernando.com\/de\/\" \/>\n<meta property=\"og:site_name\" content=\"INSTITUTO SAN FERNANDO\" \/>\n<meta property=\"article:publisher\" content=\"https:\/\/es-es.facebook.com\/InstitutoSanFernando.ISF\/\" \/>\n<meta property=\"article:modified_time\" content=\"2025-10-30T11:12:21+00:00\" \/>\n<meta name=\"twitter:card\" content=\"summary_large_image\" \/>\n<meta name=\"twitter:label1\" content=\"Gesch\u00e4tzte Lesezeit\" \/>\n\t<meta name=\"twitter:data1\" content=\"2\u00a0Minuten\" \/>\n<script type=\"application\/ld+json\" class=\"yoast-schema-graph\">{\"@context\":\"https:\/\/schema.org\",\"@graph\":[{\"@type\":\"WebPage\",\"@id\":\"https:\/\/san-fernando.com\/de\/\",\"url\":\"https:\/\/san-fernando.com\/de\/\",\"name\":\"Home - INSTITUTO SAN FERNANDO\",\"isPartOf\":{\"@id\":\"https:\/\/san-fernando.com\/#website\"},\"datePublished\":\"2016-08-20T06:58:54+00:00\",\"dateModified\":\"2025-10-30T11:12:21+00:00\",\"breadcrumb\":{\"@id\":\"https:\/\/san-fernando.com\/de\/#breadcrumb\"},\"inLanguage\":\"de\",\"potentialAction\":[{\"@type\":\"ReadAction\",\"target\":[\"https:\/\/san-fernando.com\/de\/\"]}]},{\"@type\":\"BreadcrumbList\",\"@id\":\"https:\/\/san-fernando.com\/de\/#breadcrumb\",\"itemListElement\":[{\"@type\":\"ListItem\",\"position\":1,\"name\":\"Portada\",\"item\":\"https:\/\/san-fernando.com\/de\/\"},{\"@type\":\"ListItem\",\"position\":2,\"name\":\"Home\"}]},{\"@type\":\"WebSite\",\"@id\":\"https:\/\/san-fernando.com\/#website\",\"url\":\"https:\/\/san-fernando.com\/\",\"name\":\"INSTITUTO SAN FERNANDO\",\"description\":\"INSTITUTO SAN FERNANDO\",\"publisher\":{\"@id\":\"https:\/\/san-fernando.com\/#organization\"},\"potentialAction\":[{\"@type\":\"SearchAction\",\"target\":{\"@type\":\"EntryPoint\",\"urlTemplate\":\"https:\/\/san-fernando.com\/?s={search_term_string}\"},\"query-input\":{\"@type\":\"PropertyValueSpecification\",\"valueRequired\":true,\"valueName\":\"search_term_string\"}}],\"inLanguage\":\"de\"},{\"@type\":\"Organization\",\"@id\":\"https:\/\/san-fernando.com\/#organization\",\"name\":\"INSTITUTO SAN FERNANDO\",\"url\":\"https:\/\/san-fernando.com\/\",\"logo\":{\"@type\":\"ImageObject\",\"inLanguage\":\"de\",\"@id\":\"https:\/\/san-fernando.com\/#\/schema\/logo\/image\/\",\"url\":\"https:\/\/san-fernando.com\/wp-content\/uploads\/2023\/08\/Instituto-San-Fernando-logotipo-350w.png\",\"contentUrl\":\"https:\/\/san-fernando.com\/wp-content\/uploads\/2023\/08\/Instituto-San-Fernando-logotipo-350w.png\",\"width\":350,\"height\":48,\"caption\":\"INSTITUTO SAN FERNANDO\"},\"image\":{\"@id\":\"https:\/\/san-fernando.com\/#\/schema\/logo\/image\/\"},\"sameAs\":[\"https:\/\/es-es.facebook.com\/InstitutoSanFernando.ISF\/\",\"https:\/\/www.instagram.com\/institutosanfernando\/\"]}]}<\/script>\n<!-- \/ Yoast SEO plugin. -->","yoast_head_json":{"title":"Home - INSTITUTO SAN FERNANDO","robots":{"index":"index","follow":"follow","max-snippet":"max-snippet:-1","max-image-preview":"max-image-preview:large","max-video-preview":"max-video-preview:-1"},"canonical":"https:\/\/san-fernando.com\/de\/","og_locale":"de_DE","og_type":"article","og_title":"Home - INSTITUTO SAN FERNANDO","og_description":"[vc_row full_width=&#8220;stretch_row&#8220; css=&#8220;.vc_custom_1695366321704{margin-bottom: 0px !important;background-position: center !important;background-repeat: no-repeat !important;background-size: cover !important;}&#8220;][vc_column css=&#8220;.vc_custom_1691146565896{padding-top: 0px !important;}&#8220;][rev_slider_vc alias=&#8220;slider-home&#8220;][\/vc_column][\/vc_row][vc_row disable_element=&#8220;yes&#8220; el_class=&#8220;thim-university-top-icon thim-bg-overlay&#8220; css=&#8220;.vc_custom_1720772389566{margin-bottom: 0px !important;}&#8220;][vc_column width=&#8220;1\/3&#8243;][\/vc_column][vc_column width=&#8220;1\/3&#8243;][\/vc_column][vc_column width=&#8220;1\/3&#8243;][\/vc_column][\/vc_row][vc_row full_width=&#8220;stretch_row&#8220; parallax=&#8220;content-moving&#8220; parallax_speed_bg=&#8220;1.3&#8243; css=&#8220;.vc_custom_1695809419757{margin-top: 0px !important;margin-bottom: 0px !important;}&#8220;][vc_column][vc_row_inner][vc_column_inner][\/vc_column_inner][\/vc_row_inner][vc_row_inner][vc_column_inner width=&#8220;1\/4&#8243;][\/vc_column_inner][vc_column_inner width=&#8220;1\/2&#8243;][vc_raw_html]W3NwYWluX21hcF0=[\/vc_raw_html][\/vc_column_inner][vc_column_inner width=&#8220;1\/4&#8243;][\/vc_column_inner][\/vc_row_inner][\/vc_column][\/vc_row][vc_row full_width=&#8220;stretch_row&#8220; css=&#8220;.vc_custom_1720777667189{margin-bottom: 0px !important;background-color: #99bcda &hellip;","og_url":"https:\/\/san-fernando.com\/de\/","og_site_name":"INSTITUTO SAN FERNANDO","article_publisher":"https:\/\/es-es.facebook.com\/InstitutoSanFernando.ISF\/","article_modified_time":"2025-10-30T11:12:21+00:00","twitter_card":"summary_large_image","twitter_misc":{"Gesch\u00e4tzte Lesezeit":"2\u00a0Minuten"},"schema":{"@context":"https:\/\/schema.org","@graph":[{"@type":"WebPage","@id":"https:\/\/san-fernando.com\/de\/","url":"https:\/\/san-fernando.com\/de\/","name":"Home - INSTITUTO SAN FERNANDO","isPartOf":{"@id":"https:\/\/san-fernando.com\/#website"},"datePublished":"2016-08-20T06:58:54+00:00","dateModified":"2025-10-30T11:12:21+00:00","breadcrumb":{"@id":"https:\/\/san-fernando.com\/de\/#breadcrumb"},"inLanguage":"de","potentialAction":[{"@type":"ReadAction","target":["https:\/\/san-fernando.com\/de\/"]}]},{"@type":"BreadcrumbList","@id":"https:\/\/san-fernando.com\/de\/#breadcrumb","itemListElement":[{"@type":"ListItem","position":1,"name":"Portada","item":"https:\/\/san-fernando.com\/de\/"},{"@type":"ListItem","position":2,"name":"Home"}]},{"@type":"WebSite","@id":"https:\/\/san-fernando.com\/#website","url":"https:\/\/san-fernando.com\/","name":"INSTITUTO SAN FERNANDO","description":"INSTITUTO SAN FERNANDO","publisher":{"@id":"https:\/\/san-fernando.com\/#organization"},"potentialAction":[{"@type":"SearchAction","target":{"@type":"EntryPoint","urlTemplate":"https:\/\/san-fernando.com\/?s={search_term_string}"},"query-input":{"@type":"PropertyValueSpecification","valueRequired":true,"valueName":"search_term_string"}}],"inLanguage":"de"},{"@type":"Organization","@id":"https:\/\/san-fernando.com\/#organization","name":"INSTITUTO SAN FERNANDO","url":"https:\/\/san-fernando.com\/","logo":{"@type":"ImageObject","inLanguage":"de","@id":"https:\/\/san-fernando.com\/#\/schema\/logo\/image\/","url":"https:\/\/san-fernando.com\/wp-content\/uploads\/2023\/08\/Instituto-San-Fernando-logotipo-350w.png","contentUrl":"https:\/\/san-fernando.com\/wp-content\/uploads\/2023\/08\/Instituto-San-Fernando-logotipo-350w.png","width":350,"height":48,"caption":"INSTITUTO SAN FERNANDO"},"image":{"@id":"https:\/\/san-fernando.com\/#\/schema\/logo\/image\/"},"sameAs":["https:\/\/es-es.facebook.com\/InstitutoSanFernando.ISF\/","https:\/\/www.instagram.com\/institutosanfernando\/"]}]}},"_links":{"self":[{"href":"https:\/\/san-fernando.com\/de\/wp-json\/wp\/v2\/pages\/14740"}],"collection":[{"href":"https:\/\/san-fernando.com\/de\/wp-json\/wp\/v2\/pages"}],"about":[{"href":"https:\/\/san-fernando.com\/de\/wp-json\/wp\/v2\/types\/page"}],"author":[{"embeddable":true,"href":"https:\/\/san-fernando.com\/de\/wp-json\/wp\/v2\/users\/1"}],"replies":[{"embeddable":true,"href":"https:\/\/san-fernando.com\/de\/wp-json\/wp\/v2\/comments?post=14740"}],"version-history":[{"count":0,"href":"https:\/\/san-fernando.com\/de\/wp-json\/wp\/v2\/pages\/14740\/revisions"}],"wp:attachment":[{"href":"https:\/\/san-fernando.com\/de\/wp-json\/wp\/v2\/media?parent=14740"}],"curies":[{"name":"wp","href":"https:\/\/api.w.org\/{rel}","templated":true}]}}