{"id":14779,"date":"2015-11-18T08:34:00","date_gmt":"2015-11-18T07:34:00","guid":{"rendered":"https:\/\/san-fernando.com\/ueber-uns\/"},"modified":"2023-09-20T12:51:15","modified_gmt":"2023-09-20T10:51:15","slug":"ueber-uns","status":"publish","type":"page","link":"https:\/\/san-fernando.com\/de\/ueber-uns\/","title":{"rendered":"\u00dcber uns"},"content":{"rendered":"<div class=\"wpb-content-wrapper\"><p>[vc_row css=&#8220;.vc_custom_1471019067901{padding-top: 30px !important;}&#8220;][vc_column]<div class=\"thim-widget-heading template-base\"><div class=\"sc_heading  text-center\"><h3 style=\"text-transform: uppercase;\" class=\"title\">\u00dcBER UNS<\/h3><p class=\"sub-heading\" style=\"\">Instituto San Fernando<\/p><\/div><\/div>[\/vc_column][\/vc_row][vc_row disable_element=&#8220;yes&#8220;][vc_column width=&#8220;1\/4&#8243;]<div class=\"thim-widget-counters-box template-base\"><div class=\"counter-box about-us\" style=\"\"><div class=\"content-box-percentage\">\n\t\t<div class=\"wrap-percentage\">\n\t\t<div class=\"display-percentage\" data-percentage=\"55000\" >55000<\/div><div class=\"text_number\"><\/div><\/div><div class=\"counter-content-container\"><div class=\"counter-box-content\" style=\"\">FOREIGN FOLLOWERS<\/div><\/div><\/div><\/div><\/div>[\/vc_column][vc_column width=&#8220;1\/4&#8243;]<div class=\"thim-widget-counters-box template-base\"><div class=\"counter-box about-us\" style=\"\"><div class=\"content-box-percentage\">\n\t\t<div class=\"wrap-percentage\">\n\t\t<div class=\"display-percentage\" data-percentage=\"60\" >60<\/div><div class=\"text_number\"><\/div><\/div><div class=\"counter-content-container\"><div class=\"counter-box-content\" style=\"\">CERTIFIED TEACHERS<\/div><\/div><\/div><\/div><\/div>[\/vc_column][vc_column width=&#8220;1\/4&#8243;]<div class=\"thim-widget-counters-box template-base\"><div class=\"counter-box about-us\" style=\"\"><div class=\"content-box-percentage\">\n\t\t<div class=\"wrap-percentage\">\n\t\t<div class=\"display-percentage\" data-percentage=\"2240\" >2240<\/div><div class=\"text_number\"><\/div><\/div><div class=\"counter-content-container\"><div class=\"counter-box-content\" style=\"\">STUDENTS ENROLLED<\/div><\/div><\/div><\/div><\/div>[\/vc_column][vc_column width=&#8220;1\/4&#8243;]<div class=\"thim-widget-counters-box template-base\"><div class=\"counter-box about-us\" style=\"\"><div class=\"content-box-percentage\">\n\t\t<div class=\"wrap-percentage\">\n\t\t<div class=\"display-percentage\" data-percentage=\"215\" >215<\/div><div class=\"text_number\"><\/div><\/div><div class=\"counter-content-container\"><div class=\"counter-box-content\" style=\"\">COMPLETE COURSES<\/div><\/div><\/div><\/div><\/div>[\/vc_column][\/vc_row][vc_row][vc_column][vc_column_text]<\/p>\n<p style=\"text-align: justify;\">Seit 1996 widmet sich das Instituto San Fernando (ISF) dem Unterrichten von Spanisch als Fremdsprache.<\/p>\n<p style=\"text-align: justify;\">Wir sind ein dynamisches Team, welches Professionalit\u00e4t, Erfahrung, Service und pers\u00f6nliches Engagement zu bieten hat.<\/p>\n<p style=\"text-align: justify;\">Unser Ziel ist es, Sch\u00fcler*innen Spanisch auf eine Art beizubringen, durch die sie die Sprache in verschiedenen Situationen und Umgebungen einsetzen k\u00f6nnen und dar\u00fcber hinaus einen Einblick in die spanische Kultur erhalten. Um dies zu erreichen, bem\u00fchen wir uns, die Sprache in einem angemessenen kulturellen Kontext zu unterrichten.<\/p>\n<p style=\"text-align: justify;\">Vom ersten Tag des Aufenthalts an legen wir gro\u03b2en Wert darauf, dass unsere Sch\u00fcler*innen das im Klassenzimmer Erlernte in Alltagssituationen in die Praxis umsetzen. Diese Methode ist modern, kreativ, herausfordernd und effektiv; aber vor allem ist sie praktisch, kommunikativ und macht Spass. Die Sch\u00fcler*innen sind unser Hauptaugenmerk. Sie leben und lernen in dem Land, in dem die Sprache gesprochen wird \u2013 sie wenden sie in ihrem vor\u00fcbergehenden Zuhause, im Klassenzimmer und auf der Stra\u00dfe an und erkunden so jeden Tag neue Denk- und Sichtweisen und stehen somit in stetigem Kontakt mit ihrer Umgebung. Wir haben es zu unserer Herausforderung gemacht, die spanische Sprache und Kultur, innerhalb und au\u03b2erhalb des Klassenzimmers in Situationen des t\u00e4glichen Lebens zu vermitteln!<\/p>\n<p style=\"text-align: justify;\">Die schnellen Fortschritte unserer Sprachsch\u00fcler*innen ist die Belohnung f\u00fcr unsere M\u00fchen und best\u00e4tigt den Erfolg unserer Arbeitsweise!<\/p>\n<p>[\/vc_column_text][vc_empty_space]<div class=\"thim-widget-single-images template-single-images\">\n<div class=\"single-image text-center\"><img src =\"https:\/\/san-fernando.com\/wp-content\/uploads\/2023\/08\/quienes-somos.jpg\" width=\"1500\" height=\"904\" alt=\"\"\/><\/div><\/div>[vc_empty_space height=&#8220;20px&#8220;][\/vc_column][\/vc_row][vc_row css=&#8220;.vc_custom_1471019067901{padding-top: 30px !important;}&#8220;][vc_column]<div class=\"thim-widget-heading template-base\"><div class=\"sc_heading  text-center\"><h3 style=\"text-transform: uppercase;\" class=\"title\">UNSERE PROGRAMME SETZEN SICH ZUSAMMEN AUS<\/h3><p class=\"sub-heading\" style=\"\">Instituto San Fernando<\/p><\/div><\/div>[\/vc_column][\/vc_row][vc_row css=&#8220;.vc_custom_1471796791252{margin-bottom: 63px !important;}&#8220;][vc_column width=&#8220;1\/2&#8243; css=&#8220;.vc_custom_1471796770554{margin-bottom: 30px !important;}&#8220;][vc_column_text]<\/p>\n<h3 class=\"thim-text-title\">Unterricht zur spanischen Sprache und Kultur .<\/h3>\n<p style=\"text-align: justify;\">Unsere Programme versprechen dir, viele neue, wertvolle Erfahrungen zu machen, da du sehen wirst, wie es ist, im Ausland zu leben und zu lernen w\u00e4hrend du versuchst, dich einer anderen Kultur anzupassen&#8230;<\/p>\n<p>[\/vc_column_text][vc_column_text]<\/p>\n<h3 class=\"thim-text-title\" style=\"text-align: justify;\">Soziokulturelle Freizeitaktivit\u00e4ten mit geschulten ISF-Koordinatoren .<\/h3>\n<p style=\"text-align: justify;\">Unsere Aktivit\u00e4ten haben den Zweck, die zwischenmenschlichen Beziehungen nicht nur unter den Sch\u00fcler*innen&#8230;<\/p>\n<p>[\/vc_column_text][\/vc_column][vc_column width=&#8220;1\/2&#8243; css=&#8220;.vc_custom_1471796781968{margin-bottom: 30px !important;}&#8220;][vc_column_text]<\/p>\n<h3 class=\"thim-text-title\" style=\"text-align: justify;\">Unterbringung in ausgew\u00e4hlten Gastfamilien f\u00fcr ein komplettes Eintauchen in die spanische Kultur.<\/h3>\n<p style=\"text-align: justify;\">Wir vom ISF sind \u00fcberzeugt, dass das Leben unter einem Dach mit einer Gastfamilie die beste Gelegenheit ist, die spanische Kultur voll zu erleben. S\u00e4mtliche Gastfamilien werden mit der gr\u00f6\u00dften Sorgfalt und Gewissenhaftigkeit von unseren Zust\u00e4ndigen f\u00fcr Unterkunft ausgew\u00e4hlt&#8230;<\/p>\n<p>[\/vc_column_text][vc_column_text]<\/p>\n<h3 class=\"thim-text-title\" style=\"text-align: justify;\">Sie finden unsere Einrichtungen in den sch\u00f6nsten St\u00e4dten Spaniens.<\/h3>\n<p style=\"text-align: justify;\">Sevilla, Valencia, Granada, C\u00e1diz, Salamanca, Madrid, Toledo, Santiago de Compostela, M\u00e1laga, Barcelona und Gran Canaria. Dort organisieren wir ma\u03b2geschneiderte Sprachprogramme f\u00fcr staatliche Instanzen, Hochschulen, Gymnasien, Berufsschulen und weitere Einrichtungen.<\/p>\n<p>[\/vc_column_text][\/vc_column][\/vc_row][vc_row][vc_column width=&#8220;1\/3&#8243;]<div class=\"thim-widget-single-images template-single-images\">\n<div class=\"single-image text-center\"><img src =\"https:\/\/san-fernando.com\/wp-content\/uploads\/2023\/08\/nuestros-programas-01.jpg\" width=\"576\" height=\"576\" alt=\"\"\/><\/div><\/div>[\/vc_column][vc_column width=&#8220;1\/3&#8243;]<div class=\"thim-widget-single-images template-single-images\">\n<div class=\"single-image text-center\"><img src =\"https:\/\/san-fernando.com\/wp-content\/uploads\/2023\/08\/nuestros-programas-03.jpg\" width=\"576\" height=\"576\" alt=\"\"\/><\/div><\/div>[\/vc_column][vc_column width=&#8220;1\/3&#8243;]<div class=\"thim-widget-single-images template-single-images\">\n<div class=\"single-image text-center\"><img src =\"https:\/\/san-fernando.com\/wp-content\/uploads\/2023\/08\/nuestros-programas-05.jpg\" width=\"576\" height=\"576\" alt=\"\"\/><\/div><\/div>[\/vc_column][\/vc_row][vc_row full_width=&#8220;stretch_row_content_no_spaces&#8220; parallax=&#8220;content-moving&#8220; parallax_image=&#8220;2935&#8243; parallax_speed_bg=&#8220;1.3&#8243;][vc_column][vc_empty_space][\/vc_column][\/vc_row][vc_row disable_element=&#8220;yes&#8220;][vc_column]<div class=\"thim-widget-heading template-base\"><div class=\"sc_heading  text-center\"><h3 style=\"text-transform: uppercase;\" class=\"title\">Unser Team<\/h3><p class=\"sub-heading\" style=\"\">Instituto San Fernando<\/p><\/div><\/div>[\/vc_column][\/vc_row][vc_row disable_element=&#8220;yes&#8220; el_class=&#8220;thim-no-margin-bottom&#8220;][vc_column][thim-our-team number_post=&#8220;8&#8243; layout_demo_elegant=&#8220;true&#8220; text_link=&#8220;Join Our Team&#8220; link=&#8220;#&#8220; link_member=&#8220;yes&#8220;][\/vc_column][\/vc_row]<\/p>\n<\/div>","protected":false},"excerpt":{"rendered":"<p>[vc_row css=&#8220;.vc_custom_1471019067901{padding-top: 30px !important;}&#8220;][vc_column][\/vc_column][\/vc_row][vc_row disable_element=&#8220;yes&#8220;][vc_column width=&#8220;1\/4&#8243;][\/vc_column][vc_column width=&#8220;1\/4&#8243;][\/vc_column][vc_column width=&#8220;1\/4&#8243;][\/vc_column][vc_column width=&#8220;1\/4&#8243;][\/vc_column][\/vc_row][vc_row][vc_column][vc_column_text] Seit 1996 widmet sich das Instituto San Fernando (ISF) dem Unterrichten von Spanisch als Fremdsprache. Wir sind ein dynamisches Team, welches Professionalit\u00e4t, Erfahrung, Service und pers\u00f6nliches Engagement zu bieten hat. Unser &hellip; <\/p>\n","protected":false},"author":1,"featured_media":0,"parent":0,"menu_order":0,"comment_status":"closed","ping_status":"closed","template":"","meta":{"footnotes":""},"class_list":["post-14779","page","type-page","status-publish","hentry"],"yoast_head":"<!-- This site is optimized with the Yoast SEO plugin v25.1 - https:\/\/yoast.com\/wordpress\/plugins\/seo\/ -->\n<title>\u00dcber uns - INSTITUTO SAN FERNANDO<\/title>\n<meta name=\"robots\" content=\"index, follow, max-snippet:-1, max-image-preview:large, max-video-preview:-1\" \/>\n<link rel=\"canonical\" href=\"https:\/\/san-fernando.com\/de\/ueber-uns\/\" \/>\n<meta property=\"og:locale\" content=\"de_DE\" \/>\n<meta property=\"og:type\" content=\"article\" \/>\n<meta property=\"og:title\" content=\"\u00dcber uns - INSTITUTO SAN FERNANDO\" \/>\n<meta property=\"og:description\" content=\"[vc_row css=&#8220;.vc_custom_1471019067901{padding-top: 30px !important;}&#8220;][vc_column][\/vc_column][\/vc_row][vc_row disable_element=&#8220;yes&#8220;][vc_column width=&#8220;1\/4&#8243;][\/vc_column][vc_column width=&#8220;1\/4&#8243;][\/vc_column][vc_column width=&#8220;1\/4&#8243;][\/vc_column][vc_column width=&#8220;1\/4&#8243;][\/vc_column][\/vc_row][vc_row][vc_column][vc_column_text] Seit 1996 widmet sich das Instituto San Fernando (ISF) dem Unterrichten von Spanisch als Fremdsprache. Wir sind ein dynamisches Team, welches Professionalit\u00e4t, Erfahrung, Service und pers\u00f6nliches Engagement zu bieten hat. Unser &hellip;\" \/>\n<meta property=\"og:url\" content=\"https:\/\/san-fernando.com\/de\/ueber-uns\/\" \/>\n<meta property=\"og:site_name\" content=\"INSTITUTO SAN FERNANDO\" \/>\n<meta property=\"article:publisher\" content=\"https:\/\/es-es.facebook.com\/InstitutoSanFernando.ISF\/\" \/>\n<meta property=\"article:modified_time\" content=\"2023-09-20T10:51:15+00:00\" \/>\n<meta name=\"twitter:card\" content=\"summary_large_image\" \/>\n<meta name=\"twitter:label1\" content=\"Gesch\u00e4tzte Lesezeit\" \/>\n\t<meta name=\"twitter:data1\" content=\"3\u00a0Minuten\" \/>\n<script type=\"application\/ld+json\" class=\"yoast-schema-graph\">{\"@context\":\"https:\/\/schema.org\",\"@graph\":[{\"@type\":\"WebPage\",\"@id\":\"https:\/\/san-fernando.com\/de\/ueber-uns\/\",\"url\":\"https:\/\/san-fernando.com\/de\/ueber-uns\/\",\"name\":\"\u00dcber uns - INSTITUTO SAN FERNANDO\",\"isPartOf\":{\"@id\":\"https:\/\/san-fernando.com\/#website\"},\"datePublished\":\"2015-11-18T07:34:00+00:00\",\"dateModified\":\"2023-09-20T10:51:15+00:00\",\"breadcrumb\":{\"@id\":\"https:\/\/san-fernando.com\/de\/ueber-uns\/#breadcrumb\"},\"inLanguage\":\"de\",\"potentialAction\":[{\"@type\":\"ReadAction\",\"target\":[\"https:\/\/san-fernando.com\/de\/ueber-uns\/\"]}]},{\"@type\":\"BreadcrumbList\",\"@id\":\"https:\/\/san-fernando.com\/de\/ueber-uns\/#breadcrumb\",\"itemListElement\":[{\"@type\":\"ListItem\",\"position\":1,\"name\":\"Portada\",\"item\":\"https:\/\/san-fernando.com\/de\/\"},{\"@type\":\"ListItem\",\"position\":2,\"name\":\"\u00dcber uns\"}]},{\"@type\":\"WebSite\",\"@id\":\"https:\/\/san-fernando.com\/#website\",\"url\":\"https:\/\/san-fernando.com\/\",\"name\":\"INSTITUTO SAN FERNANDO\",\"description\":\"INSTITUTO SAN FERNANDO\",\"publisher\":{\"@id\":\"https:\/\/san-fernando.com\/#organization\"},\"potentialAction\":[{\"@type\":\"SearchAction\",\"target\":{\"@type\":\"EntryPoint\",\"urlTemplate\":\"https:\/\/san-fernando.com\/?s={search_term_string}\"},\"query-input\":{\"@type\":\"PropertyValueSpecification\",\"valueRequired\":true,\"valueName\":\"search_term_string\"}}],\"inLanguage\":\"de\"},{\"@type\":\"Organization\",\"@id\":\"https:\/\/san-fernando.com\/#organization\",\"name\":\"INSTITUTO SAN FERNANDO\",\"url\":\"https:\/\/san-fernando.com\/\",\"logo\":{\"@type\":\"ImageObject\",\"inLanguage\":\"de\",\"@id\":\"https:\/\/san-fernando.com\/#\/schema\/logo\/image\/\",\"url\":\"https:\/\/san-fernando.com\/wp-content\/uploads\/2023\/08\/Instituto-San-Fernando-logotipo-350w.png\",\"contentUrl\":\"https:\/\/san-fernando.com\/wp-content\/uploads\/2023\/08\/Instituto-San-Fernando-logotipo-350w.png\",\"width\":350,\"height\":48,\"caption\":\"INSTITUTO SAN FERNANDO\"},\"image\":{\"@id\":\"https:\/\/san-fernando.com\/#\/schema\/logo\/image\/\"},\"sameAs\":[\"https:\/\/es-es.facebook.com\/InstitutoSanFernando.ISF\/\",\"https:\/\/www.instagram.com\/institutosanfernando\/\"]}]}<\/script>\n<!-- \/ Yoast SEO plugin. -->","yoast_head_json":{"title":"\u00dcber uns - INSTITUTO SAN FERNANDO","robots":{"index":"index","follow":"follow","max-snippet":"max-snippet:-1","max-image-preview":"max-image-preview:large","max-video-preview":"max-video-preview:-1"},"canonical":"https:\/\/san-fernando.com\/de\/ueber-uns\/","og_locale":"de_DE","og_type":"article","og_title":"\u00dcber uns - INSTITUTO SAN FERNANDO","og_description":"[vc_row css=&#8220;.vc_custom_1471019067901{padding-top: 30px !important;}&#8220;][vc_column][\/vc_column][\/vc_row][vc_row disable_element=&#8220;yes&#8220;][vc_column width=&#8220;1\/4&#8243;][\/vc_column][vc_column width=&#8220;1\/4&#8243;][\/vc_column][vc_column width=&#8220;1\/4&#8243;][\/vc_column][vc_column width=&#8220;1\/4&#8243;][\/vc_column][\/vc_row][vc_row][vc_column][vc_column_text] Seit 1996 widmet sich das Instituto San Fernando (ISF) dem Unterrichten von Spanisch als Fremdsprache. Wir sind ein dynamisches Team, welches Professionalit\u00e4t, Erfahrung, Service und pers\u00f6nliches Engagement zu bieten hat. Unser &hellip;","og_url":"https:\/\/san-fernando.com\/de\/ueber-uns\/","og_site_name":"INSTITUTO SAN FERNANDO","article_publisher":"https:\/\/es-es.facebook.com\/InstitutoSanFernando.ISF\/","article_modified_time":"2023-09-20T10:51:15+00:00","twitter_card":"summary_large_image","twitter_misc":{"Gesch\u00e4tzte Lesezeit":"3\u00a0Minuten"},"schema":{"@context":"https:\/\/schema.org","@graph":[{"@type":"WebPage","@id":"https:\/\/san-fernando.com\/de\/ueber-uns\/","url":"https:\/\/san-fernando.com\/de\/ueber-uns\/","name":"\u00dcber uns - INSTITUTO SAN FERNANDO","isPartOf":{"@id":"https:\/\/san-fernando.com\/#website"},"datePublished":"2015-11-18T07:34:00+00:00","dateModified":"2023-09-20T10:51:15+00:00","breadcrumb":{"@id":"https:\/\/san-fernando.com\/de\/ueber-uns\/#breadcrumb"},"inLanguage":"de","potentialAction":[{"@type":"ReadAction","target":["https:\/\/san-fernando.com\/de\/ueber-uns\/"]}]},{"@type":"BreadcrumbList","@id":"https:\/\/san-fernando.com\/de\/ueber-uns\/#breadcrumb","itemListElement":[{"@type":"ListItem","position":1,"name":"Portada","item":"https:\/\/san-fernando.com\/de\/"},{"@type":"ListItem","position":2,"name":"\u00dcber uns"}]},{"@type":"WebSite","@id":"https:\/\/san-fernando.com\/#website","url":"https:\/\/san-fernando.com\/","name":"INSTITUTO SAN FERNANDO","description":"INSTITUTO SAN FERNANDO","publisher":{"@id":"https:\/\/san-fernando.com\/#organization"},"potentialAction":[{"@type":"SearchAction","target":{"@type":"EntryPoint","urlTemplate":"https:\/\/san-fernando.com\/?s={search_term_string}"},"query-input":{"@type":"PropertyValueSpecification","valueRequired":true,"valueName":"search_term_string"}}],"inLanguage":"de"},{"@type":"Organization","@id":"https:\/\/san-fernando.com\/#organization","name":"INSTITUTO SAN FERNANDO","url":"https:\/\/san-fernando.com\/","logo":{"@type":"ImageObject","inLanguage":"de","@id":"https:\/\/san-fernando.com\/#\/schema\/logo\/image\/","url":"https:\/\/san-fernando.com\/wp-content\/uploads\/2023\/08\/Instituto-San-Fernando-logotipo-350w.png","contentUrl":"https:\/\/san-fernando.com\/wp-content\/uploads\/2023\/08\/Instituto-San-Fernando-logotipo-350w.png","width":350,"height":48,"caption":"INSTITUTO SAN FERNANDO"},"image":{"@id":"https:\/\/san-fernando.com\/#\/schema\/logo\/image\/"},"sameAs":["https:\/\/es-es.facebook.com\/InstitutoSanFernando.ISF\/","https:\/\/www.instagram.com\/institutosanfernando\/"]}]}},"_links":{"self":[{"href":"https:\/\/san-fernando.com\/de\/wp-json\/wp\/v2\/pages\/14779"}],"collection":[{"href":"https:\/\/san-fernando.com\/de\/wp-json\/wp\/v2\/pages"}],"about":[{"href":"https:\/\/san-fernando.com\/de\/wp-json\/wp\/v2\/types\/page"}],"author":[{"embeddable":true,"href":"https:\/\/san-fernando.com\/de\/wp-json\/wp\/v2\/users\/1"}],"replies":[{"embeddable":true,"href":"https:\/\/san-fernando.com\/de\/wp-json\/wp\/v2\/comments?post=14779"}],"version-history":[{"count":0,"href":"https:\/\/san-fernando.com\/de\/wp-json\/wp\/v2\/pages\/14779\/revisions"}],"wp:attachment":[{"href":"https:\/\/san-fernando.com\/de\/wp-json\/wp\/v2\/media?parent=14779"}],"curies":[{"name":"wp","href":"https:\/\/api.w.org\/{rel}","templated":true}]}}