{"id":14819,"date":"2023-08-16T12:56:16","date_gmt":"2023-08-16T10:56:16","guid":{"rendered":"https:\/\/san-fernando.com\/unterbringung-in-familien\/"},"modified":"2023-09-20T12:52:29","modified_gmt":"2023-09-20T10:52:29","slug":"unterbringung-in-familien","status":"publish","type":"page","link":"https:\/\/san-fernando.com\/de\/unterbringung-in-familien\/","title":{"rendered":"Unterbringung in familien"},"content":{"rendered":"<div class=\"wpb-content-wrapper\"><p>[vc_row full_width=&#8220;stretch_row&#8220; css=&#8220;.vc_custom_1692013516033{padding-bottom: 20px !important;}&#8220;][vc_column width=&#8220;1\/2&#8243;]<div class=\"thim-widget-heading template-base\"><div class=\"sc_heading  text-center\"><h3 style=\"text-transform: uppercase;\" class=\"title\">FAMILIENUNTERKUNFT<\/h3><p class=\"sub-heading\" style=\"\">Instituto San Fernando<\/p><span class=\"line\"><\/span><\/div><\/div>[vc_empty_space height=&#8220;10px&#8220;][vc_column_text]<\/p>\n<p style=\"text-align: justify;\">Wir vom ISF sind \u00fcberzeugt davon, dass die Unterbringung in einer Familie als Gast die beste Gelegenheit ist, die spanische Kultur voll nud ganz mitzuerleben. S\u00e4mtliche Gastfamilien wurden mit der gr\u00f6\u00dften Sorgfalt und Gewissenhaftigkeit von unserem Team ausgew\u00e4hlt. Der gr\u00f6\u00dfte Vorteil in einer Gastfamilie zu leben besteht darin, die ganze Zeit \u00fcber ausschlie\u00dflich auf Spanisch zu kommunizieren.<\/p>\n<p style=\"text-align: justify;\">Unsere Studenten lernen die spanische Sprache w\u00e4hrend der t\u00e4glichen Konversationen, bei deen sie auch mit den Gebr\u00e4uchen, der Kultur und dem spanischen Lebensstil vertraut werden. Ein weiterer und bedeutender Vorteil ist auch die Gelegenheit, die authentische spanische K\u00fcche auszukosten.<\/p>\n<p style=\"text-align: justify;\">Die spanischen Familien bieten ihren G\u00e4sten die Geborgenheit ihres Heims mit ihrer warmherzigen Gesellschaft und Konversation. Die Familien sind sehr gastfreundlich und unterhalten sich gern mit ausl\u00e4ndischen Studenten. Denen sie in einer ruhigen Atmosph\u00e4re ihre Aufmerksamkeit widmen.<br \/>\nEinige Familien haben Kinder, andere haben Haustiere, andere wieder ziehen es vor, als Paar zu leben. Einige widmen den Gaststudenten viel Zeit, andere stellen es den Studenten frei, selbst Erfahrungen zu machen und allein zu lernen. Es gibt also f\u00fcr jeden die passende Familie! Esr besteht au\u00dferdem die M\u00f6glichkeit, mit einem Freund bzw. Einer Freundin in der gleichen Familie zu wohnen, in diesem Fall sagt bitte rechtzeitig Bescheid.<\/p>\n<p style=\"text-align: justify;\">Die Unterbringung bei einem Freund in der gleichen Gastfamilie ist ebenfalls m\u00f6glich, wenn der Sch\u00fcler uns rechtzeitig Bescheid gibt. M\u00f6glich ist das gemeinsame Wohnen jedoch nur bei Sch\u00fclern des gleichen Geschlechts, da das ISF nicht die Gewohnheit hat, Jungs und M\u00e4dchen in ein und derselben Gastfamilie wohnen zu lassen.<\/p>\n<p style=\"text-align: justify;\">Die Studenten nehmen an der normalen Routine der Familie teil, die alle Mahlzeiten zubereitet *. Die W\u00e4sche der Studenten wird w\u00f6chentlich gewaschen.<\/p>\n<p>[\/vc_column_text][\/vc_column][vc_column width=&#8220;1\/2&#8243;][vc_empty_space height=&#8220;190px&#8220;]<div class=\"thim-widget-gallery-images template-base\"><div class=\"thim-carousel-wrapper gallery-img\" data-visible=\"1\" data-itemtablet=\"1\" data-itemmobile=\"1\" data-autoplay=\"1000\" data-navigation=\"0\" data-pagination=\"1\" data-loop=\"true\"><div class=\"item\"><img loading=\"lazy\" decoding=\"async\" width=\"800\" height=\"600\" src=\"https:\/\/san-fernando.com\/wp-content\/uploads\/2023\/08\/vacaciones-en-familia-isf-03.jpg\" class=\"attachment-500x500 size-500x500\" alt=\"\" srcset=\"https:\/\/san-fernando.com\/wp-content\/uploads\/2023\/08\/vacaciones-en-familia-isf-03.jpg 800w, https:\/\/san-fernando.com\/wp-content\/uploads\/2023\/08\/vacaciones-en-familia-isf-03-300x225.jpg 300w, https:\/\/san-fernando.com\/wp-content\/uploads\/2023\/08\/vacaciones-en-familia-isf-03-768x576.jpg 768w\" sizes=\"(max-width: 800px) 100vw, 800px\" \/><\/div><div class=\"item\"><img loading=\"lazy\" decoding=\"async\" width=\"800\" height=\"600\" src=\"https:\/\/san-fernando.com\/wp-content\/uploads\/2023\/08\/vacaciones-en-familia-isf-02.jpg\" class=\"attachment-500x500 size-500x500\" alt=\"\" srcset=\"https:\/\/san-fernando.com\/wp-content\/uploads\/2023\/08\/vacaciones-en-familia-isf-02.jpg 800w, https:\/\/san-fernando.com\/wp-content\/uploads\/2023\/08\/vacaciones-en-familia-isf-02-300x225.jpg 300w, https:\/\/san-fernando.com\/wp-content\/uploads\/2023\/08\/vacaciones-en-familia-isf-02-768x576.jpg 768w\" sizes=\"(max-width: 800px) 100vw, 800px\" \/><\/div><div class=\"item\"><img loading=\"lazy\" decoding=\"async\" width=\"800\" height=\"600\" src=\"https:\/\/san-fernando.com\/wp-content\/uploads\/2023\/08\/Lisa-Girelli-Mara-Cottini-Sara-Martini-2.jpg\" class=\"attachment-500x500 size-500x500\" alt=\"\" srcset=\"https:\/\/san-fernando.com\/wp-content\/uploads\/2023\/08\/Lisa-Girelli-Mara-Cottini-Sara-Martini-2.jpg 800w, https:\/\/san-fernando.com\/wp-content\/uploads\/2023\/08\/Lisa-Girelli-Mara-Cottini-Sara-Martini-2-300x225.jpg 300w, https:\/\/san-fernando.com\/wp-content\/uploads\/2023\/08\/Lisa-Girelli-Mara-Cottini-Sara-Martini-2-768x576.jpg 768w\" sizes=\"(max-width: 800px) 100vw, 800px\" \/><\/div><div class=\"item\"><img loading=\"lazy\" decoding=\"async\" width=\"800\" height=\"600\" src=\"https:\/\/san-fernando.com\/wp-content\/uploads\/2023\/08\/fotos-uga-091.jpg\" class=\"attachment-500x500 size-500x500\" alt=\"\" srcset=\"https:\/\/san-fernando.com\/wp-content\/uploads\/2023\/08\/fotos-uga-091.jpg 800w, https:\/\/san-fernando.com\/wp-content\/uploads\/2023\/08\/fotos-uga-091-300x225.jpg 300w, https:\/\/san-fernando.com\/wp-content\/uploads\/2023\/08\/fotos-uga-091-768x576.jpg 768w\" sizes=\"(max-width: 800px) 100vw, 800px\" \/><\/div><\/div><\/div>[\/vc_column][\/vc_row][vc_row css=&#8220;.vc_custom_1692183612015{background-color: #337ab7 !important;}&#8220;][vc_column]<div class=\"thim-widget-heading template-base\"><div class=\"sc_heading  text-center\"><h3 style=\"text-transform: uppercase;color:#ffffff;\" class=\"title\">``WIR TUN ALLES DAF\u00dcR, DAMIT SICH UNSERE SPRACHSCH\u00dcLER JEDEN TAG WIE ZU HAUSE F\u00dcHLEN``<\/h3><span style=\"background-color:#ffffff\" class=\"line\"><\/span><\/div><\/div>[\/vc_column][\/vc_row]<\/p>\n<\/div>","protected":false},"excerpt":{"rendered":"<p>[vc_row full_width=&#8220;stretch_row&#8220; css=&#8220;.vc_custom_1692013516033{padding-bottom: 20px !important;}&#8220;][vc_column width=&#8220;1\/2&#8243;][vc_empty_space height=&#8220;10px&#8220;][vc_column_text] Wir vom ISF sind \u00fcberzeugt davon, dass die Unterbringung in einer Familie als Gast die beste Gelegenheit ist, die spanische Kultur voll nud ganz mitzuerleben. S\u00e4mtliche Gastfamilien wurden mit der gr\u00f6\u00dften Sorgfalt und &hellip; <\/p>\n","protected":false},"author":1,"featured_media":0,"parent":0,"menu_order":0,"comment_status":"closed","ping_status":"closed","template":"","meta":{"footnotes":""},"class_list":["post-14819","page","type-page","status-publish","hentry"],"yoast_head":"<!-- This site is optimized with the Yoast SEO plugin v25.1 - https:\/\/yoast.com\/wordpress\/plugins\/seo\/ -->\n<title>Unterbringung in familien - INSTITUTO SAN FERNANDO<\/title>\n<meta name=\"robots\" content=\"index, follow, max-snippet:-1, max-image-preview:large, max-video-preview:-1\" \/>\n<link rel=\"canonical\" href=\"https:\/\/san-fernando.com\/de\/unterbringung-in-familien\/\" \/>\n<meta property=\"og:locale\" content=\"de_DE\" \/>\n<meta property=\"og:type\" content=\"article\" \/>\n<meta property=\"og:title\" content=\"Unterbringung in familien - INSTITUTO SAN FERNANDO\" \/>\n<meta property=\"og:description\" content=\"[vc_row full_width=&#8220;stretch_row&#8220; css=&#8220;.vc_custom_1692013516033{padding-bottom: 20px !important;}&#8220;][vc_column width=&#8220;1\/2&#8243;][vc_empty_space height=&#8220;10px&#8220;][vc_column_text] Wir vom ISF sind \u00fcberzeugt davon, dass die Unterbringung in einer Familie als Gast die beste Gelegenheit ist, die spanische Kultur voll nud ganz mitzuerleben. S\u00e4mtliche Gastfamilien wurden mit der gr\u00f6\u00dften Sorgfalt und &hellip;\" \/>\n<meta property=\"og:url\" content=\"https:\/\/san-fernando.com\/de\/unterbringung-in-familien\/\" \/>\n<meta property=\"og:site_name\" content=\"INSTITUTO SAN FERNANDO\" \/>\n<meta property=\"article:publisher\" content=\"https:\/\/es-es.facebook.com\/InstitutoSanFernando.ISF\/\" \/>\n<meta property=\"article:modified_time\" content=\"2023-09-20T10:52:29+00:00\" \/>\n<meta name=\"twitter:card\" content=\"summary_large_image\" \/>\n<meta name=\"twitter:label1\" content=\"Gesch\u00e4tzte Lesezeit\" \/>\n\t<meta name=\"twitter:data1\" content=\"2\u00a0Minuten\" \/>\n<script type=\"application\/ld+json\" class=\"yoast-schema-graph\">{\"@context\":\"https:\/\/schema.org\",\"@graph\":[{\"@type\":\"WebPage\",\"@id\":\"https:\/\/san-fernando.com\/de\/unterbringung-in-familien\/\",\"url\":\"https:\/\/san-fernando.com\/de\/unterbringung-in-familien\/\",\"name\":\"Unterbringung in familien - INSTITUTO SAN FERNANDO\",\"isPartOf\":{\"@id\":\"https:\/\/san-fernando.com\/#website\"},\"datePublished\":\"2023-08-16T10:56:16+00:00\",\"dateModified\":\"2023-09-20T10:52:29+00:00\",\"breadcrumb\":{\"@id\":\"https:\/\/san-fernando.com\/de\/unterbringung-in-familien\/#breadcrumb\"},\"inLanguage\":\"de\",\"potentialAction\":[{\"@type\":\"ReadAction\",\"target\":[\"https:\/\/san-fernando.com\/de\/unterbringung-in-familien\/\"]}]},{\"@type\":\"BreadcrumbList\",\"@id\":\"https:\/\/san-fernando.com\/de\/unterbringung-in-familien\/#breadcrumb\",\"itemListElement\":[{\"@type\":\"ListItem\",\"position\":1,\"name\":\"Portada\",\"item\":\"https:\/\/san-fernando.com\/de\/\"},{\"@type\":\"ListItem\",\"position\":2,\"name\":\"Unterbringung in familien\"}]},{\"@type\":\"WebSite\",\"@id\":\"https:\/\/san-fernando.com\/#website\",\"url\":\"https:\/\/san-fernando.com\/\",\"name\":\"INSTITUTO SAN FERNANDO\",\"description\":\"INSTITUTO SAN FERNANDO\",\"publisher\":{\"@id\":\"https:\/\/san-fernando.com\/#organization\"},\"potentialAction\":[{\"@type\":\"SearchAction\",\"target\":{\"@type\":\"EntryPoint\",\"urlTemplate\":\"https:\/\/san-fernando.com\/?s={search_term_string}\"},\"query-input\":{\"@type\":\"PropertyValueSpecification\",\"valueRequired\":true,\"valueName\":\"search_term_string\"}}],\"inLanguage\":\"de\"},{\"@type\":\"Organization\",\"@id\":\"https:\/\/san-fernando.com\/#organization\",\"name\":\"INSTITUTO SAN FERNANDO\",\"url\":\"https:\/\/san-fernando.com\/\",\"logo\":{\"@type\":\"ImageObject\",\"inLanguage\":\"de\",\"@id\":\"https:\/\/san-fernando.com\/#\/schema\/logo\/image\/\",\"url\":\"https:\/\/san-fernando.com\/wp-content\/uploads\/2023\/08\/Instituto-San-Fernando-logotipo-350w.png\",\"contentUrl\":\"https:\/\/san-fernando.com\/wp-content\/uploads\/2023\/08\/Instituto-San-Fernando-logotipo-350w.png\",\"width\":350,\"height\":48,\"caption\":\"INSTITUTO SAN FERNANDO\"},\"image\":{\"@id\":\"https:\/\/san-fernando.com\/#\/schema\/logo\/image\/\"},\"sameAs\":[\"https:\/\/es-es.facebook.com\/InstitutoSanFernando.ISF\/\",\"https:\/\/www.instagram.com\/institutosanfernando\/\"]}]}<\/script>\n<!-- \/ Yoast SEO plugin. -->","yoast_head_json":{"title":"Unterbringung in familien - INSTITUTO SAN FERNANDO","robots":{"index":"index","follow":"follow","max-snippet":"max-snippet:-1","max-image-preview":"max-image-preview:large","max-video-preview":"max-video-preview:-1"},"canonical":"https:\/\/san-fernando.com\/de\/unterbringung-in-familien\/","og_locale":"de_DE","og_type":"article","og_title":"Unterbringung in familien - INSTITUTO SAN FERNANDO","og_description":"[vc_row full_width=&#8220;stretch_row&#8220; css=&#8220;.vc_custom_1692013516033{padding-bottom: 20px !important;}&#8220;][vc_column width=&#8220;1\/2&#8243;][vc_empty_space height=&#8220;10px&#8220;][vc_column_text] Wir vom ISF sind \u00fcberzeugt davon, dass die Unterbringung in einer Familie als Gast die beste Gelegenheit ist, die spanische Kultur voll nud ganz mitzuerleben. S\u00e4mtliche Gastfamilien wurden mit der gr\u00f6\u00dften Sorgfalt und &hellip;","og_url":"https:\/\/san-fernando.com\/de\/unterbringung-in-familien\/","og_site_name":"INSTITUTO SAN FERNANDO","article_publisher":"https:\/\/es-es.facebook.com\/InstitutoSanFernando.ISF\/","article_modified_time":"2023-09-20T10:52:29+00:00","twitter_card":"summary_large_image","twitter_misc":{"Gesch\u00e4tzte Lesezeit":"2\u00a0Minuten"},"schema":{"@context":"https:\/\/schema.org","@graph":[{"@type":"WebPage","@id":"https:\/\/san-fernando.com\/de\/unterbringung-in-familien\/","url":"https:\/\/san-fernando.com\/de\/unterbringung-in-familien\/","name":"Unterbringung in familien - INSTITUTO SAN FERNANDO","isPartOf":{"@id":"https:\/\/san-fernando.com\/#website"},"datePublished":"2023-08-16T10:56:16+00:00","dateModified":"2023-09-20T10:52:29+00:00","breadcrumb":{"@id":"https:\/\/san-fernando.com\/de\/unterbringung-in-familien\/#breadcrumb"},"inLanguage":"de","potentialAction":[{"@type":"ReadAction","target":["https:\/\/san-fernando.com\/de\/unterbringung-in-familien\/"]}]},{"@type":"BreadcrumbList","@id":"https:\/\/san-fernando.com\/de\/unterbringung-in-familien\/#breadcrumb","itemListElement":[{"@type":"ListItem","position":1,"name":"Portada","item":"https:\/\/san-fernando.com\/de\/"},{"@type":"ListItem","position":2,"name":"Unterbringung in familien"}]},{"@type":"WebSite","@id":"https:\/\/san-fernando.com\/#website","url":"https:\/\/san-fernando.com\/","name":"INSTITUTO SAN FERNANDO","description":"INSTITUTO SAN FERNANDO","publisher":{"@id":"https:\/\/san-fernando.com\/#organization"},"potentialAction":[{"@type":"SearchAction","target":{"@type":"EntryPoint","urlTemplate":"https:\/\/san-fernando.com\/?s={search_term_string}"},"query-input":{"@type":"PropertyValueSpecification","valueRequired":true,"valueName":"search_term_string"}}],"inLanguage":"de"},{"@type":"Organization","@id":"https:\/\/san-fernando.com\/#organization","name":"INSTITUTO SAN FERNANDO","url":"https:\/\/san-fernando.com\/","logo":{"@type":"ImageObject","inLanguage":"de","@id":"https:\/\/san-fernando.com\/#\/schema\/logo\/image\/","url":"https:\/\/san-fernando.com\/wp-content\/uploads\/2023\/08\/Instituto-San-Fernando-logotipo-350w.png","contentUrl":"https:\/\/san-fernando.com\/wp-content\/uploads\/2023\/08\/Instituto-San-Fernando-logotipo-350w.png","width":350,"height":48,"caption":"INSTITUTO SAN FERNANDO"},"image":{"@id":"https:\/\/san-fernando.com\/#\/schema\/logo\/image\/"},"sameAs":["https:\/\/es-es.facebook.com\/InstitutoSanFernando.ISF\/","https:\/\/www.instagram.com\/institutosanfernando\/"]}]}},"_links":{"self":[{"href":"https:\/\/san-fernando.com\/de\/wp-json\/wp\/v2\/pages\/14819"}],"collection":[{"href":"https:\/\/san-fernando.com\/de\/wp-json\/wp\/v2\/pages"}],"about":[{"href":"https:\/\/san-fernando.com\/de\/wp-json\/wp\/v2\/types\/page"}],"author":[{"embeddable":true,"href":"https:\/\/san-fernando.com\/de\/wp-json\/wp\/v2\/users\/1"}],"replies":[{"embeddable":true,"href":"https:\/\/san-fernando.com\/de\/wp-json\/wp\/v2\/comments?post=14819"}],"version-history":[{"count":0,"href":"https:\/\/san-fernando.com\/de\/wp-json\/wp\/v2\/pages\/14819\/revisions"}],"wp:attachment":[{"href":"https:\/\/san-fernando.com\/de\/wp-json\/wp\/v2\/media?parent=14819"}],"curies":[{"name":"wp","href":"https:\/\/api.w.org\/{rel}","templated":true}]}}