{"id":14842,"date":"2023-08-17T12:00:59","date_gmt":"2023-08-17T10:00:59","guid":{"rendered":"https:\/\/san-fernando.com\/sevilla\/"},"modified":"2023-09-21T14:00:21","modified_gmt":"2023-09-21T12:00:21","slug":"sevilla","status":"publish","type":"page","link":"https:\/\/san-fernando.com\/de\/sevilla\/","title":{"rendered":"Sevilla"},"content":{"rendered":"<div class=\"wpb-content-wrapper\"><p>[vc_row][vc_column]<div class=\"thim-widget-heading template-base\"><div class=\"sc_heading  text-center\"><h3 style=\"text-transform: uppercase;\" class=\"title\">Sevilla<\/h3><span class=\"line\"><\/span><\/div><\/div><div class=\"thim-widget-single-images template-single-images\">\n<div class=\"single-image text-center\"><img src =\"https:\/\/san-fernando.com\/wp-content\/uploads\/2023\/08\/skyline-sevilla.png\" width=\"800\" height=\"129\" alt=\"\"\/><\/div><\/div>[vc_empty_space][vc_column_text]<\/p>\n<p style=\"text-align: justify;\">Sevilla tiene pasi\u00f3n. Aqu\u00ed es donde el flamenco, las corridas de toros, Don Juan, Carmen, Semana Santa y la Feria de Abril pueden ser vistos y sentidos por cualquiera.<\/p>\n<p style=\"text-align: justify;\">Sevilla es el pasado. La ciudad romana de It\u00e1lica, la torre de la Giralda con sus influencias morisca y cristiana, la Torre del Oro, el Alc\u00e1zar, la mayor ciudad antigua de toda Europa, Palacio Real), la tercera catedral m\u00e1s grande del mundo \u2026 y eso fue todo antes del Siglo de Oro de Espa\u00f1a, cuando Sevilla fue el centro del Imperio espa\u00f1ol, famoso por el esplendor con el que ninguna otra ciudad se pod\u00eda comparar.<\/p>\n<p style=\"text-align: justify;\">Sevilla es tambi\u00e9n el futuro, una ciudad moderna, abierta al progreso, sobre todo desde 1992, cuando acogi\u00f3 la \u00faltima Expo del siglo XX. Pero sin duda, el mejor atractivo de Sevilla es su gente, tan c\u00e1lida y animada como en cualquier lugar de Espa\u00f1a, siempre est\u00e1 dispuesta a ayudar a los visitantes, y encantada de compartir su alegr\u00eda y las tradiciones locales.<\/p>\n<p>[\/vc_column_text][vc_empty_space][vc_images_carousel images=&#8220;14200,14205,14210,14215,14220,14225,14230&#8243; img_size=&#8220;full&#8220; onclick=&#8220;link_no&#8220; speed=&#8220;3000&#8243; slides_per_view=&#8220;3&#8243; autoplay=&#8220;yes&#8220; hide_prev_next_buttons=&#8220;yes&#8220; wrap=&#8220;yes&#8220;][\/vc_column][\/vc_row][vc_row][vc_column]<div class=\"thim-widget-heading template-base\"><div class=\"sc_heading  text-center\"><h3 style=\"text-transform: uppercase;\" class=\"title\">Excursiones desde Sevilla<\/h3><span class=\"line\"><\/span><\/div><\/div>[vc_column_text]<\/p>\n<p style=\"text-align: justify;\">Wir organisieren w\u00e4hrend deines Aufenthalts unterschiedliche Ausfl\u00fcge in der Umgebung der Stadt mit der Absicht, dir die Gelegenheit zu bieten, die Geschichte und Kultur der verschiedenen Gebiete Spaniens n\u00e4herzubringen.<\/p>\n<p style=\"text-align: justify;\">Diese Ausfl\u00fcge geh\u00f6ren zum akademischen Programm und dienen der Vertiefung und Auffrischung der in der Klasse erlernten Inhalte.<\/p>\n<p style=\"text-align: justify;\">Geschulte Koordinatoren und Lehrer leiten diese Aktivit\u00e4ten und erkl\u00e4ren auf verst\u00e4ndliche und unterhaltsame Weise historische Gegebenheiten und schm\u00fccken ihre Erz\u00e4hlungen mit kleinen Anekdoten aus.<\/p>\n<p>C\u00e1diz, C\u00f3rdoba, Granada, Osuna, It\u00e1lica, Carmona, Pueblos Blancos, Jerez de la Frontera, Lagos (Portugal), son algunos de los destinos.<\/p>\n<p><em>Wichtig: Falls es l\u00e4ngere Ausfl\u00fcge sind, wird im Hotel \u00fcbernachtet.<\/em>[\/vc_column_text][\/vc_column][\/vc_row][vc_row][vc_column]<div class=\"thim-widget-heading template-base\"><div class=\"sc_heading  text-center\"><h3 style=\"text-transform: uppercase;\" class=\"title\">Visitas culturales en Sevilla<\/h3><span class=\"line\"><\/span><\/div><\/div>[vc_column_text]<\/p>\n<p style=\"text-align: justify;\">Wir vom Fernando-Institut sind \u00fcberzeugt, dass der Erfolg eines Spanisch-Lehrprogramms nicht nur von der Qualit\u00e4t des Unterrichts abh\u00e4ngt, sondern auch vom Kultur- und Freizeitprogramm, das die Kultur dieses Landes richtig erleben l\u00e4sst.<\/p>\n<p style=\"text-align: justify;\">Die kulturellen Aktivit\u00e4ten unserer Programme sind so ausgedacht, dass unseren Studenten ein komplettes Bild der spanischen Kultur und Gesellschaft geboten wird. Dies basiert auf verschiedenen Kriterien, wie unserm hohen akademischen Niveau und dem pers\u00f6nlichen Interesse unserer Studenten.<\/p>\n<p style=\"text-align: justify;\">Alle Aktivit\u00e4ten werden sorgf\u00e4ltig geplant, Kommentare vor und nach dem Besuch im Auditorium, die Materialien werden an jeden Besuch angepasst und diese werden immer in Begleitung unserer Lehrer-Koordinatoren durchgef\u00fchrt.<\/p>\n<p style=\"text-align: justify;\">La Catedral de Sevilla, La Giralda, los Reales Alc\u00e1zares, el Barrio de Santa Cruz, los principales museos de la ciudad, la Plaza de Toros de la Real Maestranza, el paseo de Col\u00f3n y el barrio del Arenal, la Torreo del Oro y el Archivo de Indias, la Plaza de Espa\u00f1a, el parque de Mar\u00eda Luisa o un paseo por el sevillano barrio de Triana son algunas de nuestras propuestas.<\/p>\n<p>[\/vc_column_text][vc_empty_space][\/vc_column][\/vc_row][vc_row][vc_column width=&#8220;1\/3&#8243;][\/vc_column][vc_column width=&#8220;1\/3&#8243;]<div class=\"thim-widget-button template-base\"><a class=\"widget-button  no-border normal custom_style\" href=\"\/wp-content\/uploads\/2023\/09\/Catalogo-Espanol-1.pdf\" style=\"--widget-button-font-size: 18px;--widget-button-font-weight: bold;--widget-button-color: #ffffff;--widget-button-background-color: #337ab7;--widget-button-color-hover: #ffffff;--widget-button-background-color-hover: #000000;\">ERFAHREN SIE MEHR \u00dcBER UNSERE PROGRAMME<\/a><\/div>[\/vc_column][vc_column width=&#8220;1\/3&#8243;][\/vc_column][\/vc_row]<\/p>\n<\/div>","protected":false},"excerpt":{"rendered":"<p>[vc_row][vc_column][vc_empty_space][vc_column_text] Sevilla tiene pasi\u00f3n. Aqu\u00ed es donde el flamenco, las corridas de toros, Don Juan, Carmen, Semana Santa y la Feria de Abril pueden ser vistos y sentidos por cualquiera. Sevilla es el pasado. La ciudad romana de It\u00e1lica, la &hellip; <\/p>\n","protected":false},"author":1,"featured_media":0,"parent":0,"menu_order":0,"comment_status":"closed","ping_status":"closed","template":"","meta":{"footnotes":""},"class_list":["post-14842","page","type-page","status-publish","hentry"],"yoast_head":"<!-- This site is optimized with the Yoast SEO plugin v25.1 - https:\/\/yoast.com\/wordpress\/plugins\/seo\/ -->\n<title>Sevilla - INSTITUTO SAN FERNANDO<\/title>\n<meta name=\"robots\" content=\"index, follow, max-snippet:-1, max-image-preview:large, max-video-preview:-1\" \/>\n<link rel=\"canonical\" href=\"https:\/\/san-fernando.com\/de\/sevilla\/\" \/>\n<meta property=\"og:locale\" content=\"de_DE\" \/>\n<meta property=\"og:type\" content=\"article\" \/>\n<meta property=\"og:title\" content=\"Sevilla - INSTITUTO SAN FERNANDO\" \/>\n<meta property=\"og:description\" content=\"[vc_row][vc_column][vc_empty_space][vc_column_text] Sevilla tiene pasi\u00f3n. Aqu\u00ed es donde el flamenco, las corridas de toros, Don Juan, Carmen, Semana Santa y la Feria de Abril pueden ser vistos y sentidos por cualquiera. Sevilla es el pasado. La ciudad romana de It\u00e1lica, la &hellip;\" \/>\n<meta property=\"og:url\" content=\"https:\/\/san-fernando.com\/de\/sevilla\/\" \/>\n<meta property=\"og:site_name\" content=\"INSTITUTO SAN FERNANDO\" \/>\n<meta property=\"article:publisher\" content=\"https:\/\/es-es.facebook.com\/InstitutoSanFernando.ISF\/\" \/>\n<meta property=\"article:modified_time\" content=\"2023-09-21T12:00:21+00:00\" \/>\n<meta name=\"twitter:card\" content=\"summary_large_image\" \/>\n<meta name=\"twitter:label1\" content=\"Gesch\u00e4tzte Lesezeit\" \/>\n\t<meta name=\"twitter:data1\" content=\"3\u00a0Minuten\" \/>\n<script type=\"application\/ld+json\" class=\"yoast-schema-graph\">{\"@context\":\"https:\/\/schema.org\",\"@graph\":[{\"@type\":\"WebPage\",\"@id\":\"https:\/\/san-fernando.com\/de\/sevilla\/\",\"url\":\"https:\/\/san-fernando.com\/de\/sevilla\/\",\"name\":\"Sevilla - INSTITUTO SAN FERNANDO\",\"isPartOf\":{\"@id\":\"https:\/\/san-fernando.com\/#website\"},\"datePublished\":\"2023-08-17T10:00:59+00:00\",\"dateModified\":\"2023-09-21T12:00:21+00:00\",\"breadcrumb\":{\"@id\":\"https:\/\/san-fernando.com\/de\/sevilla\/#breadcrumb\"},\"inLanguage\":\"de\",\"potentialAction\":[{\"@type\":\"ReadAction\",\"target\":[\"https:\/\/san-fernando.com\/de\/sevilla\/\"]}]},{\"@type\":\"BreadcrumbList\",\"@id\":\"https:\/\/san-fernando.com\/de\/sevilla\/#breadcrumb\",\"itemListElement\":[{\"@type\":\"ListItem\",\"position\":1,\"name\":\"Portada\",\"item\":\"https:\/\/san-fernando.com\/de\/\"},{\"@type\":\"ListItem\",\"position\":2,\"name\":\"Sevilla\"}]},{\"@type\":\"WebSite\",\"@id\":\"https:\/\/san-fernando.com\/#website\",\"url\":\"https:\/\/san-fernando.com\/\",\"name\":\"INSTITUTO SAN FERNANDO\",\"description\":\"INSTITUTO SAN FERNANDO\",\"publisher\":{\"@id\":\"https:\/\/san-fernando.com\/#organization\"},\"potentialAction\":[{\"@type\":\"SearchAction\",\"target\":{\"@type\":\"EntryPoint\",\"urlTemplate\":\"https:\/\/san-fernando.com\/?s={search_term_string}\"},\"query-input\":{\"@type\":\"PropertyValueSpecification\",\"valueRequired\":true,\"valueName\":\"search_term_string\"}}],\"inLanguage\":\"de\"},{\"@type\":\"Organization\",\"@id\":\"https:\/\/san-fernando.com\/#organization\",\"name\":\"INSTITUTO SAN FERNANDO\",\"url\":\"https:\/\/san-fernando.com\/\",\"logo\":{\"@type\":\"ImageObject\",\"inLanguage\":\"de\",\"@id\":\"https:\/\/san-fernando.com\/#\/schema\/logo\/image\/\",\"url\":\"https:\/\/san-fernando.com\/wp-content\/uploads\/2023\/08\/Instituto-San-Fernando-logotipo-350w.png\",\"contentUrl\":\"https:\/\/san-fernando.com\/wp-content\/uploads\/2023\/08\/Instituto-San-Fernando-logotipo-350w.png\",\"width\":350,\"height\":48,\"caption\":\"INSTITUTO SAN FERNANDO\"},\"image\":{\"@id\":\"https:\/\/san-fernando.com\/#\/schema\/logo\/image\/\"},\"sameAs\":[\"https:\/\/es-es.facebook.com\/InstitutoSanFernando.ISF\/\",\"https:\/\/www.instagram.com\/institutosanfernando\/\"]}]}<\/script>\n<!-- \/ Yoast SEO plugin. -->","yoast_head_json":{"title":"Sevilla - INSTITUTO SAN FERNANDO","robots":{"index":"index","follow":"follow","max-snippet":"max-snippet:-1","max-image-preview":"max-image-preview:large","max-video-preview":"max-video-preview:-1"},"canonical":"https:\/\/san-fernando.com\/de\/sevilla\/","og_locale":"de_DE","og_type":"article","og_title":"Sevilla - INSTITUTO SAN FERNANDO","og_description":"[vc_row][vc_column][vc_empty_space][vc_column_text] Sevilla tiene pasi\u00f3n. Aqu\u00ed es donde el flamenco, las corridas de toros, Don Juan, Carmen, Semana Santa y la Feria de Abril pueden ser vistos y sentidos por cualquiera. Sevilla es el pasado. La ciudad romana de It\u00e1lica, la &hellip;","og_url":"https:\/\/san-fernando.com\/de\/sevilla\/","og_site_name":"INSTITUTO SAN FERNANDO","article_publisher":"https:\/\/es-es.facebook.com\/InstitutoSanFernando.ISF\/","article_modified_time":"2023-09-21T12:00:21+00:00","twitter_card":"summary_large_image","twitter_misc":{"Gesch\u00e4tzte Lesezeit":"3\u00a0Minuten"},"schema":{"@context":"https:\/\/schema.org","@graph":[{"@type":"WebPage","@id":"https:\/\/san-fernando.com\/de\/sevilla\/","url":"https:\/\/san-fernando.com\/de\/sevilla\/","name":"Sevilla - INSTITUTO SAN FERNANDO","isPartOf":{"@id":"https:\/\/san-fernando.com\/#website"},"datePublished":"2023-08-17T10:00:59+00:00","dateModified":"2023-09-21T12:00:21+00:00","breadcrumb":{"@id":"https:\/\/san-fernando.com\/de\/sevilla\/#breadcrumb"},"inLanguage":"de","potentialAction":[{"@type":"ReadAction","target":["https:\/\/san-fernando.com\/de\/sevilla\/"]}]},{"@type":"BreadcrumbList","@id":"https:\/\/san-fernando.com\/de\/sevilla\/#breadcrumb","itemListElement":[{"@type":"ListItem","position":1,"name":"Portada","item":"https:\/\/san-fernando.com\/de\/"},{"@type":"ListItem","position":2,"name":"Sevilla"}]},{"@type":"WebSite","@id":"https:\/\/san-fernando.com\/#website","url":"https:\/\/san-fernando.com\/","name":"INSTITUTO SAN FERNANDO","description":"INSTITUTO SAN FERNANDO","publisher":{"@id":"https:\/\/san-fernando.com\/#organization"},"potentialAction":[{"@type":"SearchAction","target":{"@type":"EntryPoint","urlTemplate":"https:\/\/san-fernando.com\/?s={search_term_string}"},"query-input":{"@type":"PropertyValueSpecification","valueRequired":true,"valueName":"search_term_string"}}],"inLanguage":"de"},{"@type":"Organization","@id":"https:\/\/san-fernando.com\/#organization","name":"INSTITUTO SAN FERNANDO","url":"https:\/\/san-fernando.com\/","logo":{"@type":"ImageObject","inLanguage":"de","@id":"https:\/\/san-fernando.com\/#\/schema\/logo\/image\/","url":"https:\/\/san-fernando.com\/wp-content\/uploads\/2023\/08\/Instituto-San-Fernando-logotipo-350w.png","contentUrl":"https:\/\/san-fernando.com\/wp-content\/uploads\/2023\/08\/Instituto-San-Fernando-logotipo-350w.png","width":350,"height":48,"caption":"INSTITUTO SAN FERNANDO"},"image":{"@id":"https:\/\/san-fernando.com\/#\/schema\/logo\/image\/"},"sameAs":["https:\/\/es-es.facebook.com\/InstitutoSanFernando.ISF\/","https:\/\/www.instagram.com\/institutosanfernando\/"]}]}},"_links":{"self":[{"href":"https:\/\/san-fernando.com\/de\/wp-json\/wp\/v2\/pages\/14842"}],"collection":[{"href":"https:\/\/san-fernando.com\/de\/wp-json\/wp\/v2\/pages"}],"about":[{"href":"https:\/\/san-fernando.com\/de\/wp-json\/wp\/v2\/types\/page"}],"author":[{"embeddable":true,"href":"https:\/\/san-fernando.com\/de\/wp-json\/wp\/v2\/users\/1"}],"replies":[{"embeddable":true,"href":"https:\/\/san-fernando.com\/de\/wp-json\/wp\/v2\/comments?post=14842"}],"version-history":[{"count":0,"href":"https:\/\/san-fernando.com\/de\/wp-json\/wp\/v2\/pages\/14842\/revisions"}],"wp:attachment":[{"href":"https:\/\/san-fernando.com\/de\/wp-json\/wp\/v2\/media?parent=14842"}],"curies":[{"name":"wp","href":"https:\/\/api.w.org\/{rel}","templated":true}]}}