{"id":15037,"date":"2023-08-21T13:16:35","date_gmt":"2023-08-21T11:16:35","guid":{"rendered":"https:\/\/san-fernando.com\/granada\/"},"modified":"2023-09-20T13:16:40","modified_gmt":"2023-09-20T11:16:40","slug":"granada","status":"publish","type":"page","link":"https:\/\/san-fernando.com\/de\/granada\/","title":{"rendered":"Granada"},"content":{"rendered":"<div class=\"wpb-content-wrapper\"><p>[vc_row][vc_column]<div class=\"thim-widget-heading template-base\"><div class=\"sc_heading  text-center\"><h3 style=\"text-transform: uppercase;\" class=\"title\">Granada<\/h3><span class=\"line\"><\/span><\/div><\/div><div class=\"thim-widget-single-images template-single-images\">\n<div class=\"single-image text-center\"><img src =\"https:\/\/san-fernando.com\/wp-content\/uploads\/2023\/08\/skyline-granada.png\" width=\"800\" height=\"129\" alt=\"\"\/><\/div><\/div>[vc_empty_space][vc_column_text]<\/p>\n<p style=\"text-align: justify;\">Am Fu\u00df der ber\u00fchmten Sierra Nevada, durchstr\u00f6mt von den beiden Fl\u00fcssen Darro und Genil, wurde eine der interessantesten St\u00e4dte Ostandalusiens errichtet. Hier findet man eindrucksvolle andalusische Kunstsch\u00e4tze vor: Perlen der Renaissance-Architektur und daneben die moderne Kunst des 21. Jahrhunderts.<\/p>\n<p style=\"text-align: justify;\">Diese Stadt wurde als letzte von den katholischen K\u00f6nigen im Jahre 1492 erobert und besitzt daher einen unverwechselbaren arabischen Stil. Die Gastronomie, die Handwerksarbeit und die st\u00e4dtische Struktur tragen noch die prachtvolle Vergangenheit dieser Stadt in sich.<\/p>\n<p style=\"text-align: justify;\">Mach einen Spaziergang durch ihre herrlichen G\u00e4rten, ihre engen, mit Blumen geschm\u00fcckten Stra\u00dfen, mach Rast in einer seiner typischen Tavernen und lass dich von der Jahrhunderte langen Vergangenheit, die noch \u00fcberall wahrzunehmen ist, umh\u00fcllen.<\/p>\n<p>[\/vc_column_text][vc_empty_space][vc_images_carousel images=&#8220;14356,14361,14366,14371,14376,14381&#8243; img_size=&#8220;full&#8220; onclick=&#8220;link_no&#8220; speed=&#8220;3000&#8243; slides_per_view=&#8220;3&#8243; autoplay=&#8220;yes&#8220; hide_prev_next_buttons=&#8220;yes&#8220; wrap=&#8220;yes&#8220;][\/vc_column][\/vc_row][vc_row][vc_column]<div class=\"thim-widget-heading template-base\"><div class=\"sc_heading  text-center\"><h3 style=\"text-transform: uppercase;\" class=\"title\">Excursiones desde Granada<\/h3><span class=\"line\"><\/span><\/div><\/div>[vc_column_text]<\/p>\n<p style=\"text-align: justify;\">Wir organisieren w\u00e4hrend deines Aufenthalts unterschiedliche Ausfl\u00fcge in der Umgebung der Stadt mit der Absicht, dir die Gelegenheit zu bieten, die Geschichte und Kultur der verschiedenen Gebiete Spaniens n\u00e4herzubringen.<\/p>\n<p style=\"text-align: justify;\">Diese Ausfl\u00fcge geh\u00f6ren zum akademischen Programm und dienen der Vertiefung und Auffrischung der in der Klasse erlernten Inhalte.<\/p>\n<p style=\"text-align: justify;\">Geschulte Koordinatoren und Lehrer leiten diese Aktivit\u00e4ten und erkl\u00e4ren auf verst\u00e4ndliche und unterhaltsame Weise historische Gegebenheiten und schm\u00fccken ihre Erz\u00e4hlungen mit kleinen Anekdoten aus.<\/p>\n<p><em>Wichtig: Falls es l\u00e4ngere Ausfl\u00fcge sind, wird im Hotel \u00fcbernachtet.<\/em>[\/vc_column_text][\/vc_column][\/vc_row][vc_row][vc_column]<div class=\"thim-widget-heading template-base\"><div class=\"sc_heading  text-center\"><h3 style=\"text-transform: uppercase;\" class=\"title\">Visitas culturales en Granada<\/h3><span class=\"line\"><\/span><\/div><\/div>[vc_column_text]<\/p>\n<p style=\"text-align: justify;\">Wir vom Fernando-Institut sind \u00fcberzeugt, dass der Erfolg eines Spanisch-Lehrprogramms nicht nur von der Qualit\u00e4t des Unterrichts abh\u00e4ngt, sondern auch vom Kultur- und Freizeitprogramm, das die Kultur dieses Landes richtig erleben l\u00e4sst.<\/p>\n<p style=\"text-align: justify;\">Die kulturellen Aktivit\u00e4ten unserer Programme sind so ausgedacht, dass unseren Studenten ein komplettes Bild der spanischen Kultur und Gesellschaft geboten wird. Dies basiert auf verschiedenen Kriterien, wie unserm hohen akademischen Niveau und dem pers\u00f6nlichen Interesse unserer Studenten.<\/p>\n<p style=\"text-align: justify;\">Alle Aktivit\u00e4ten werden sorgf\u00e4ltig geplant, Kommentare vor und nach dem Besuch im Auditorium, die Materialien werden an jeden Besuch angepasst und diese werden immer in Begleitung unserer Lehrer-Koordinatoren durchgef\u00fchrt.<\/p>\n<p style=\"text-align: justify;\">Die Alhambra und das Generalife, die Kathedrale und die K\u00f6nigliche Kapelle, spazieren Sie durch das Viertel Albaic\u00edn, besuchen Sie Los C\u00e1rmenes und den Mirador de San Nicol\u00e1s, spazieren Sie durch die Alcaicer\u00eda, besuchen Sie das Federico Garc\u00eda Lorca Museum, das Hotel Washington oder den Corral del Carb\u00f3n These sind einige unserer Vorschl\u00e4ge.<\/p>\n<p>[\/vc_column_text][vc_empty_space][\/vc_column][\/vc_row][vc_row][vc_column width=&#8220;1\/3&#8243;][\/vc_column][vc_column width=&#8220;1\/3&#8243;]<div class=\"thim-widget-button template-base\"><a class=\"widget-button  no-border normal custom_style\" href=\"\/wp-content\/uploads\/2023\/09\/Catalogo-Espanol-1.pdf\" style=\"--widget-button-font-size: 18px;--widget-button-font-weight: bold;--widget-button-color: #ffffff;--widget-button-background-color: #337ab7;--widget-button-color-hover: #ffffff;--widget-button-background-color-hover: #000000;\">ERFAHREN SIE MEHR \u00dcBER UNSERE PROGRAMME<\/a><\/div>[\/vc_column][vc_column width=&#8220;1\/3&#8243;][\/vc_column][\/vc_row]<\/p>\n<\/div>","protected":false},"excerpt":{"rendered":"<p>[vc_row][vc_column][vc_empty_space][vc_column_text] Am Fu\u00df der ber\u00fchmten Sierra Nevada, durchstr\u00f6mt von den beiden Fl\u00fcssen Darro und Genil, wurde eine der interessantesten St\u00e4dte Ostandalusiens errichtet. Hier findet man eindrucksvolle andalusische Kunstsch\u00e4tze vor: Perlen der Renaissance-Architektur und daneben die moderne Kunst des 21. Jahrhunderts. &hellip; <\/p>\n","protected":false},"author":1,"featured_media":0,"parent":0,"menu_order":0,"comment_status":"closed","ping_status":"closed","template":"","meta":{"footnotes":""},"class_list":["post-15037","page","type-page","status-publish","hentry"],"yoast_head":"<!-- This site is optimized with the Yoast SEO plugin v25.1 - https:\/\/yoast.com\/wordpress\/plugins\/seo\/ -->\n<title>Granada - INSTITUTO SAN FERNANDO<\/title>\n<meta name=\"robots\" content=\"index, follow, max-snippet:-1, max-image-preview:large, max-video-preview:-1\" \/>\n<link rel=\"canonical\" href=\"https:\/\/san-fernando.com\/de\/granada\/\" \/>\n<meta property=\"og:locale\" content=\"de_DE\" \/>\n<meta property=\"og:type\" content=\"article\" \/>\n<meta property=\"og:title\" content=\"Granada - INSTITUTO SAN FERNANDO\" \/>\n<meta property=\"og:description\" content=\"[vc_row][vc_column][vc_empty_space][vc_column_text] Am Fu\u00df der ber\u00fchmten Sierra Nevada, durchstr\u00f6mt von den beiden Fl\u00fcssen Darro und Genil, wurde eine der interessantesten St\u00e4dte Ostandalusiens errichtet. Hier findet man eindrucksvolle andalusische Kunstsch\u00e4tze vor: Perlen der Renaissance-Architektur und daneben die moderne Kunst des 21. Jahrhunderts. &hellip;\" \/>\n<meta property=\"og:url\" content=\"https:\/\/san-fernando.com\/de\/granada\/\" \/>\n<meta property=\"og:site_name\" content=\"INSTITUTO SAN FERNANDO\" \/>\n<meta property=\"article:publisher\" content=\"https:\/\/es-es.facebook.com\/InstitutoSanFernando.ISF\/\" \/>\n<meta property=\"article:modified_time\" content=\"2023-09-20T11:16:40+00:00\" \/>\n<meta name=\"twitter:card\" content=\"summary_large_image\" \/>\n<meta name=\"twitter:label1\" content=\"Gesch\u00e4tzte Lesezeit\" \/>\n\t<meta name=\"twitter:data1\" content=\"2\u00a0Minuten\" \/>\n<script type=\"application\/ld+json\" class=\"yoast-schema-graph\">{\"@context\":\"https:\/\/schema.org\",\"@graph\":[{\"@type\":\"WebPage\",\"@id\":\"https:\/\/san-fernando.com\/de\/granada\/\",\"url\":\"https:\/\/san-fernando.com\/de\/granada\/\",\"name\":\"Granada - INSTITUTO SAN FERNANDO\",\"isPartOf\":{\"@id\":\"https:\/\/san-fernando.com\/#website\"},\"datePublished\":\"2023-08-21T11:16:35+00:00\",\"dateModified\":\"2023-09-20T11:16:40+00:00\",\"breadcrumb\":{\"@id\":\"https:\/\/san-fernando.com\/de\/granada\/#breadcrumb\"},\"inLanguage\":\"de\",\"potentialAction\":[{\"@type\":\"ReadAction\",\"target\":[\"https:\/\/san-fernando.com\/de\/granada\/\"]}]},{\"@type\":\"BreadcrumbList\",\"@id\":\"https:\/\/san-fernando.com\/de\/granada\/#breadcrumb\",\"itemListElement\":[{\"@type\":\"ListItem\",\"position\":1,\"name\":\"Portada\",\"item\":\"https:\/\/san-fernando.com\/de\/\"},{\"@type\":\"ListItem\",\"position\":2,\"name\":\"Granada\"}]},{\"@type\":\"WebSite\",\"@id\":\"https:\/\/san-fernando.com\/#website\",\"url\":\"https:\/\/san-fernando.com\/\",\"name\":\"INSTITUTO SAN FERNANDO\",\"description\":\"INSTITUTO SAN FERNANDO\",\"publisher\":{\"@id\":\"https:\/\/san-fernando.com\/#organization\"},\"potentialAction\":[{\"@type\":\"SearchAction\",\"target\":{\"@type\":\"EntryPoint\",\"urlTemplate\":\"https:\/\/san-fernando.com\/?s={search_term_string}\"},\"query-input\":{\"@type\":\"PropertyValueSpecification\",\"valueRequired\":true,\"valueName\":\"search_term_string\"}}],\"inLanguage\":\"de\"},{\"@type\":\"Organization\",\"@id\":\"https:\/\/san-fernando.com\/#organization\",\"name\":\"INSTITUTO SAN FERNANDO\",\"url\":\"https:\/\/san-fernando.com\/\",\"logo\":{\"@type\":\"ImageObject\",\"inLanguage\":\"de\",\"@id\":\"https:\/\/san-fernando.com\/#\/schema\/logo\/image\/\",\"url\":\"https:\/\/san-fernando.com\/wp-content\/uploads\/2023\/08\/Instituto-San-Fernando-logotipo-350w.png\",\"contentUrl\":\"https:\/\/san-fernando.com\/wp-content\/uploads\/2023\/08\/Instituto-San-Fernando-logotipo-350w.png\",\"width\":350,\"height\":48,\"caption\":\"INSTITUTO SAN FERNANDO\"},\"image\":{\"@id\":\"https:\/\/san-fernando.com\/#\/schema\/logo\/image\/\"},\"sameAs\":[\"https:\/\/es-es.facebook.com\/InstitutoSanFernando.ISF\/\",\"https:\/\/www.instagram.com\/institutosanfernando\/\"]}]}<\/script>\n<!-- \/ Yoast SEO plugin. -->","yoast_head_json":{"title":"Granada - INSTITUTO SAN FERNANDO","robots":{"index":"index","follow":"follow","max-snippet":"max-snippet:-1","max-image-preview":"max-image-preview:large","max-video-preview":"max-video-preview:-1"},"canonical":"https:\/\/san-fernando.com\/de\/granada\/","og_locale":"de_DE","og_type":"article","og_title":"Granada - INSTITUTO SAN FERNANDO","og_description":"[vc_row][vc_column][vc_empty_space][vc_column_text] Am Fu\u00df der ber\u00fchmten Sierra Nevada, durchstr\u00f6mt von den beiden Fl\u00fcssen Darro und Genil, wurde eine der interessantesten St\u00e4dte Ostandalusiens errichtet. Hier findet man eindrucksvolle andalusische Kunstsch\u00e4tze vor: Perlen der Renaissance-Architektur und daneben die moderne Kunst des 21. Jahrhunderts. &hellip;","og_url":"https:\/\/san-fernando.com\/de\/granada\/","og_site_name":"INSTITUTO SAN FERNANDO","article_publisher":"https:\/\/es-es.facebook.com\/InstitutoSanFernando.ISF\/","article_modified_time":"2023-09-20T11:16:40+00:00","twitter_card":"summary_large_image","twitter_misc":{"Gesch\u00e4tzte Lesezeit":"2\u00a0Minuten"},"schema":{"@context":"https:\/\/schema.org","@graph":[{"@type":"WebPage","@id":"https:\/\/san-fernando.com\/de\/granada\/","url":"https:\/\/san-fernando.com\/de\/granada\/","name":"Granada - INSTITUTO SAN FERNANDO","isPartOf":{"@id":"https:\/\/san-fernando.com\/#website"},"datePublished":"2023-08-21T11:16:35+00:00","dateModified":"2023-09-20T11:16:40+00:00","breadcrumb":{"@id":"https:\/\/san-fernando.com\/de\/granada\/#breadcrumb"},"inLanguage":"de","potentialAction":[{"@type":"ReadAction","target":["https:\/\/san-fernando.com\/de\/granada\/"]}]},{"@type":"BreadcrumbList","@id":"https:\/\/san-fernando.com\/de\/granada\/#breadcrumb","itemListElement":[{"@type":"ListItem","position":1,"name":"Portada","item":"https:\/\/san-fernando.com\/de\/"},{"@type":"ListItem","position":2,"name":"Granada"}]},{"@type":"WebSite","@id":"https:\/\/san-fernando.com\/#website","url":"https:\/\/san-fernando.com\/","name":"INSTITUTO SAN FERNANDO","description":"INSTITUTO SAN FERNANDO","publisher":{"@id":"https:\/\/san-fernando.com\/#organization"},"potentialAction":[{"@type":"SearchAction","target":{"@type":"EntryPoint","urlTemplate":"https:\/\/san-fernando.com\/?s={search_term_string}"},"query-input":{"@type":"PropertyValueSpecification","valueRequired":true,"valueName":"search_term_string"}}],"inLanguage":"de"},{"@type":"Organization","@id":"https:\/\/san-fernando.com\/#organization","name":"INSTITUTO SAN FERNANDO","url":"https:\/\/san-fernando.com\/","logo":{"@type":"ImageObject","inLanguage":"de","@id":"https:\/\/san-fernando.com\/#\/schema\/logo\/image\/","url":"https:\/\/san-fernando.com\/wp-content\/uploads\/2023\/08\/Instituto-San-Fernando-logotipo-350w.png","contentUrl":"https:\/\/san-fernando.com\/wp-content\/uploads\/2023\/08\/Instituto-San-Fernando-logotipo-350w.png","width":350,"height":48,"caption":"INSTITUTO SAN FERNANDO"},"image":{"@id":"https:\/\/san-fernando.com\/#\/schema\/logo\/image\/"},"sameAs":["https:\/\/es-es.facebook.com\/InstitutoSanFernando.ISF\/","https:\/\/www.instagram.com\/institutosanfernando\/"]}]}},"_links":{"self":[{"href":"https:\/\/san-fernando.com\/de\/wp-json\/wp\/v2\/pages\/15037"}],"collection":[{"href":"https:\/\/san-fernando.com\/de\/wp-json\/wp\/v2\/pages"}],"about":[{"href":"https:\/\/san-fernando.com\/de\/wp-json\/wp\/v2\/types\/page"}],"author":[{"embeddable":true,"href":"https:\/\/san-fernando.com\/de\/wp-json\/wp\/v2\/users\/1"}],"replies":[{"embeddable":true,"href":"https:\/\/san-fernando.com\/de\/wp-json\/wp\/v2\/comments?post=15037"}],"version-history":[{"count":0,"href":"https:\/\/san-fernando.com\/de\/wp-json\/wp\/v2\/pages\/15037\/revisions"}],"wp:attachment":[{"href":"https:\/\/san-fernando.com\/de\/wp-json\/wp\/v2\/media?parent=15037"}],"curies":[{"name":"wp","href":"https:\/\/api.w.org\/{rel}","templated":true}]}}