{"id":14733,"date":"2016-08-20T08:58:54","date_gmt":"2016-08-20T06:58:54","guid":{"rendered":"https:\/\/san-fernando.com\/home\/"},"modified":"2025-11-27T08:45:32","modified_gmt":"2025-11-27T07:45:32","slug":"home","status":"publish","type":"page","link":"https:\/\/san-fernando.com\/en\/","title":{"rendered":"Inicio"},"content":{"rendered":"<div class=\"wpb-content-wrapper\"><p>[vc_row full_width=&#8221;stretch_row&#8221; css=&#8221;.vc_custom_1695366321704{margin-bottom: 0px !important;background-position: center !important;background-repeat: no-repeat !important;background-size: cover !important;}&#8221;][vc_column css=&#8221;.vc_custom_1691146565896{padding-top: 0px !important;}&#8221;][rev_slider_vc alias=&#8221;slider-home&#8221;][\/vc_column][\/vc_row][vc_row disable_element=&#8221;yes&#8221; el_class=&#8221;thim-university-top-icon thim-bg-overlay&#8221; css=&#8221;.vc_custom_1720772389566{margin-bottom: 0px !important;}&#8221;][vc_column width=&#8221;1\/3&#8243;][\/vc_column][vc_column width=&#8221;1\/3&#8243;]<div class=\"thim-widget-icon-box template-base\"><div class=\"wrapper-box-icon has_read_more text-center \" ><div class=\"smicon-box iconbox-top\" style=\"--icon-font-size:36px;--icon-color:#ffb606;--icon-width: 70px;--icon-height: 70px;\"><div class=\"boxes-icon\"><span class=\"inner-icon\"><span class=\"icon\"><i class=\"far fa-file-alt\"><\/i><\/span><\/span><\/span><\/div><div class=\"content-inner\"><div class=\"sc-heading article_heading\"><h3 class = \"heading__primary\" style=\"--title-color: #ffffff;--title-font-size: 18px;--title-font-weight: 700;\">DOWNLOAD YOUR CATALOG<\/h3><\/div><a class=\"smicon-read sc-btn\" target=\"_self\" href=\"\/wp-content\/uploads\/2023\/09\/Catalogo-Espanol-1.pdf\"  style=\"--btn-text-color: #ffb606;\" >VER M\u00c1S<i class=\"edu-chevron-right\"><\/i><\/a><\/div><\/div><\/div><\/div>[\/vc_column][vc_column width=&#8221;1\/3&#8243;][\/vc_column][\/vc_row][vc_row full_width=&#8221;stretch_row&#8221; parallax=&#8221;content-moving&#8221; parallax_speed_bg=&#8221;1.3&#8243; css=&#8221;.vc_custom_1695809419757{margin-top: 0px !important;margin-bottom: 0px !important;}&#8221;][vc_column][vc_row_inner][vc_column_inner]<div class=\"thim-widget-heading template-base\"><div class=\"sc_heading  text-center\"><h2 style=\"text-transform: uppercase;\" class=\"title\">Choose your summer!<\/h2><p class=\"sub-heading\" style=\"\">No dejes pasar esta oportunidad. Selecciona una localidad en el mapa.<\/p><\/div><\/div>[\/vc_column_inner][\/vc_row_inner][vc_row_inner][vc_column_inner width=&#8221;1\/4&#8243;][\/vc_column_inner][vc_column_inner width=&#8221;1\/2&#8243;][vc_raw_html]W3NwYWluX21hcF0=[\/vc_raw_html][\/vc_column_inner][vc_column_inner width=&#8221;1\/4&#8243;][\/vc_column_inner][\/vc_row_inner][\/vc_column][\/vc_row][vc_row full_width=&#8221;stretch_row&#8221; css=&#8221;.vc_custom_1720777667189{margin-bottom: 0px !important;background-color: #99bcda !important;}&#8221;][vc_column]<div class=\"thim-widget-heading template-base\"><div class=\"sc_heading  text-center\"><h3 style=\"text-transform: uppercase;color:#000000;\" class=\"title\">\u00bfQUIERES CONTACTAR CON NOSOTROS?<\/h3><p class=\"sub-heading\" style=\"color:#000000;\">\u00a1Escr\u00edbenos a trav\u00e9s de nuestro formulario de contacto y nos pondremos en contacto contigo!<\/p><\/div><\/div>[vc_btn title=&#8221;CONTACT&#8221; style=&#8221;outline-custom&#8221; outline_custom_color=&#8221;#666666&#8243; outline_custom_hover_background=&#8221;#666666&#8243; outline_custom_hover_text=&#8221;#ffffff&#8221; shape=&#8221;square&#8221; align=&#8221;center&#8221; link=&#8221;url:https%3A%2F%2Fsan-fernando.com%2Fen%2Fcontact%2F|title:Contact|&#8221;][\/vc_column][\/vc_row][vc_row full_width=&#8221;stretch_row&#8221; css=&#8221;.vc_custom_1720777758446{margin-bottom: 0px !important;background-color: #ffb607 !important;}&#8221;][vc_column]<div class=\"thim-widget-heading template-base\"><div class=\"sc_heading  text-center\"><h3 style=\"text-transform: uppercase;color:#000000;\" class=\"title\">SOLICITAR UNA PROPUESTA<\/h3><p class=\"sub-heading\" style=\"color:#000000;\">\u00bfA d\u00f3nde le gustar\u00eda viajar con sus alumnos? \u00bfqu\u00e9 actividades le gustar\u00eda realizar y en qu\u00e9 fechas?. Nosotros le enviaremos una propuesta lo antes posible para que pueda comenzar a preparar su viaje.<\/p><\/div><\/div>[vc_btn title=&#8221;REQUEST&#8221; style=&#8221;outline&#8221; shape=&#8221;square&#8221; color=&#8221;black&#8221; align=&#8221;center&#8221; link=&#8221;url:https%3A%2F%2Fsan-fernando.com%2Fen%2Frequest-for-proposal%2F|title:Contact|&#8221;][\/vc_column][\/vc_row][vc_row full_width=&#8221;stretch_row&#8221; parallax=&#8221;content-moving&#8221; parallax_image=&#8221;15791&#8243; parallax_speed_bg=&#8221;1.3&#8243; el_class=&#8221;thim-dark thim-join-the-elite-group&#8221; css=&#8221;.vc_custom_1722244594357{margin-bottom: 0px !important;}&#8221;][vc_column][vc_row_inner][vc_column_inner]<div class=\"thim-widget-heading template-base\"><div class=\"sc_heading  text-center\"><h2 style=\"text-transform: uppercase;color:#ffffff;\" class=\"title\">\u00a1Reserva tu verano!<\/h2><p class=\"sub-heading\" style=\"color:#ffffff;\">\u00a1Descarga nuestro cat\u00e1logo en PDF!<\/p><\/div><\/div>[\/vc_column_inner][\/vc_row_inner]<div class=\"thim-widget-button template-base\"><a class=\"widget-button  normal\" href=\"\/wp-content\/uploads\/2025\/11\/CATALOGO_VERANO_EN_2026.pdf\" target=\"_blank\">DESCARGAR<\/a><\/div>[\/vc_column][\/vc_row][vc_row full_width=&#8221;stretch_row&#8221; parallax=&#8221;content-moving&#8221; parallax_image=&#8221;15453&#8243; parallax_speed_bg=&#8221;1.3&#8243; el_class=&#8221;thim-dark thim-join-the-elite-group&#8221; css=&#8221;.vc_custom_1695809459647{margin-bottom: 0px !important;}&#8221;][vc_column][vc_row_inner][vc_column_inner]<div class=\"thim-widget-heading template-base\"><div class=\"sc_heading  text-center\"><h2 style=\"text-transform: uppercase;color:#ffffff;\" class=\"title\">Download our catalog in PDF!<\/h2><p class=\"sub-heading\" style=\"color:#ffffff;\">Toda la informaci\u00f3n sobre nuestra actividad en formato PDF.<\/p><\/div><\/div>[\/vc_column_inner][\/vc_row_inner]<div class=\"thim-widget-button template-base\"><a class=\"widget-button  normal\" href=\"\/wp-content\/uploads\/2025\/10\/CATALOGO_EN_2026.pdf\" target=\"_blank\">DESCARGAR<\/a><\/div>[\/vc_column][\/vc_row][vc_row disable_element=&#8221;yes&#8221; css=&#8221;.vc_custom_1694775596493{background-position: center !important;background-repeat: no-repeat !important;background-size: contain !important;}&#8221; el_class=&#8221;thim-latest-new-university&#8221;][vc_column][vc_row_inner][vc_column_inner]<div class=\"thim-widget-heading template-base\"><div class=\"sc_heading  text-center\"><h2 style=\"text-transform: uppercase;font-size:30px;\" class=\"title\">Last News<\/h2><p class=\"sub-heading\" style=\"\">SIGUE NUESTRA ACTUALIDAD Y MANTENTE INFORMADO<\/p><\/div><\/div>[\/vc_column_inner][\/vc_row_inner][vc_basic_grid post_type=&#8221;post&#8221; max_items=&#8221;3&#8243; style=&#8221;load-more&#8221; items_per_page=&#8221;9&#8243; show_filter=&#8221;yes&#8221; grid_id=&#8221;vc_gid:1764229513872-6fa9997c-c82f-9&#8243; filter_source=&#8221;category&#8221; taxonomies=&#8221;60, 61&#8243;][\/vc_column][\/vc_row][vc_row full_width=&#8221;stretch_row&#8221; disable_element=&#8221;yes&#8221; css=&#8221;.vc_custom_1725100696057{margin-bottom: 0px !important;padding-bottom: 60px !important;background-color: #f9f9f9 !important;}&#8221;][vc_column]<div class=\"thim-widget-heading template-base\"><div class=\"sc_heading  text-center\"><h2 style=\"text-transform: uppercase;font-size:30px;\" class=\"title\">\u00daltimos Videos<\/h2><p class=\"sub-heading\" style=\"\">SIGUE NUESTRO CANAL DE YOUTUBE<\/p><\/div><\/div>[\/vc_column][\/vc_row][vc_row full_width=&#8221;stretch_row&#8221; parallax=&#8221;content-moving&#8221; parallax_image=&#8221;5841&#8243; parallax_speed_bg=&#8221;1.3&#8243; css=&#8221;.vc_custom_1695809537883{margin-bottom: 0px !important;padding-bottom: 25px !important;}&#8221; el_class=&#8221;thim-bg-overlay&#8221;][vc_column]<div class=\"thim-widget-heading template-base\"><div class=\"sc_heading  text-center\"><h2 style=\"text-transform: uppercase;color:#ffffff;font-size:30px;\" class=\"title\">SAN FERNANDO INSTITUTE<\/h2><\/div><\/div>[\/vc_column][vc_column width=&#8221;1\/3&#8243;]<div class=\"thim-widget-counters-box template-base\"><div class=\"counter-box \" style=\"\"><div class=\"icon-counter-box\" style=\"\"><span class=\"icon icon-images\"><img loading=\"lazy\" decoding=\"async\" src=\"https:\/\/san-fernando.com\/wp-content\/uploads\/2023\/08\/estudiantes_white_100.png\" alt=\"estudiantes_white_100\"  width=\"100\" height=\"100\"><\/span><\/div><div class=\"content-box-percentage\">\n\t\t<div class=\"wrap-percentage\">\n\t\t<div class=\"display-percentage\" data-percentage=\"6735\" >6735<\/div><div class=\"text_number\"><\/div><\/div><div class=\"counter-content-container\"><div class=\"counter-box-content\" style=\"\">ESTUDIANTES<\/div><\/div><\/div><\/div><\/div>[\/vc_column][vc_column width=&#8221;1\/3&#8243;]<div class=\"thim-widget-counters-box template-base\"><div class=\"counter-box \" style=\"\"><div class=\"icon-counter-box\" style=\"\"><span class=\"icon icon-images\"><img loading=\"lazy\" decoding=\"async\" src=\"https:\/\/san-fernando.com\/wp-content\/uploads\/2023\/08\/experiencia_w_100.png\" alt=\"experiencia_w_100\"  width=\"100\" height=\"100\"><\/span><\/div><div class=\"content-box-percentage\">\n\t\t<div class=\"wrap-percentage\">\n\t\t<div class=\"display-percentage\" data-percentage=\"28\" >28<\/div><div class=\"text_number\"><\/div><\/div><div class=\"counter-content-container\"><div class=\"counter-box-content\" style=\"\">A\u00d1OS DE EXPERIENCIA<\/div><\/div><\/div><\/div><\/div>[\/vc_column][vc_column width=&#8221;1\/3&#8243;]<div class=\"thim-widget-counters-box template-base\"><div class=\"counter-box \" style=\"\"><div class=\"icon-counter-box\" style=\"\"><span class=\"icon icon-images\"><img loading=\"lazy\" decoding=\"async\" src=\"https:\/\/san-fernando.com\/wp-content\/uploads\/2023\/08\/destinos_w_100.png\" alt=\"destinos_w_100\"  width=\"100\" height=\"100\"><\/span><\/div><div class=\"content-box-percentage\">\n\t\t<div class=\"wrap-percentage\">\n\t\t<div class=\"display-percentage\" data-percentage=\"10\" >10<\/div><div class=\"text_number\"><\/div><\/div><div class=\"counter-content-container\"><div class=\"counter-box-content\" style=\"\">DESTINOS<\/div><\/div><\/div><\/div><\/div>[\/vc_column][\/vc_row]<\/p>\n<\/div>","protected":false},"excerpt":{"rendered":"<p>[vc_row full_width=&#8221;stretch_row&#8221; css=&#8221;.vc_custom_1695366321704{margin-bottom: 0px !important;background-position: center !important;background-repeat: no-repeat !important;background-size: cover !important;}&#8221;][vc_column css=&#8221;.vc_custom_1691146565896{padding-top: 0px !important;}&#8221;][rev_slider_vc alias=&#8221;slider-home&#8221;][\/vc_column][\/vc_row][vc_row disable_element=&#8221;yes&#8221; el_class=&#8221;thim-university-top-icon thim-bg-overlay&#8221; css=&#8221;.vc_custom_1720772389566{margin-bottom: 0px !important;}&#8221;][vc_column width=&#8221;1\/3&#8243;][\/vc_column][vc_column width=&#8221;1\/3&#8243;][\/vc_column][vc_column width=&#8221;1\/3&#8243;][\/vc_column][\/vc_row][vc_row full_width=&#8221;stretch_row&#8221; parallax=&#8221;content-moving&#8221; parallax_speed_bg=&#8221;1.3&#8243; css=&#8221;.vc_custom_1695809419757{margin-top: 0px !important;margin-bottom: 0px !important;}&#8221;][vc_column][vc_row_inner][vc_column_inner][\/vc_column_inner][\/vc_row_inner][vc_row_inner][vc_column_inner width=&#8221;1\/4&#8243;][\/vc_column_inner][vc_column_inner width=&#8221;1\/2&#8243;][vc_raw_html]W3NwYWluX21hcF0=[\/vc_raw_html][\/vc_column_inner][vc_column_inner width=&#8221;1\/4&#8243;][\/vc_column_inner][\/vc_row_inner][\/vc_column][\/vc_row][vc_row full_width=&#8221;stretch_row&#8221; css=&#8221;.vc_custom_1720777667189{margin-bottom: 0px !important;background-color: #99bcda &hellip; <\/p>\n","protected":false},"author":1,"featured_media":0,"parent":0,"menu_order":0,"comment_status":"closed","ping_status":"closed","template":"page-templates\/homepage.php","meta":{"footnotes":""},"class_list":["post-14733","page","type-page","status-publish","hentry"],"yoast_head":"<!-- This site is optimized with the Yoast SEO plugin v25.1 - https:\/\/yoast.com\/wordpress\/plugins\/seo\/ -->\n<title>Inicio - INSTITUTO SAN FERNANDO<\/title>\n<meta name=\"robots\" content=\"index, follow, max-snippet:-1, max-image-preview:large, max-video-preview:-1\" \/>\n<link rel=\"canonical\" href=\"https:\/\/san-fernando.com\/en\/\" \/>\n<meta property=\"og:locale\" content=\"en_US\" \/>\n<meta property=\"og:type\" content=\"article\" \/>\n<meta property=\"og:title\" content=\"Inicio - INSTITUTO SAN FERNANDO\" \/>\n<meta property=\"og:description\" content=\"[vc_row full_width=&#8221;stretch_row&#8221; css=&#8221;.vc_custom_1695366321704{margin-bottom: 0px !important;background-position: center !important;background-repeat: no-repeat !important;background-size: cover !important;}&#8221;][vc_column css=&#8221;.vc_custom_1691146565896{padding-top: 0px !important;}&#8221;][rev_slider_vc alias=&#8221;slider-home&#8221;][\/vc_column][\/vc_row][vc_row disable_element=&#8221;yes&#8221; el_class=&#8221;thim-university-top-icon thim-bg-overlay&#8221; css=&#8221;.vc_custom_1720772389566{margin-bottom: 0px !important;}&#8221;][vc_column width=&#8221;1\/3&#8243;][\/vc_column][vc_column width=&#8221;1\/3&#8243;][\/vc_column][vc_column width=&#8221;1\/3&#8243;][\/vc_column][\/vc_row][vc_row full_width=&#8221;stretch_row&#8221; parallax=&#8221;content-moving&#8221; parallax_speed_bg=&#8221;1.3&#8243; css=&#8221;.vc_custom_1695809419757{margin-top: 0px !important;margin-bottom: 0px !important;}&#8221;][vc_column][vc_row_inner][vc_column_inner][\/vc_column_inner][\/vc_row_inner][vc_row_inner][vc_column_inner width=&#8221;1\/4&#8243;][\/vc_column_inner][vc_column_inner width=&#8221;1\/2&#8243;][vc_raw_html]W3NwYWluX21hcF0=[\/vc_raw_html][\/vc_column_inner][vc_column_inner width=&#8221;1\/4&#8243;][\/vc_column_inner][\/vc_row_inner][\/vc_column][\/vc_row][vc_row full_width=&#8221;stretch_row&#8221; css=&#8221;.vc_custom_1720777667189{margin-bottom: 0px !important;background-color: #99bcda &hellip;\" \/>\n<meta property=\"og:url\" content=\"https:\/\/san-fernando.com\/en\/\" \/>\n<meta property=\"og:site_name\" content=\"INSTITUTO SAN FERNANDO\" \/>\n<meta property=\"article:publisher\" content=\"https:\/\/es-es.facebook.com\/InstitutoSanFernando.ISF\/\" \/>\n<meta property=\"article:modified_time\" content=\"2025-11-27T07:45:32+00:00\" \/>\n<meta name=\"twitter:card\" content=\"summary_large_image\" \/>\n<meta name=\"twitter:label1\" content=\"Est. reading time\" \/>\n\t<meta name=\"twitter:data1\" content=\"2 minutes\" \/>\n<script type=\"application\/ld+json\" class=\"yoast-schema-graph\">{\"@context\":\"https:\/\/schema.org\",\"@graph\":[{\"@type\":\"WebPage\",\"@id\":\"https:\/\/san-fernando.com\/en\/\",\"url\":\"https:\/\/san-fernando.com\/en\/\",\"name\":\"Inicio - INSTITUTO SAN FERNANDO\",\"isPartOf\":{\"@id\":\"https:\/\/san-fernando.com\/#website\"},\"datePublished\":\"2016-08-20T06:58:54+00:00\",\"dateModified\":\"2025-11-27T07:45:32+00:00\",\"breadcrumb\":{\"@id\":\"https:\/\/san-fernando.com\/en\/#breadcrumb\"},\"inLanguage\":\"en-US\",\"potentialAction\":[{\"@type\":\"ReadAction\",\"target\":[\"https:\/\/san-fernando.com\/en\/\"]}]},{\"@type\":\"BreadcrumbList\",\"@id\":\"https:\/\/san-fernando.com\/en\/#breadcrumb\",\"itemListElement\":[{\"@type\":\"ListItem\",\"position\":1,\"name\":\"Portada\",\"item\":\"https:\/\/san-fernando.com\/en\/\"},{\"@type\":\"ListItem\",\"position\":2,\"name\":\"Inicio\"}]},{\"@type\":\"WebSite\",\"@id\":\"https:\/\/san-fernando.com\/#website\",\"url\":\"https:\/\/san-fernando.com\/\",\"name\":\"INSTITUTO SAN FERNANDO\",\"description\":\"INSTITUTO SAN FERNANDO\",\"publisher\":{\"@id\":\"https:\/\/san-fernando.com\/#organization\"},\"potentialAction\":[{\"@type\":\"SearchAction\",\"target\":{\"@type\":\"EntryPoint\",\"urlTemplate\":\"https:\/\/san-fernando.com\/?s={search_term_string}\"},\"query-input\":{\"@type\":\"PropertyValueSpecification\",\"valueRequired\":true,\"valueName\":\"search_term_string\"}}],\"inLanguage\":\"en-US\"},{\"@type\":\"Organization\",\"@id\":\"https:\/\/san-fernando.com\/#organization\",\"name\":\"INSTITUTO SAN FERNANDO\",\"url\":\"https:\/\/san-fernando.com\/\",\"logo\":{\"@type\":\"ImageObject\",\"inLanguage\":\"en-US\",\"@id\":\"https:\/\/san-fernando.com\/#\/schema\/logo\/image\/\",\"url\":\"https:\/\/san-fernando.com\/wp-content\/uploads\/2023\/08\/Instituto-San-Fernando-logotipo-350w.png\",\"contentUrl\":\"https:\/\/san-fernando.com\/wp-content\/uploads\/2023\/08\/Instituto-San-Fernando-logotipo-350w.png\",\"width\":350,\"height\":48,\"caption\":\"INSTITUTO SAN FERNANDO\"},\"image\":{\"@id\":\"https:\/\/san-fernando.com\/#\/schema\/logo\/image\/\"},\"sameAs\":[\"https:\/\/es-es.facebook.com\/InstitutoSanFernando.ISF\/\",\"https:\/\/www.instagram.com\/institutosanfernando\/\"]}]}<\/script>\n<!-- \/ Yoast SEO plugin. -->","yoast_head_json":{"title":"Inicio - INSTITUTO SAN FERNANDO","robots":{"index":"index","follow":"follow","max-snippet":"max-snippet:-1","max-image-preview":"max-image-preview:large","max-video-preview":"max-video-preview:-1"},"canonical":"https:\/\/san-fernando.com\/en\/","og_locale":"en_US","og_type":"article","og_title":"Inicio - INSTITUTO SAN FERNANDO","og_description":"[vc_row full_width=&#8221;stretch_row&#8221; css=&#8221;.vc_custom_1695366321704{margin-bottom: 0px !important;background-position: center !important;background-repeat: no-repeat !important;background-size: cover !important;}&#8221;][vc_column css=&#8221;.vc_custom_1691146565896{padding-top: 0px !important;}&#8221;][rev_slider_vc alias=&#8221;slider-home&#8221;][\/vc_column][\/vc_row][vc_row disable_element=&#8221;yes&#8221; el_class=&#8221;thim-university-top-icon thim-bg-overlay&#8221; css=&#8221;.vc_custom_1720772389566{margin-bottom: 0px !important;}&#8221;][vc_column width=&#8221;1\/3&#8243;][\/vc_column][vc_column width=&#8221;1\/3&#8243;][\/vc_column][vc_column width=&#8221;1\/3&#8243;][\/vc_column][\/vc_row][vc_row full_width=&#8221;stretch_row&#8221; parallax=&#8221;content-moving&#8221; parallax_speed_bg=&#8221;1.3&#8243; css=&#8221;.vc_custom_1695809419757{margin-top: 0px !important;margin-bottom: 0px !important;}&#8221;][vc_column][vc_row_inner][vc_column_inner][\/vc_column_inner][\/vc_row_inner][vc_row_inner][vc_column_inner width=&#8221;1\/4&#8243;][\/vc_column_inner][vc_column_inner width=&#8221;1\/2&#8243;][vc_raw_html]W3NwYWluX21hcF0=[\/vc_raw_html][\/vc_column_inner][vc_column_inner width=&#8221;1\/4&#8243;][\/vc_column_inner][\/vc_row_inner][\/vc_column][\/vc_row][vc_row full_width=&#8221;stretch_row&#8221; css=&#8221;.vc_custom_1720777667189{margin-bottom: 0px !important;background-color: #99bcda &hellip;","og_url":"https:\/\/san-fernando.com\/en\/","og_site_name":"INSTITUTO SAN FERNANDO","article_publisher":"https:\/\/es-es.facebook.com\/InstitutoSanFernando.ISF\/","article_modified_time":"2025-11-27T07:45:32+00:00","twitter_card":"summary_large_image","twitter_misc":{"Est. reading time":"2 minutes"},"schema":{"@context":"https:\/\/schema.org","@graph":[{"@type":"WebPage","@id":"https:\/\/san-fernando.com\/en\/","url":"https:\/\/san-fernando.com\/en\/","name":"Inicio - INSTITUTO SAN FERNANDO","isPartOf":{"@id":"https:\/\/san-fernando.com\/#website"},"datePublished":"2016-08-20T06:58:54+00:00","dateModified":"2025-11-27T07:45:32+00:00","breadcrumb":{"@id":"https:\/\/san-fernando.com\/en\/#breadcrumb"},"inLanguage":"en-US","potentialAction":[{"@type":"ReadAction","target":["https:\/\/san-fernando.com\/en\/"]}]},{"@type":"BreadcrumbList","@id":"https:\/\/san-fernando.com\/en\/#breadcrumb","itemListElement":[{"@type":"ListItem","position":1,"name":"Portada","item":"https:\/\/san-fernando.com\/en\/"},{"@type":"ListItem","position":2,"name":"Inicio"}]},{"@type":"WebSite","@id":"https:\/\/san-fernando.com\/#website","url":"https:\/\/san-fernando.com\/","name":"INSTITUTO SAN FERNANDO","description":"INSTITUTO SAN FERNANDO","publisher":{"@id":"https:\/\/san-fernando.com\/#organization"},"potentialAction":[{"@type":"SearchAction","target":{"@type":"EntryPoint","urlTemplate":"https:\/\/san-fernando.com\/?s={search_term_string}"},"query-input":{"@type":"PropertyValueSpecification","valueRequired":true,"valueName":"search_term_string"}}],"inLanguage":"en-US"},{"@type":"Organization","@id":"https:\/\/san-fernando.com\/#organization","name":"INSTITUTO SAN FERNANDO","url":"https:\/\/san-fernando.com\/","logo":{"@type":"ImageObject","inLanguage":"en-US","@id":"https:\/\/san-fernando.com\/#\/schema\/logo\/image\/","url":"https:\/\/san-fernando.com\/wp-content\/uploads\/2023\/08\/Instituto-San-Fernando-logotipo-350w.png","contentUrl":"https:\/\/san-fernando.com\/wp-content\/uploads\/2023\/08\/Instituto-San-Fernando-logotipo-350w.png","width":350,"height":48,"caption":"INSTITUTO SAN FERNANDO"},"image":{"@id":"https:\/\/san-fernando.com\/#\/schema\/logo\/image\/"},"sameAs":["https:\/\/es-es.facebook.com\/InstitutoSanFernando.ISF\/","https:\/\/www.instagram.com\/institutosanfernando\/"]}]}},"_links":{"self":[{"href":"https:\/\/san-fernando.com\/en\/wp-json\/wp\/v2\/pages\/14733"}],"collection":[{"href":"https:\/\/san-fernando.com\/en\/wp-json\/wp\/v2\/pages"}],"about":[{"href":"https:\/\/san-fernando.com\/en\/wp-json\/wp\/v2\/types\/page"}],"author":[{"embeddable":true,"href":"https:\/\/san-fernando.com\/en\/wp-json\/wp\/v2\/users\/1"}],"replies":[{"embeddable":true,"href":"https:\/\/san-fernando.com\/en\/wp-json\/wp\/v2\/comments?post=14733"}],"version-history":[{"count":0,"href":"https:\/\/san-fernando.com\/en\/wp-json\/wp\/v2\/pages\/14733\/revisions"}],"wp:attachment":[{"href":"https:\/\/san-fernando.com\/en\/wp-json\/wp\/v2\/media?parent=14733"}],"curies":[{"name":"wp","href":"https:\/\/api.w.org\/{rel}","templated":true}]}}