{"id":14836,"date":"2023-08-17T12:00:59","date_gmt":"2023-08-17T10:00:59","guid":{"rendered":"https:\/\/san-fernando.com\/seville\/"},"modified":"2023-09-20T13:18:04","modified_gmt":"2023-09-20T11:18:04","slug":"seville","status":"publish","type":"page","link":"https:\/\/san-fernando.com\/en\/seville\/","title":{"rendered":"Seville"},"content":{"rendered":"<div class=\"wpb-content-wrapper\"><p>[vc_row][vc_column]<div class=\"thim-widget-heading template-base\"><div class=\"sc_heading  text-center\"><h3 style=\"text-transform: uppercase;\" class=\"title\">Sevilla<\/h3><span class=\"line\"><\/span><\/div><\/div><div class=\"thim-widget-single-images template-single-images\">\n<div class=\"single-image text-center\"><img src =\"https:\/\/san-fernando.com\/wp-content\/uploads\/2023\/08\/skyline-sevilla.png\" width=\"800\" height=\"129\" alt=\"\"\/><\/div><\/div>[vc_empty_space][vc_column_text]<\/p>\n<p style=\"text-align: justify;\">Seville has passion. This is where flamenco, bullfights, Don Juan, Carmen, Holy Week and the April Fair can be seen and felt by all.<\/p>\n<p style=\"text-align: justify;\">Seville is the past. With the largest oldquarter in all of Europe, virtually all the people of the Mediterranean have left their mark here \u2013 the Roman city of It\u00e1lica, the Giralda tower with its Moorish and Christian influences, the Torre del Oro (Gold Tower), the Alc\u00e1zar (Royal Palace), the third largest Cathedral in the world\u2026and that was all before Spain\u2019s Golden Century, when Seville was the hub of the Spanish Empire, famous for splendour with which no other city could compare.<\/p>\n<p style=\"text-align: justify;\">Seville is also the future, a modern city, open to all progress, especially since 1992 when it hosted the last Expo of the 20 th century. But without a doubt, Seville\u2019s finest asset is its people. As warm and lively as anywhere in Spain, they are always ready to help visitors, and delighted to share their cheerfulness and local traditions.<\/p>\n<p>[\/vc_column_text][vc_empty_space][vc_images_carousel images=&#8221;14200,14205,14210,14215,14220,14225,14230&#8243; img_size=&#8221;full&#8221; onclick=&#8221;link_no&#8221; speed=&#8221;3000&#8243; slides_per_view=&#8221;3&#8243; autoplay=&#8221;yes&#8221; hide_prev_next_buttons=&#8221;yes&#8221; wrap=&#8221;yes&#8221;][\/vc_column][\/vc_row][vc_row][vc_column]<div class=\"thim-widget-heading template-base\"><div class=\"sc_heading  text-center\"><h3 style=\"text-transform: uppercase;\" class=\"title\">Excursiones desde Sevilla<\/h3><span class=\"line\"><\/span><\/div><\/div>[vc_column_text]<\/p>\n<p style=\"text-align: justify;\">During the courses, we organize plenty of excursions to nearby places with the intention of giving the students the opportunity to get to know more of Spain.<\/p>\n<p style=\"text-align: justify;\">All these excursions are integrated in the academic program and the highlight topics are covered in class.<\/p>\n<p style=\"text-align: justify;\">All of them are carried out by a Coordinator\/teacher that will be explaining, in an entertaining and amusing manner, all the important historical aspects of the city.<\/p>\n<p>Cadiz, Cordoba, Granada, Osuna, Italica, Carmona, Pueblos Blancos, Jerez de la Frontera, Lagos (Portugal), are some of the destinations.<\/p>\n<p><em>Important: In some cases, this may include overnight hotel stays.<\/em>[\/vc_column_text][\/vc_column][\/vc_row][vc_row][vc_column]<div class=\"thim-widget-heading template-base\"><div class=\"sc_heading  text-center\"><h3 style=\"text-transform: uppercase;\" class=\"title\">Visitas culturales en Sevilla<\/h3><span class=\"line\"><\/span><\/div><\/div>[vc_column_text]<\/p>\n<p style=\"text-align: justify;\">At Instituto San Fernando, we realize that the success of a Spanish language program is not solely dependent on the quality of the classes, but also the development of a cultural activities\/free time program which fully immerses the student in the country\u2019s culture.<\/p>\n<p style=\"text-align: justify;\">The cultural activities component of our programs is designed to provide our students with a vision of Spanish culture and society in the most complete and integrated form possible. It is based on diverse criteria, including our high academic standards as well as the personal interests of the students.<\/p>\n<p style=\"text-align: justify;\">All activities are carefully planned, discussed before and after in the classroom, include the appropriate materials and are accompanied by a specialized professor-mentor. We not only teach culture in the classroom; we allow each student to experience the most important aspects of Spanish society through a carefully structured program of cultural visits.<\/p>\n<p style=\"text-align: justify;\">The Cathedral of Seville, La Giralda, the Reales Alc\u00e1zares, the Santa Cruz neighborhood, the main museums of the city, the Plaza de Toros de la Real Maestranza, the Paseo de Col\u00f3n and the Arenal neighborhood, the Torreo del Oro and the Archivo de Indias, the Plaza de Espa\u00f1a, the Mar\u00eda Luisa park or a walk through the Triana neighborhood of Seville are some of our suggestions.<\/p>\n<p>[\/vc_column_text][vc_empty_space][\/vc_column][\/vc_row][vc_row][vc_column width=&#8221;1\/3&#8243;][\/vc_column][vc_column width=&#8221;1\/3&#8243;]<div class=\"thim-widget-button template-base\"><a class=\"widget-button  no-border normal custom_style\" href=\"\/wp-content\/uploads\/2023\/09\/Catalogo-Espanol-1.pdf\" style=\"--widget-button-font-size: 18px;--widget-button-font-weight: bold;--widget-button-color: #ffffff;--widget-button-background-color: #337ab7;--widget-button-color-hover: #ffffff;--widget-button-background-color-hover: #000000;\">GET TO KNOW OUR PROGRAMS<\/a><\/div>[\/vc_column][vc_column width=&#8221;1\/3&#8243;][\/vc_column][\/vc_row]<\/p>\n<\/div>","protected":false},"excerpt":{"rendered":"<p>[vc_row][vc_column][vc_empty_space][vc_column_text] Seville has passion. This is where flamenco, bullfights, Don Juan, Carmen, Holy Week and the April Fair can be seen and felt by all. Seville is the past. With the largest oldquarter in all of Europe, virtually all the &hellip; <\/p>\n","protected":false},"author":1,"featured_media":0,"parent":0,"menu_order":0,"comment_status":"closed","ping_status":"closed","template":"","meta":{"footnotes":""},"class_list":["post-14836","page","type-page","status-publish","hentry"],"yoast_head":"<!-- This site is optimized with the Yoast SEO plugin v25.1 - https:\/\/yoast.com\/wordpress\/plugins\/seo\/ -->\n<title>Seville - INSTITUTO SAN FERNANDO<\/title>\n<meta name=\"robots\" content=\"index, follow, max-snippet:-1, max-image-preview:large, max-video-preview:-1\" \/>\n<link rel=\"canonical\" href=\"https:\/\/san-fernando.com\/en\/seville\/\" \/>\n<meta property=\"og:locale\" content=\"en_US\" \/>\n<meta property=\"og:type\" content=\"article\" \/>\n<meta property=\"og:title\" content=\"Seville - INSTITUTO SAN FERNANDO\" \/>\n<meta property=\"og:description\" content=\"[vc_row][vc_column][vc_empty_space][vc_column_text] Seville has passion. This is where flamenco, bullfights, Don Juan, Carmen, Holy Week and the April Fair can be seen and felt by all. Seville is the past. With the largest oldquarter in all of Europe, virtually all the &hellip;\" \/>\n<meta property=\"og:url\" content=\"https:\/\/san-fernando.com\/en\/seville\/\" \/>\n<meta property=\"og:site_name\" content=\"INSTITUTO SAN FERNANDO\" \/>\n<meta property=\"article:publisher\" content=\"https:\/\/es-es.facebook.com\/InstitutoSanFernando.ISF\/\" \/>\n<meta property=\"article:modified_time\" content=\"2023-09-20T11:18:04+00:00\" \/>\n<meta name=\"twitter:card\" content=\"summary_large_image\" \/>\n<meta name=\"twitter:label1\" content=\"Est. reading time\" \/>\n\t<meta name=\"twitter:data1\" content=\"3 minutes\" \/>\n<script type=\"application\/ld+json\" class=\"yoast-schema-graph\">{\"@context\":\"https:\/\/schema.org\",\"@graph\":[{\"@type\":\"WebPage\",\"@id\":\"https:\/\/san-fernando.com\/en\/seville\/\",\"url\":\"https:\/\/san-fernando.com\/en\/seville\/\",\"name\":\"Seville - INSTITUTO SAN FERNANDO\",\"isPartOf\":{\"@id\":\"https:\/\/san-fernando.com\/#website\"},\"datePublished\":\"2023-08-17T10:00:59+00:00\",\"dateModified\":\"2023-09-20T11:18:04+00:00\",\"breadcrumb\":{\"@id\":\"https:\/\/san-fernando.com\/en\/seville\/#breadcrumb\"},\"inLanguage\":\"en-US\",\"potentialAction\":[{\"@type\":\"ReadAction\",\"target\":[\"https:\/\/san-fernando.com\/en\/seville\/\"]}]},{\"@type\":\"BreadcrumbList\",\"@id\":\"https:\/\/san-fernando.com\/en\/seville\/#breadcrumb\",\"itemListElement\":[{\"@type\":\"ListItem\",\"position\":1,\"name\":\"Portada\",\"item\":\"https:\/\/san-fernando.com\/en\/\"},{\"@type\":\"ListItem\",\"position\":2,\"name\":\"Seville\"}]},{\"@type\":\"WebSite\",\"@id\":\"https:\/\/san-fernando.com\/#website\",\"url\":\"https:\/\/san-fernando.com\/\",\"name\":\"INSTITUTO SAN FERNANDO\",\"description\":\"INSTITUTO SAN FERNANDO\",\"publisher\":{\"@id\":\"https:\/\/san-fernando.com\/#organization\"},\"potentialAction\":[{\"@type\":\"SearchAction\",\"target\":{\"@type\":\"EntryPoint\",\"urlTemplate\":\"https:\/\/san-fernando.com\/?s={search_term_string}\"},\"query-input\":{\"@type\":\"PropertyValueSpecification\",\"valueRequired\":true,\"valueName\":\"search_term_string\"}}],\"inLanguage\":\"en-US\"},{\"@type\":\"Organization\",\"@id\":\"https:\/\/san-fernando.com\/#organization\",\"name\":\"INSTITUTO SAN FERNANDO\",\"url\":\"https:\/\/san-fernando.com\/\",\"logo\":{\"@type\":\"ImageObject\",\"inLanguage\":\"en-US\",\"@id\":\"https:\/\/san-fernando.com\/#\/schema\/logo\/image\/\",\"url\":\"https:\/\/san-fernando.com\/wp-content\/uploads\/2023\/08\/Instituto-San-Fernando-logotipo-350w.png\",\"contentUrl\":\"https:\/\/san-fernando.com\/wp-content\/uploads\/2023\/08\/Instituto-San-Fernando-logotipo-350w.png\",\"width\":350,\"height\":48,\"caption\":\"INSTITUTO SAN FERNANDO\"},\"image\":{\"@id\":\"https:\/\/san-fernando.com\/#\/schema\/logo\/image\/\"},\"sameAs\":[\"https:\/\/es-es.facebook.com\/InstitutoSanFernando.ISF\/\",\"https:\/\/www.instagram.com\/institutosanfernando\/\"]}]}<\/script>\n<!-- \/ Yoast SEO plugin. -->","yoast_head_json":{"title":"Seville - INSTITUTO SAN FERNANDO","robots":{"index":"index","follow":"follow","max-snippet":"max-snippet:-1","max-image-preview":"max-image-preview:large","max-video-preview":"max-video-preview:-1"},"canonical":"https:\/\/san-fernando.com\/en\/seville\/","og_locale":"en_US","og_type":"article","og_title":"Seville - INSTITUTO SAN FERNANDO","og_description":"[vc_row][vc_column][vc_empty_space][vc_column_text] Seville has passion. This is where flamenco, bullfights, Don Juan, Carmen, Holy Week and the April Fair can be seen and felt by all. Seville is the past. With the largest oldquarter in all of Europe, virtually all the &hellip;","og_url":"https:\/\/san-fernando.com\/en\/seville\/","og_site_name":"INSTITUTO SAN FERNANDO","article_publisher":"https:\/\/es-es.facebook.com\/InstitutoSanFernando.ISF\/","article_modified_time":"2023-09-20T11:18:04+00:00","twitter_card":"summary_large_image","twitter_misc":{"Est. reading time":"3 minutes"},"schema":{"@context":"https:\/\/schema.org","@graph":[{"@type":"WebPage","@id":"https:\/\/san-fernando.com\/en\/seville\/","url":"https:\/\/san-fernando.com\/en\/seville\/","name":"Seville - INSTITUTO SAN FERNANDO","isPartOf":{"@id":"https:\/\/san-fernando.com\/#website"},"datePublished":"2023-08-17T10:00:59+00:00","dateModified":"2023-09-20T11:18:04+00:00","breadcrumb":{"@id":"https:\/\/san-fernando.com\/en\/seville\/#breadcrumb"},"inLanguage":"en-US","potentialAction":[{"@type":"ReadAction","target":["https:\/\/san-fernando.com\/en\/seville\/"]}]},{"@type":"BreadcrumbList","@id":"https:\/\/san-fernando.com\/en\/seville\/#breadcrumb","itemListElement":[{"@type":"ListItem","position":1,"name":"Portada","item":"https:\/\/san-fernando.com\/en\/"},{"@type":"ListItem","position":2,"name":"Seville"}]},{"@type":"WebSite","@id":"https:\/\/san-fernando.com\/#website","url":"https:\/\/san-fernando.com\/","name":"INSTITUTO SAN FERNANDO","description":"INSTITUTO SAN FERNANDO","publisher":{"@id":"https:\/\/san-fernando.com\/#organization"},"potentialAction":[{"@type":"SearchAction","target":{"@type":"EntryPoint","urlTemplate":"https:\/\/san-fernando.com\/?s={search_term_string}"},"query-input":{"@type":"PropertyValueSpecification","valueRequired":true,"valueName":"search_term_string"}}],"inLanguage":"en-US"},{"@type":"Organization","@id":"https:\/\/san-fernando.com\/#organization","name":"INSTITUTO SAN FERNANDO","url":"https:\/\/san-fernando.com\/","logo":{"@type":"ImageObject","inLanguage":"en-US","@id":"https:\/\/san-fernando.com\/#\/schema\/logo\/image\/","url":"https:\/\/san-fernando.com\/wp-content\/uploads\/2023\/08\/Instituto-San-Fernando-logotipo-350w.png","contentUrl":"https:\/\/san-fernando.com\/wp-content\/uploads\/2023\/08\/Instituto-San-Fernando-logotipo-350w.png","width":350,"height":48,"caption":"INSTITUTO SAN FERNANDO"},"image":{"@id":"https:\/\/san-fernando.com\/#\/schema\/logo\/image\/"},"sameAs":["https:\/\/es-es.facebook.com\/InstitutoSanFernando.ISF\/","https:\/\/www.instagram.com\/institutosanfernando\/"]}]}},"_links":{"self":[{"href":"https:\/\/san-fernando.com\/en\/wp-json\/wp\/v2\/pages\/14836"}],"collection":[{"href":"https:\/\/san-fernando.com\/en\/wp-json\/wp\/v2\/pages"}],"about":[{"href":"https:\/\/san-fernando.com\/en\/wp-json\/wp\/v2\/types\/page"}],"author":[{"embeddable":true,"href":"https:\/\/san-fernando.com\/en\/wp-json\/wp\/v2\/users\/1"}],"replies":[{"embeddable":true,"href":"https:\/\/san-fernando.com\/en\/wp-json\/wp\/v2\/comments?post=14836"}],"version-history":[{"count":0,"href":"https:\/\/san-fernando.com\/en\/wp-json\/wp\/v2\/pages\/14836\/revisions"}],"wp:attachment":[{"href":"https:\/\/san-fernando.com\/en\/wp-json\/wp\/v2\/media?parent=14836"}],"curies":[{"name":"wp","href":"https:\/\/api.w.org\/{rel}","templated":true}]}}