{"id":15031,"date":"2023-08-21T13:16:35","date_gmt":"2023-08-21T11:16:35","guid":{"rendered":"https:\/\/san-fernando.com\/granada\/"},"modified":"2023-09-20T13:16:35","modified_gmt":"2023-09-20T11:16:35","slug":"granada","status":"publish","type":"page","link":"https:\/\/san-fernando.com\/en\/granada\/","title":{"rendered":"Granada"},"content":{"rendered":"<div class=\"wpb-content-wrapper\"><p>[vc_row][vc_column]<div class=\"thim-widget-heading template-base\"><div class=\"sc_heading  text-center\"><h3 style=\"text-transform: uppercase;\" class=\"title\">Granada<\/h3><span class=\"line\"><\/span><\/div><\/div><div class=\"thim-widget-single-images template-single-images\">\n<div class=\"single-image text-center\"><img src =\"https:\/\/san-fernando.com\/wp-content\/uploads\/2023\/08\/skyline-granada.png\" width=\"800\" height=\"129\" alt=\"\"\/><\/div><\/div>[vc_empty_space][vc_column_text]<\/p>\n<p style=\"text-align: justify;\">At the foot of the Sierra Nevada, between the Darro and Genil rivers, you will find one of the most interesting cities in eastern Andalusia. An impressive Andalusian legacy brings together Renaissance architectural gems and the most modern facilities, typical of the 21st century.<\/p>\n<p style=\"text-align: justify;\">Due to the fact that it was the last city reconquered by the Catholic Monarchs in 1492, Granada has an unmistakable Arabic flavour. Its gastronomy, craft and urbanism are a consequence of the city\u2019s glorious history.<\/p>\n<p style=\"text-align: justify;\">Walk through beautiful gardens, charming narrow streets full of flowers, sit in one of those typical taverns and breathe the centuries of history anywhere around you.<\/p>\n<p>[\/vc_column_text][vc_empty_space][vc_images_carousel images=&#8221;14356,14361,14366,14371,14376,14381&#8243; img_size=&#8221;full&#8221; onclick=&#8221;link_no&#8221; speed=&#8221;3000&#8243; slides_per_view=&#8221;3&#8243; autoplay=&#8221;yes&#8221; hide_prev_next_buttons=&#8221;yes&#8221; wrap=&#8221;yes&#8221;][\/vc_column][\/vc_row][vc_row][vc_column]<div class=\"thim-widget-heading template-base\"><div class=\"sc_heading  text-center\"><h3 style=\"text-transform: uppercase;\" class=\"title\">Excursiones desde Granada<\/h3><span class=\"line\"><\/span><\/div><\/div>[vc_column_text]<\/p>\n<p style=\"text-align: justify;\">During the courses, we organize plenty of excursions to nearby places with the intention of giving the students the opportunity to get to know more of Spain.<\/p>\n<p style=\"text-align: justify;\">All these excursions are integrated in the academic program and the highlight topics are covered in class.<\/p>\n<p style=\"text-align: justify;\">All of them are carried out by a Coordinator\/teacher that will be explaining, in an entertaining and amusing manner, all the important historical aspects of the city.<\/p>\n<p><em>Important: In some cases, this may include overnight hotel stays.<\/em>[\/vc_column_text][\/vc_column][\/vc_row][vc_row][vc_column]<div class=\"thim-widget-heading template-base\"><div class=\"sc_heading  text-center\"><h3 style=\"text-transform: uppercase;\" class=\"title\">Visitas culturales en Granada<\/h3><span class=\"line\"><\/span><\/div><\/div>[vc_column_text]<\/p>\n<p style=\"text-align: justify;\">At Instituto San Fernando, we realize that the success of a Spanish language program is not solely dependent on the quality of the classes, but also the development of a cultural activities\/free time program which fully immerses the student in the country\u2019s culture.<\/p>\n<p style=\"text-align: justify;\">The cultural activities component of our programs is designed to provide our students with a vision of Spanish culture and society in the most complete and integrated form possible. It is based on diverse criteria, including our high academic standards as well as the personal interests of the students.<\/p>\n<p style=\"text-align: justify;\">All activities are carefully planned, discussed before and after in the classroom, include the appropriate materials and are accompanied by a specialized professor-mentor. We not only teach culture in the classroom; we allow each student to experience the most important aspects of Spanish society through a carefully structured program of cultural visits.<\/p>\n<p style=\"text-align: justify;\">The Alhambra and the Generalife, the Cathedral and the Royal Chapel, walk through the Albaic\u00edn neighborhood, visit Los C\u00e1rmenes and the Mirador de San Nicol\u00e1s, walk through the Alcaicer\u00eda, visit the Federico Garc\u00eda Lorca Museum, the Hotel Washington or the Corral del Carb\u00f3n These are some of our proposals.<\/p>\n<p>[\/vc_column_text][vc_empty_space][\/vc_column][\/vc_row][vc_row][vc_column width=&#8221;1\/3&#8243;][\/vc_column][vc_column width=&#8221;1\/3&#8243;]<div class=\"thim-widget-button template-base\"><a class=\"widget-button  no-border normal custom_style\" href=\"\/wp-content\/uploads\/2023\/09\/Catalogo-Espanol-1.pdf\" style=\"--widget-button-font-size: 18px;--widget-button-font-weight: bold;--widget-button-color: #ffffff;--widget-button-background-color: #337ab7;--widget-button-color-hover: #ffffff;--widget-button-background-color-hover: #000000;\">GET TO KNOW OUR PROGRAMS<\/a><\/div>[\/vc_column][vc_column width=&#8221;1\/3&#8243;][\/vc_column][\/vc_row]<\/p>\n<\/div>","protected":false},"excerpt":{"rendered":"<p>[vc_row][vc_column][vc_empty_space][vc_column_text] At the foot of the Sierra Nevada, between the Darro and Genil rivers, you will find one of the most interesting cities in eastern Andalusia. An impressive Andalusian legacy brings together Renaissance architectural gems and the most modern facilities, &hellip; <\/p>\n","protected":false},"author":1,"featured_media":0,"parent":0,"menu_order":0,"comment_status":"closed","ping_status":"closed","template":"","meta":{"footnotes":""},"class_list":["post-15031","page","type-page","status-publish","hentry"],"yoast_head":"<!-- This site is optimized with the Yoast SEO plugin v25.1 - https:\/\/yoast.com\/wordpress\/plugins\/seo\/ -->\n<title>Granada - INSTITUTO SAN FERNANDO<\/title>\n<meta name=\"robots\" content=\"index, follow, max-snippet:-1, max-image-preview:large, max-video-preview:-1\" \/>\n<link rel=\"canonical\" href=\"https:\/\/san-fernando.com\/en\/granada\/\" \/>\n<meta property=\"og:locale\" content=\"en_US\" \/>\n<meta property=\"og:type\" content=\"article\" \/>\n<meta property=\"og:title\" content=\"Granada - INSTITUTO SAN FERNANDO\" \/>\n<meta property=\"og:description\" content=\"[vc_row][vc_column][vc_empty_space][vc_column_text] At the foot of the Sierra Nevada, between the Darro and Genil rivers, you will find one of the most interesting cities in eastern Andalusia. An impressive Andalusian legacy brings together Renaissance architectural gems and the most modern facilities, &hellip;\" \/>\n<meta property=\"og:url\" content=\"https:\/\/san-fernando.com\/en\/granada\/\" \/>\n<meta property=\"og:site_name\" content=\"INSTITUTO SAN FERNANDO\" \/>\n<meta property=\"article:publisher\" content=\"https:\/\/es-es.facebook.com\/InstitutoSanFernando.ISF\/\" \/>\n<meta property=\"article:modified_time\" content=\"2023-09-20T11:16:35+00:00\" \/>\n<meta name=\"twitter:card\" content=\"summary_large_image\" \/>\n<meta name=\"twitter:label1\" content=\"Est. reading time\" \/>\n\t<meta name=\"twitter:data1\" content=\"2 minutes\" \/>\n<script type=\"application\/ld+json\" class=\"yoast-schema-graph\">{\"@context\":\"https:\/\/schema.org\",\"@graph\":[{\"@type\":\"WebPage\",\"@id\":\"https:\/\/san-fernando.com\/en\/granada\/\",\"url\":\"https:\/\/san-fernando.com\/en\/granada\/\",\"name\":\"Granada - INSTITUTO SAN FERNANDO\",\"isPartOf\":{\"@id\":\"https:\/\/san-fernando.com\/#website\"},\"datePublished\":\"2023-08-21T11:16:35+00:00\",\"dateModified\":\"2023-09-20T11:16:35+00:00\",\"breadcrumb\":{\"@id\":\"https:\/\/san-fernando.com\/en\/granada\/#breadcrumb\"},\"inLanguage\":\"en-US\",\"potentialAction\":[{\"@type\":\"ReadAction\",\"target\":[\"https:\/\/san-fernando.com\/en\/granada\/\"]}]},{\"@type\":\"BreadcrumbList\",\"@id\":\"https:\/\/san-fernando.com\/en\/granada\/#breadcrumb\",\"itemListElement\":[{\"@type\":\"ListItem\",\"position\":1,\"name\":\"Portada\",\"item\":\"https:\/\/san-fernando.com\/en\/\"},{\"@type\":\"ListItem\",\"position\":2,\"name\":\"Granada\"}]},{\"@type\":\"WebSite\",\"@id\":\"https:\/\/san-fernando.com\/#website\",\"url\":\"https:\/\/san-fernando.com\/\",\"name\":\"INSTITUTO SAN FERNANDO\",\"description\":\"INSTITUTO SAN FERNANDO\",\"publisher\":{\"@id\":\"https:\/\/san-fernando.com\/#organization\"},\"potentialAction\":[{\"@type\":\"SearchAction\",\"target\":{\"@type\":\"EntryPoint\",\"urlTemplate\":\"https:\/\/san-fernando.com\/?s={search_term_string}\"},\"query-input\":{\"@type\":\"PropertyValueSpecification\",\"valueRequired\":true,\"valueName\":\"search_term_string\"}}],\"inLanguage\":\"en-US\"},{\"@type\":\"Organization\",\"@id\":\"https:\/\/san-fernando.com\/#organization\",\"name\":\"INSTITUTO SAN FERNANDO\",\"url\":\"https:\/\/san-fernando.com\/\",\"logo\":{\"@type\":\"ImageObject\",\"inLanguage\":\"en-US\",\"@id\":\"https:\/\/san-fernando.com\/#\/schema\/logo\/image\/\",\"url\":\"https:\/\/san-fernando.com\/wp-content\/uploads\/2023\/08\/Instituto-San-Fernando-logotipo-350w.png\",\"contentUrl\":\"https:\/\/san-fernando.com\/wp-content\/uploads\/2023\/08\/Instituto-San-Fernando-logotipo-350w.png\",\"width\":350,\"height\":48,\"caption\":\"INSTITUTO SAN FERNANDO\"},\"image\":{\"@id\":\"https:\/\/san-fernando.com\/#\/schema\/logo\/image\/\"},\"sameAs\":[\"https:\/\/es-es.facebook.com\/InstitutoSanFernando.ISF\/\",\"https:\/\/www.instagram.com\/institutosanfernando\/\"]}]}<\/script>\n<!-- \/ Yoast SEO plugin. -->","yoast_head_json":{"title":"Granada - INSTITUTO SAN FERNANDO","robots":{"index":"index","follow":"follow","max-snippet":"max-snippet:-1","max-image-preview":"max-image-preview:large","max-video-preview":"max-video-preview:-1"},"canonical":"https:\/\/san-fernando.com\/en\/granada\/","og_locale":"en_US","og_type":"article","og_title":"Granada - INSTITUTO SAN FERNANDO","og_description":"[vc_row][vc_column][vc_empty_space][vc_column_text] At the foot of the Sierra Nevada, between the Darro and Genil rivers, you will find one of the most interesting cities in eastern Andalusia. An impressive Andalusian legacy brings together Renaissance architectural gems and the most modern facilities, &hellip;","og_url":"https:\/\/san-fernando.com\/en\/granada\/","og_site_name":"INSTITUTO SAN FERNANDO","article_publisher":"https:\/\/es-es.facebook.com\/InstitutoSanFernando.ISF\/","article_modified_time":"2023-09-20T11:16:35+00:00","twitter_card":"summary_large_image","twitter_misc":{"Est. reading time":"2 minutes"},"schema":{"@context":"https:\/\/schema.org","@graph":[{"@type":"WebPage","@id":"https:\/\/san-fernando.com\/en\/granada\/","url":"https:\/\/san-fernando.com\/en\/granada\/","name":"Granada - INSTITUTO SAN FERNANDO","isPartOf":{"@id":"https:\/\/san-fernando.com\/#website"},"datePublished":"2023-08-21T11:16:35+00:00","dateModified":"2023-09-20T11:16:35+00:00","breadcrumb":{"@id":"https:\/\/san-fernando.com\/en\/granada\/#breadcrumb"},"inLanguage":"en-US","potentialAction":[{"@type":"ReadAction","target":["https:\/\/san-fernando.com\/en\/granada\/"]}]},{"@type":"BreadcrumbList","@id":"https:\/\/san-fernando.com\/en\/granada\/#breadcrumb","itemListElement":[{"@type":"ListItem","position":1,"name":"Portada","item":"https:\/\/san-fernando.com\/en\/"},{"@type":"ListItem","position":2,"name":"Granada"}]},{"@type":"WebSite","@id":"https:\/\/san-fernando.com\/#website","url":"https:\/\/san-fernando.com\/","name":"INSTITUTO SAN FERNANDO","description":"INSTITUTO SAN FERNANDO","publisher":{"@id":"https:\/\/san-fernando.com\/#organization"},"potentialAction":[{"@type":"SearchAction","target":{"@type":"EntryPoint","urlTemplate":"https:\/\/san-fernando.com\/?s={search_term_string}"},"query-input":{"@type":"PropertyValueSpecification","valueRequired":true,"valueName":"search_term_string"}}],"inLanguage":"en-US"},{"@type":"Organization","@id":"https:\/\/san-fernando.com\/#organization","name":"INSTITUTO SAN FERNANDO","url":"https:\/\/san-fernando.com\/","logo":{"@type":"ImageObject","inLanguage":"en-US","@id":"https:\/\/san-fernando.com\/#\/schema\/logo\/image\/","url":"https:\/\/san-fernando.com\/wp-content\/uploads\/2023\/08\/Instituto-San-Fernando-logotipo-350w.png","contentUrl":"https:\/\/san-fernando.com\/wp-content\/uploads\/2023\/08\/Instituto-San-Fernando-logotipo-350w.png","width":350,"height":48,"caption":"INSTITUTO SAN FERNANDO"},"image":{"@id":"https:\/\/san-fernando.com\/#\/schema\/logo\/image\/"},"sameAs":["https:\/\/es-es.facebook.com\/InstitutoSanFernando.ISF\/","https:\/\/www.instagram.com\/institutosanfernando\/"]}]}},"_links":{"self":[{"href":"https:\/\/san-fernando.com\/en\/wp-json\/wp\/v2\/pages\/15031"}],"collection":[{"href":"https:\/\/san-fernando.com\/en\/wp-json\/wp\/v2\/pages"}],"about":[{"href":"https:\/\/san-fernando.com\/en\/wp-json\/wp\/v2\/types\/page"}],"author":[{"embeddable":true,"href":"https:\/\/san-fernando.com\/en\/wp-json\/wp\/v2\/users\/1"}],"replies":[{"embeddable":true,"href":"https:\/\/san-fernando.com\/en\/wp-json\/wp\/v2\/comments?post=15031"}],"version-history":[{"count":0,"href":"https:\/\/san-fernando.com\/en\/wp-json\/wp\/v2\/pages\/15031\/revisions"}],"wp:attachment":[{"href":"https:\/\/san-fernando.com\/en\/wp-json\/wp\/v2\/media?parent=15031"}],"curies":[{"name":"wp","href":"https:\/\/api.w.org\/{rel}","templated":true}]}}