{"id":14736,"date":"2016-08-20T08:58:54","date_gmt":"2016-08-20T06:58:54","guid":{"rendered":"https:\/\/san-fernando.com\/home\/"},"modified":"2025-10-30T12:19:40","modified_gmt":"2025-10-30T11:19:40","slug":"home","status":"publish","type":"page","link":"https:\/\/san-fernando.com\/fr\/","title":{"rendered":"Accueil"},"content":{"rendered":"<div class=\"wpb-content-wrapper\"><p>[vc_row full_width=\u00a0\u00bbstretch_row\u00a0\u00bb css=\u00a0\u00bb.vc_custom_1695366321704{margin-bottom: 0px !important;background-position: center !important;background-repeat: no-repeat !important;background-size: cover !important;}\u00a0\u00bb][vc_column css=\u00a0\u00bb.vc_custom_1691146565896{padding-top: 0px !important;}\u00a0\u00bb][rev_slider_vc alias=\u00a0\u00bbslider-home\u00a0\u00bb][\/vc_column][\/vc_row][vc_row disable_element=\u00a0\u00bbyes\u00a0\u00bb el_class=\u00a0\u00bbthim-university-top-icon thim-bg-overlay\u00a0\u00bb css=\u00a0\u00bb.vc_custom_1720772389566{margin-bottom: 0px !important;}\u00a0\u00bb][vc_column width=\u00a0\u00bb1\/3&Prime;][\/vc_column][vc_column width=\u00a0\u00bb1\/3&Prime;]<div class=\"thim-widget-icon-box template-base\"><div class=\"wrapper-box-icon has_read_more text-center \" ><div class=\"smicon-box iconbox-top\" style=\"--icon-font-size:36px;--icon-color:#ffb606;--icon-width: 70px;--icon-height: 70px;\"><div class=\"boxes-icon\"><span class=\"inner-icon\"><span class=\"icon\"><i class=\"far fa-file-alt\"><\/i><\/span><\/span><\/span><\/div><div class=\"content-inner\"><div class=\"sc-heading article_heading\"><h3 class = \"heading__primary\" style=\"--title-color: #ffffff;--title-font-size: 18px;--title-font-weight: 700;\">T\u00c9L\u00c9CHARGEZ NOTRE CATALOGUE<\/h3><\/div><a class=\"smicon-read sc-btn\" target=\"_self\" href=\"\/wp-content\/uploads\/2023\/09\/Catalogo-Espanol-1.pdf\"  style=\"--btn-text-color: #ffb606;\" >VER M\u00c1S<i class=\"edu-chevron-right\"><\/i><\/a><\/div><\/div><\/div><\/div>[\/vc_column][vc_column width=\u00a0\u00bb1\/3&Prime;][\/vc_column][\/vc_row][vc_row full_width=\u00a0\u00bbstretch_row\u00a0\u00bb parallax=\u00a0\u00bbcontent-moving\u00a0\u00bb parallax_speed_bg=\u00a0\u00bb1.3&Prime; css=\u00a0\u00bb.vc_custom_1695809419757{margin-top: 0px !important;margin-bottom: 0px !important;}\u00a0\u00bb][vc_column][vc_row_inner][vc_column_inner]<div class=\"thim-widget-heading template-base\"><div class=\"sc_heading  text-center\"><h2 style=\"text-transform: uppercase;\" class=\"title\">Choisissez votre \u00e9t\u00e9!<\/h2><p class=\"sub-heading\" style=\"\">Ne ratez pas cette occasion. S\u00e9lectionnez un lieu sur la carte.<\/p><\/div><\/div>[\/vc_column_inner][\/vc_row_inner][vc_row_inner][vc_column_inner width=\u00a0\u00bb1\/4&Prime;][\/vc_column_inner][vc_column_inner width=\u00a0\u00bb1\/2&Prime;][vc_raw_html]W3NwYWluX21hcF0=[\/vc_raw_html][\/vc_column_inner][vc_column_inner width=\u00a0\u00bb1\/4&Prime;][\/vc_column_inner][\/vc_row_inner][\/vc_column][\/vc_row][vc_row full_width=\u00a0\u00bbstretch_row\u00a0\u00bb css=\u00a0\u00bb.vc_custom_1720777667189{margin-bottom: 0px !important;background-color: #99bcda !important;}\u00a0\u00bb][vc_column]<div class=\"thim-widget-heading template-base\"><div class=\"sc_heading  text-center\"><h3 style=\"text-transform: uppercase;color:#000000;\" class=\"title\">VOULEZ-VOUS NOUS CONTACTER?<\/h3><p class=\"sub-heading\" style=\"color:#000000;\">\u00c9crivez-nous via notre formulaire de contact et nous vous recontacterons !<\/p><\/div><\/div>[vc_btn title=\u00a0\u00bbCONTACTER\u00a0\u00bb style=\u00a0\u00bboutline-custom\u00a0\u00bb outline_custom_color=\u00a0\u00bb#666666&Prime; outline_custom_hover_background=\u00a0\u00bb#666666&Prime; outline_custom_hover_text=\u00a0\u00bb#ffffff\u00a0\u00bb shape=\u00a0\u00bbsquare\u00a0\u00bb align=\u00a0\u00bbcenter\u00a0\u00bb link=\u00a0\u00bburl:https%3A%2F%2Fsan-fernando.com%2Ffr%2Fcontact%2F|title:Contact|\u00a0\u00bb][\/vc_column][\/vc_row][vc_row full_width=\u00a0\u00bbstretch_row\u00a0\u00bb css=\u00a0\u00bb.vc_custom_1720777758446{margin-bottom: 0px !important;background-color: #ffb607 !important;}\u00a0\u00bb][vc_column]<div class=\"thim-widget-heading template-base\"><div class=\"sc_heading  text-center\"><h3 style=\"text-transform: uppercase;color:#000000;\" class=\"title\">DEMANDER UN DEVIS<\/h3><p class=\"sub-heading\" style=\"color:#000000;\">O\u00f9 souhaitez-vous voyager avec vos \u00e9l\u00e8ves ?  Quelles activit\u00e9s aimeriez-vous faire et \u00e0 quelles dates ? Nous vous enverrons une proposition dans les plus brefs d\u00e9lais afin que vous puissiez commencer \u00e0 organiser votre voyage.<\/p><\/div><\/div>[vc_btn title=\u00a0\u00bbDEMANDER\u00a0\u00bb style=\u00a0\u00bboutline\u00a0\u00bb shape=\u00a0\u00bbsquare\u00a0\u00bb color=\u00a0\u00bbblack\u00a0\u00bb align=\u00a0\u00bbcenter\u00a0\u00bb link=\u00a0\u00bburl:https%3A%2F%2Fsan-fernando.com%2Ffr%2Fdemande-de-devis%2F|title:Contact|\u00a0\u00bb][\/vc_column][\/vc_row][vc_row full_width=\u00a0\u00bbstretch_row\u00a0\u00bb parallax=\u00a0\u00bbcontent-moving\u00a0\u00bb parallax_image=\u00a0\u00bb15453&Prime; parallax_speed_bg=\u00a0\u00bb1.3&Prime; el_class=\u00a0\u00bbthim-dark thim-join-the-elite-group\u00a0\u00bb css=\u00a0\u00bb.vc_custom_1695809459647{margin-bottom: 0px !important;}\u00a0\u00bb][vc_column][vc_row_inner][vc_column_inner]<div class=\"thim-widget-heading template-base\"><div class=\"sc_heading  text-center\"><h2 style=\"text-transform: uppercase;color:#ffffff;\" class=\"title\">T\u00e9l\u00e9chargez notre catalogue en PDF!<\/h2><p class=\"sub-heading\" style=\"color:#ffffff;\">Toutes les informations concernant notre activit\u00e9 sont au format PDF.<\/p><\/div><\/div>[\/vc_column_inner][\/vc_row_inner]<div class=\"thim-widget-button template-base\"><a class=\"widget-button  normal\" href=\"\/wp-content\/uploads\/2025\/10\/CATALOGO_FR_2026.pdf\" target=\"_blank\">T\u00c9L\u00c9CHARGER LE PDF<\/a><\/div>[\/vc_column][\/vc_row][vc_row disable_element=\u00a0\u00bbyes\u00a0\u00bb css=\u00a0\u00bb.vc_custom_1694775596493{background-position: center !important;background-repeat: no-repeat !important;background-size: contain !important;}\u00a0\u00bb el_class=\u00a0\u00bbthim-latest-new-university\u00a0\u00bb][vc_column][vc_row_inner][vc_column_inner]<div class=\"thim-widget-heading template-base\"><div class=\"sc_heading  text-center\"><h2 style=\"text-transform: uppercase;font-size:30px;\" class=\"title\">Derni\u00e8res nouvelles<\/h2><p class=\"sub-heading\" style=\"\">SIGUE NUESTRA ACTUALIDAD Y MANTENTE INFORMADO<\/p><\/div><\/div>[\/vc_column_inner][\/vc_row_inner][vc_basic_grid post_type=\u00a0\u00bbpost\u00a0\u00bb max_items=\u00a0\u00bb3&Prime; style=\u00a0\u00bbload-more\u00a0\u00bb items_per_page=\u00a0\u00bb9&Prime; show_filter=\u00a0\u00bbyes\u00a0\u00bb grid_id=\u00a0\u00bbvc_gid:1761823041119-1617d60f-0020-4&Prime; filter_source=\u00a0\u00bbcategory\u00a0\u00bb taxonomies=\u00a0\u00bb60, 61&Prime;][\/vc_column][\/vc_row][vc_row full_width=\u00a0\u00bbstretch_row\u00a0\u00bb disable_element=\u00a0\u00bbyes\u00a0\u00bb css=\u00a0\u00bb.vc_custom_1725883084415{margin-bottom: 0px !important;padding-bottom: 60px !important;background-color: #f9f9f9 !important;}\u00a0\u00bb][vc_column]<div class=\"thim-widget-heading template-base\"><div class=\"sc_heading  text-center\"><h2 style=\"text-transform: uppercase;font-size:30px;\" class=\"title\">\u00daltimos Videos<\/h2><p class=\"sub-heading\" style=\"\">SIGUE NUESTRO CANAL DE YOUTUBE<\/p><\/div><\/div>[\/vc_column][\/vc_row][vc_row full_width=\u00a0\u00bbstretch_row\u00a0\u00bb parallax=\u00a0\u00bbcontent-moving\u00a0\u00bb parallax_image=\u00a0\u00bb5841&Prime; parallax_speed_bg=\u00a0\u00bb1.3&Prime; css=\u00a0\u00bb.vc_custom_1695809537883{margin-bottom: 0px !important;padding-bottom: 25px !important;}\u00a0\u00bb el_class=\u00a0\u00bbthim-bg-overlay\u00a0\u00bb][vc_column]<div class=\"thim-widget-heading template-base\"><div class=\"sc_heading  text-center\"><h2 style=\"text-transform: uppercase;color:#ffffff;font-size:30px;\" class=\"title\">INSTITUT SAN FERNANDO<\/h2><\/div><\/div>[\/vc_column][vc_column width=\u00a0\u00bb1\/3&Prime;]<div class=\"thim-widget-counters-box template-base\"><div class=\"counter-box \" style=\"\"><div class=\"icon-counter-box\" style=\"\"><span class=\"icon icon-images\"><img loading=\"lazy\" decoding=\"async\" src=\"https:\/\/san-fernando.com\/wp-content\/uploads\/2023\/08\/estudiantes_white_100.png\" alt=\"estudiantes_white_100\"  width=\"100\" height=\"100\"><\/span><\/div><div class=\"content-box-percentage\">\n\t\t<div class=\"wrap-percentage\">\n\t\t<div class=\"display-percentage\" data-percentage=\"6735\" >6735<\/div><div class=\"text_number\"><\/div><\/div><div class=\"counter-content-container\"><div class=\"counter-box-content\" style=\"\">\u00c9TUDIANTS<\/div><\/div><\/div><\/div><\/div>[\/vc_column][vc_column width=\u00a0\u00bb1\/3&Prime;]<div class=\"thim-widget-counters-box template-base\"><div class=\"counter-box \" style=\"\"><div class=\"icon-counter-box\" style=\"\"><span class=\"icon icon-images\"><img loading=\"lazy\" decoding=\"async\" src=\"https:\/\/san-fernando.com\/wp-content\/uploads\/2023\/08\/experiencia_w_100.png\" alt=\"experiencia_w_100\"  width=\"100\" height=\"100\"><\/span><\/div><div class=\"content-box-percentage\">\n\t\t<div class=\"wrap-percentage\">\n\t\t<div class=\"display-percentage\" data-percentage=\"28\" >28<\/div><div class=\"text_number\"><\/div><\/div><div class=\"counter-content-container\"><div class=\"counter-box-content\" style=\"\">DES ANN\u00c9ES D'EXP\u00c9RIENCE<\/div><\/div><\/div><\/div><\/div>[\/vc_column][vc_column width=\u00a0\u00bb1\/3&Prime;]<div class=\"thim-widget-counters-box template-base\"><div class=\"counter-box \" style=\"\"><div class=\"icon-counter-box\" style=\"\"><span class=\"icon icon-images\"><img loading=\"lazy\" decoding=\"async\" src=\"https:\/\/san-fernando.com\/wp-content\/uploads\/2023\/08\/destinos_w_100.png\" alt=\"destinos_w_100\"  width=\"100\" height=\"100\"><\/span><\/div><div class=\"content-box-percentage\">\n\t\t<div class=\"wrap-percentage\">\n\t\t<div class=\"display-percentage\" data-percentage=\"10\" >10<\/div><div class=\"text_number\"><\/div><\/div><div class=\"counter-content-container\"><div class=\"counter-box-content\" style=\"\">DESTINATION<\/div><\/div><\/div><\/div><\/div>[\/vc_column][\/vc_row]<\/p>\n<\/div>","protected":false},"excerpt":{"rendered":"<p>[vc_row full_width=\u00a0\u00bbstretch_row\u00a0\u00bb css=\u00a0\u00bb.vc_custom_1695366321704{margin-bottom: 0px !important;background-position: center !important;background-repeat: no-repeat !important;background-size: cover !important;}\u00a0\u00bb][vc_column css=\u00a0\u00bb.vc_custom_1691146565896{padding-top: 0px !important;}\u00a0\u00bb][rev_slider_vc alias=\u00a0\u00bbslider-home\u00a0\u00bb][\/vc_column][\/vc_row][vc_row disable_element=\u00a0\u00bbyes\u00a0\u00bb el_class=\u00a0\u00bbthim-university-top-icon thim-bg-overlay\u00a0\u00bb css=\u00a0\u00bb.vc_custom_1720772389566{margin-bottom: 0px !important;}\u00a0\u00bb][vc_column width=\u00a0\u00bb1\/3&Prime;][\/vc_column][vc_column width=\u00a0\u00bb1\/3&Prime;][\/vc_column][vc_column width=\u00a0\u00bb1\/3&Prime;][\/vc_column][\/vc_row][vc_row full_width=\u00a0\u00bbstretch_row\u00a0\u00bb parallax=\u00a0\u00bbcontent-moving\u00a0\u00bb parallax_speed_bg=\u00a0\u00bb1.3&Prime; css=\u00a0\u00bb.vc_custom_1695809419757{margin-top: 0px !important;margin-bottom: 0px !important;}\u00a0\u00bb][vc_column][vc_row_inner][vc_column_inner][\/vc_column_inner][\/vc_row_inner][vc_row_inner][vc_column_inner width=\u00a0\u00bb1\/4&Prime;][\/vc_column_inner][vc_column_inner width=\u00a0\u00bb1\/2&Prime;][vc_raw_html]W3NwYWluX21hcF0=[\/vc_raw_html][\/vc_column_inner][vc_column_inner width=\u00a0\u00bb1\/4&Prime;][\/vc_column_inner][\/vc_row_inner][\/vc_column][\/vc_row][vc_row full_width=\u00a0\u00bbstretch_row\u00a0\u00bb css=\u00a0\u00bb.vc_custom_1720777667189{margin-bottom: 0px !important;background-color: #99bcda &hellip; <\/p>\n","protected":false},"author":1,"featured_media":0,"parent":0,"menu_order":0,"comment_status":"closed","ping_status":"closed","template":"page-templates\/homepage.php","meta":{"footnotes":""},"class_list":["post-14736","page","type-page","status-publish","hentry"],"yoast_head":"<!-- This site is optimized with the Yoast SEO plugin v25.1 - https:\/\/yoast.com\/wordpress\/plugins\/seo\/ -->\n<title>Accueil - INSTITUTO SAN FERNANDO<\/title>\n<meta name=\"robots\" content=\"index, follow, max-snippet:-1, max-image-preview:large, max-video-preview:-1\" \/>\n<link rel=\"canonical\" href=\"https:\/\/san-fernando.com\/fr\/\" \/>\n<meta property=\"og:locale\" content=\"fr_FR\" \/>\n<meta property=\"og:type\" content=\"article\" \/>\n<meta property=\"og:title\" content=\"Accueil - INSTITUTO SAN FERNANDO\" \/>\n<meta property=\"og:description\" content=\"[vc_row full_width=\u00a0\u00bbstretch_row\u00a0\u00bb css=\u00a0\u00bb.vc_custom_1695366321704{margin-bottom: 0px !important;background-position: center !important;background-repeat: no-repeat !important;background-size: cover !important;}\u00a0\u00bb][vc_column css=\u00a0\u00bb.vc_custom_1691146565896{padding-top: 0px !important;}\u00a0\u00bb][rev_slider_vc alias=\u00a0\u00bbslider-home\u00a0\u00bb][\/vc_column][\/vc_row][vc_row disable_element=\u00a0\u00bbyes\u00a0\u00bb el_class=\u00a0\u00bbthim-university-top-icon thim-bg-overlay\u00a0\u00bb css=\u00a0\u00bb.vc_custom_1720772389566{margin-bottom: 0px !important;}\u00a0\u00bb][vc_column width=\u00a0\u00bb1\/3&Prime;][\/vc_column][vc_column width=\u00a0\u00bb1\/3&Prime;][\/vc_column][vc_column width=\u00a0\u00bb1\/3&Prime;][\/vc_column][\/vc_row][vc_row full_width=\u00a0\u00bbstretch_row\u00a0\u00bb parallax=\u00a0\u00bbcontent-moving\u00a0\u00bb parallax_speed_bg=\u00a0\u00bb1.3&Prime; css=\u00a0\u00bb.vc_custom_1695809419757{margin-top: 0px !important;margin-bottom: 0px !important;}\u00a0\u00bb][vc_column][vc_row_inner][vc_column_inner][\/vc_column_inner][\/vc_row_inner][vc_row_inner][vc_column_inner width=\u00a0\u00bb1\/4&Prime;][\/vc_column_inner][vc_column_inner width=\u00a0\u00bb1\/2&Prime;][vc_raw_html]W3NwYWluX21hcF0=[\/vc_raw_html][\/vc_column_inner][vc_column_inner width=\u00a0\u00bb1\/4&Prime;][\/vc_column_inner][\/vc_row_inner][\/vc_column][\/vc_row][vc_row full_width=\u00a0\u00bbstretch_row\u00a0\u00bb css=\u00a0\u00bb.vc_custom_1720777667189{margin-bottom: 0px !important;background-color: #99bcda &hellip;\" \/>\n<meta property=\"og:url\" content=\"https:\/\/san-fernando.com\/fr\/\" \/>\n<meta property=\"og:site_name\" content=\"INSTITUTO SAN FERNANDO\" \/>\n<meta property=\"article:publisher\" content=\"https:\/\/es-es.facebook.com\/InstitutoSanFernando.ISF\/\" \/>\n<meta property=\"article:modified_time\" content=\"2025-10-30T11:19:40+00:00\" \/>\n<meta name=\"twitter:card\" content=\"summary_large_image\" \/>\n<meta name=\"twitter:label1\" content=\"Dur\u00e9e de lecture estim\u00e9e\" \/>\n\t<meta name=\"twitter:data1\" content=\"2 minutes\" \/>\n<script type=\"application\/ld+json\" class=\"yoast-schema-graph\">{\"@context\":\"https:\/\/schema.org\",\"@graph\":[{\"@type\":\"WebPage\",\"@id\":\"https:\/\/san-fernando.com\/fr\/\",\"url\":\"https:\/\/san-fernando.com\/fr\/\",\"name\":\"Accueil - INSTITUTO SAN FERNANDO\",\"isPartOf\":{\"@id\":\"https:\/\/san-fernando.com\/#website\"},\"datePublished\":\"2016-08-20T06:58:54+00:00\",\"dateModified\":\"2025-10-30T11:19:40+00:00\",\"breadcrumb\":{\"@id\":\"https:\/\/san-fernando.com\/fr\/#breadcrumb\"},\"inLanguage\":\"fr-FR\",\"potentialAction\":[{\"@type\":\"ReadAction\",\"target\":[\"https:\/\/san-fernando.com\/fr\/\"]}]},{\"@type\":\"BreadcrumbList\",\"@id\":\"https:\/\/san-fernando.com\/fr\/#breadcrumb\",\"itemListElement\":[{\"@type\":\"ListItem\",\"position\":1,\"name\":\"Portada\",\"item\":\"https:\/\/san-fernando.com\/fr\/\"},{\"@type\":\"ListItem\",\"position\":2,\"name\":\"Accueil\"}]},{\"@type\":\"WebSite\",\"@id\":\"https:\/\/san-fernando.com\/#website\",\"url\":\"https:\/\/san-fernando.com\/\",\"name\":\"INSTITUTO SAN FERNANDO\",\"description\":\"INSTITUTO SAN FERNANDO\",\"publisher\":{\"@id\":\"https:\/\/san-fernando.com\/#organization\"},\"potentialAction\":[{\"@type\":\"SearchAction\",\"target\":{\"@type\":\"EntryPoint\",\"urlTemplate\":\"https:\/\/san-fernando.com\/?s={search_term_string}\"},\"query-input\":{\"@type\":\"PropertyValueSpecification\",\"valueRequired\":true,\"valueName\":\"search_term_string\"}}],\"inLanguage\":\"fr-FR\"},{\"@type\":\"Organization\",\"@id\":\"https:\/\/san-fernando.com\/#organization\",\"name\":\"INSTITUTO SAN FERNANDO\",\"url\":\"https:\/\/san-fernando.com\/\",\"logo\":{\"@type\":\"ImageObject\",\"inLanguage\":\"fr-FR\",\"@id\":\"https:\/\/san-fernando.com\/#\/schema\/logo\/image\/\",\"url\":\"https:\/\/san-fernando.com\/wp-content\/uploads\/2023\/08\/Instituto-San-Fernando-logotipo-350w.png\",\"contentUrl\":\"https:\/\/san-fernando.com\/wp-content\/uploads\/2023\/08\/Instituto-San-Fernando-logotipo-350w.png\",\"width\":350,\"height\":48,\"caption\":\"INSTITUTO SAN FERNANDO\"},\"image\":{\"@id\":\"https:\/\/san-fernando.com\/#\/schema\/logo\/image\/\"},\"sameAs\":[\"https:\/\/es-es.facebook.com\/InstitutoSanFernando.ISF\/\",\"https:\/\/www.instagram.com\/institutosanfernando\/\"]}]}<\/script>\n<!-- \/ Yoast SEO plugin. -->","yoast_head_json":{"title":"Accueil - INSTITUTO SAN FERNANDO","robots":{"index":"index","follow":"follow","max-snippet":"max-snippet:-1","max-image-preview":"max-image-preview:large","max-video-preview":"max-video-preview:-1"},"canonical":"https:\/\/san-fernando.com\/fr\/","og_locale":"fr_FR","og_type":"article","og_title":"Accueil - INSTITUTO SAN FERNANDO","og_description":"[vc_row full_width=\u00a0\u00bbstretch_row\u00a0\u00bb css=\u00a0\u00bb.vc_custom_1695366321704{margin-bottom: 0px !important;background-position: center !important;background-repeat: no-repeat !important;background-size: cover !important;}\u00a0\u00bb][vc_column css=\u00a0\u00bb.vc_custom_1691146565896{padding-top: 0px !important;}\u00a0\u00bb][rev_slider_vc alias=\u00a0\u00bbslider-home\u00a0\u00bb][\/vc_column][\/vc_row][vc_row disable_element=\u00a0\u00bbyes\u00a0\u00bb el_class=\u00a0\u00bbthim-university-top-icon thim-bg-overlay\u00a0\u00bb css=\u00a0\u00bb.vc_custom_1720772389566{margin-bottom: 0px !important;}\u00a0\u00bb][vc_column width=\u00a0\u00bb1\/3&Prime;][\/vc_column][vc_column width=\u00a0\u00bb1\/3&Prime;][\/vc_column][vc_column width=\u00a0\u00bb1\/3&Prime;][\/vc_column][\/vc_row][vc_row full_width=\u00a0\u00bbstretch_row\u00a0\u00bb parallax=\u00a0\u00bbcontent-moving\u00a0\u00bb parallax_speed_bg=\u00a0\u00bb1.3&Prime; css=\u00a0\u00bb.vc_custom_1695809419757{margin-top: 0px !important;margin-bottom: 0px !important;}\u00a0\u00bb][vc_column][vc_row_inner][vc_column_inner][\/vc_column_inner][\/vc_row_inner][vc_row_inner][vc_column_inner width=\u00a0\u00bb1\/4&Prime;][\/vc_column_inner][vc_column_inner width=\u00a0\u00bb1\/2&Prime;][vc_raw_html]W3NwYWluX21hcF0=[\/vc_raw_html][\/vc_column_inner][vc_column_inner width=\u00a0\u00bb1\/4&Prime;][\/vc_column_inner][\/vc_row_inner][\/vc_column][\/vc_row][vc_row full_width=\u00a0\u00bbstretch_row\u00a0\u00bb css=\u00a0\u00bb.vc_custom_1720777667189{margin-bottom: 0px !important;background-color: #99bcda &hellip;","og_url":"https:\/\/san-fernando.com\/fr\/","og_site_name":"INSTITUTO SAN FERNANDO","article_publisher":"https:\/\/es-es.facebook.com\/InstitutoSanFernando.ISF\/","article_modified_time":"2025-10-30T11:19:40+00:00","twitter_card":"summary_large_image","twitter_misc":{"Dur\u00e9e de lecture estim\u00e9e":"2 minutes"},"schema":{"@context":"https:\/\/schema.org","@graph":[{"@type":"WebPage","@id":"https:\/\/san-fernando.com\/fr\/","url":"https:\/\/san-fernando.com\/fr\/","name":"Accueil - INSTITUTO SAN FERNANDO","isPartOf":{"@id":"https:\/\/san-fernando.com\/#website"},"datePublished":"2016-08-20T06:58:54+00:00","dateModified":"2025-10-30T11:19:40+00:00","breadcrumb":{"@id":"https:\/\/san-fernando.com\/fr\/#breadcrumb"},"inLanguage":"fr-FR","potentialAction":[{"@type":"ReadAction","target":["https:\/\/san-fernando.com\/fr\/"]}]},{"@type":"BreadcrumbList","@id":"https:\/\/san-fernando.com\/fr\/#breadcrumb","itemListElement":[{"@type":"ListItem","position":1,"name":"Portada","item":"https:\/\/san-fernando.com\/fr\/"},{"@type":"ListItem","position":2,"name":"Accueil"}]},{"@type":"WebSite","@id":"https:\/\/san-fernando.com\/#website","url":"https:\/\/san-fernando.com\/","name":"INSTITUTO SAN FERNANDO","description":"INSTITUTO SAN FERNANDO","publisher":{"@id":"https:\/\/san-fernando.com\/#organization"},"potentialAction":[{"@type":"SearchAction","target":{"@type":"EntryPoint","urlTemplate":"https:\/\/san-fernando.com\/?s={search_term_string}"},"query-input":{"@type":"PropertyValueSpecification","valueRequired":true,"valueName":"search_term_string"}}],"inLanguage":"fr-FR"},{"@type":"Organization","@id":"https:\/\/san-fernando.com\/#organization","name":"INSTITUTO SAN FERNANDO","url":"https:\/\/san-fernando.com\/","logo":{"@type":"ImageObject","inLanguage":"fr-FR","@id":"https:\/\/san-fernando.com\/#\/schema\/logo\/image\/","url":"https:\/\/san-fernando.com\/wp-content\/uploads\/2023\/08\/Instituto-San-Fernando-logotipo-350w.png","contentUrl":"https:\/\/san-fernando.com\/wp-content\/uploads\/2023\/08\/Instituto-San-Fernando-logotipo-350w.png","width":350,"height":48,"caption":"INSTITUTO SAN FERNANDO"},"image":{"@id":"https:\/\/san-fernando.com\/#\/schema\/logo\/image\/"},"sameAs":["https:\/\/es-es.facebook.com\/InstitutoSanFernando.ISF\/","https:\/\/www.instagram.com\/institutosanfernando\/"]}]}},"_links":{"self":[{"href":"https:\/\/san-fernando.com\/fr\/wp-json\/wp\/v2\/pages\/14736"}],"collection":[{"href":"https:\/\/san-fernando.com\/fr\/wp-json\/wp\/v2\/pages"}],"about":[{"href":"https:\/\/san-fernando.com\/fr\/wp-json\/wp\/v2\/types\/page"}],"author":[{"embeddable":true,"href":"https:\/\/san-fernando.com\/fr\/wp-json\/wp\/v2\/users\/1"}],"replies":[{"embeddable":true,"href":"https:\/\/san-fernando.com\/fr\/wp-json\/wp\/v2\/comments?post=14736"}],"version-history":[{"count":0,"href":"https:\/\/san-fernando.com\/fr\/wp-json\/wp\/v2\/pages\/14736\/revisions"}],"wp:attachment":[{"href":"https:\/\/san-fernando.com\/fr\/wp-json\/wp\/v2\/media?parent=14736"}],"curies":[{"name":"wp","href":"https:\/\/api.w.org\/{rel}","templated":true}]}}