{"id":14776,"date":"2015-11-18T08:34:00","date_gmt":"2015-11-18T07:34:00","guid":{"rendered":"https:\/\/san-fernando.com\/qui-sommes-nous\/"},"modified":"2023-09-18T13:52:35","modified_gmt":"2023-09-18T11:52:35","slug":"qui-sommes-nous","status":"publish","type":"page","link":"https:\/\/san-fernando.com\/fr\/qui-sommes-nous\/","title":{"rendered":"QUI SOMMES-NOUS?"},"content":{"rendered":"<div class=\"wpb-content-wrapper\"><p>[vc_row css=\u00a0\u00bb.vc_custom_1471019067901{padding-top: 30px !important;}\u00a0\u00bb][vc_column]<div class=\"thim-widget-heading template-base\"><div class=\"sc_heading  text-center\"><h3 style=\"text-transform: uppercase;\" class=\"title\">QUI SOMMES-NOUS?<\/h3><p class=\"sub-heading\" style=\"\">Instituto San Fernando<\/p><\/div><\/div>[\/vc_column][\/vc_row][vc_row disable_element=\u00a0\u00bbyes\u00a0\u00bb][vc_column width=\u00a0\u00bb1\/4&Prime;]<div class=\"thim-widget-counters-box template-base\"><div class=\"counter-box about-us\" style=\"\"><div class=\"content-box-percentage\">\n\t\t<div class=\"wrap-percentage\">\n\t\t<div class=\"display-percentage\" data-percentage=\"55000\" >55000<\/div><div class=\"text_number\"><\/div><\/div><div class=\"counter-content-container\"><div class=\"counter-box-content\" style=\"\">FOREIGN FOLLOWERS<\/div><\/div><\/div><\/div><\/div>[\/vc_column][vc_column width=\u00a0\u00bb1\/4&Prime;]<div class=\"thim-widget-counters-box template-base\"><div class=\"counter-box about-us\" style=\"\"><div class=\"content-box-percentage\">\n\t\t<div class=\"wrap-percentage\">\n\t\t<div class=\"display-percentage\" data-percentage=\"60\" >60<\/div><div class=\"text_number\"><\/div><\/div><div class=\"counter-content-container\"><div class=\"counter-box-content\" style=\"\">CERTIFIED TEACHERS<\/div><\/div><\/div><\/div><\/div>[\/vc_column][vc_column width=\u00a0\u00bb1\/4&Prime;]<div class=\"thim-widget-counters-box template-base\"><div class=\"counter-box about-us\" style=\"\"><div class=\"content-box-percentage\">\n\t\t<div class=\"wrap-percentage\">\n\t\t<div class=\"display-percentage\" data-percentage=\"2240\" >2240<\/div><div class=\"text_number\"><\/div><\/div><div class=\"counter-content-container\"><div class=\"counter-box-content\" style=\"\">STUDENTS ENROLLED<\/div><\/div><\/div><\/div><\/div>[\/vc_column][vc_column width=\u00a0\u00bb1\/4&Prime;]<div class=\"thim-widget-counters-box template-base\"><div class=\"counter-box about-us\" style=\"\"><div class=\"content-box-percentage\">\n\t\t<div class=\"wrap-percentage\">\n\t\t<div class=\"display-percentage\" data-percentage=\"215\" >215<\/div><div class=\"text_number\"><\/div><\/div><div class=\"counter-content-container\"><div class=\"counter-box-content\" style=\"\">COMPLETE COURSES<\/div><\/div><\/div><\/div><\/div>[\/vc_column][\/vc_row][vc_row][vc_column][vc_column_text]<\/p>\n<p style=\"text-align: justify;\">Depuis 1996, Instituto San Fernando (ISF) s\u2019est exclusivement d\u00e9vou\u00e9 \u00e0 l\u2019enseignement de l\u2019espagnol comme langue \u00e9trang\u00e8re.<\/p>\n<p style=\"text-align: justify;\">Nous sommes une \u00e9quipe dynamique, exp\u00e9riment\u00e9e et professionnelle, accordant une attention personnalis\u00e9e \u00e0 chaque \u00e9tudiant.<\/p>\n<p style=\"text-align: justify;\">Nous avons pour objectif que nos \u00e9tudiants apprennent l\u2019espagnol afin qu\u2019ils soient capables d\u2019utiliser la langue dans de nombreuses situations et des environnements diff\u00e9rents mais aussi qu\u2019ils vivent une immersion dans la culture hispanique. C\u2019est pour cela que nous pensons que le meilleur endroit pour progresser dans une langue est dans son propre contexte culturel.<\/p>\n<p style=\"text-align: justify;\">Nous tenons beaucoup \u00e0 ce que nos \u00e9l\u00e8ves mettent en pratique ce qu\u2019ils ont appris en classe d\u00e8s le premier jour. Notre m\u00e9thode est moderne, cr\u00e9ative et efficace; mais surtout pratique, active et tr\u00e8s ax\u00e9e sur la communication. L\u2019\u00e9tudiant est le protagoniste: il\/ elle habite et \u00e9tudie dans le pays o\u00f9 la langue est parl\u00e9e, il\/elle la pratique \u00e0 la maison avec sa famille d\u2019accueil, en classe, pendant les activit\u00e9s culturelles, \u00e0 l\u2019ext\u00e9rieur de l\u2019\u00e9cole\u2026 Ainsi, l\u2019\u00e9l\u00e8ve exp\u00e9rimente de nouvelles fa\u00e7ons de penser et de vivre, mais surtout est en contact permanent avec l\u2019environnement qui l\u2019entoure et par cons\u00e9quent, il absorbe toutes ces nouvelles connaissances dans un contexte r\u00e9el adapt\u00e9.<\/p>\n<p style=\"text-align: justify;\">Notre mission est d\u2019enseigner la langue et la culture espagnole \u00e0 travers nos cours, \u00e0 l\u2019int\u00e9rieur comme \u00e0 l\u2019ext\u00e9rieur de la salle de classe, dans un contexte authentique! Les progr\u00e8s de nos \u00e9l\u00e8ves \u00e9tant notre meilleure r\u00e9compense!!!<\/p>\n<p>[\/vc_column_text][vc_empty_space]<div class=\"thim-widget-single-images template-single-images\">\n<div class=\"single-image text-center\"><img src =\"https:\/\/san-fernando.com\/wp-content\/uploads\/2023\/08\/quienes-somos.jpg\" width=\"1500\" height=\"904\" alt=\"\"\/><\/div><\/div>[vc_empty_space height=\u00a0\u00bb20px\u00a0\u00bb][\/vc_column][\/vc_row][vc_row css=\u00a0\u00bb.vc_custom_1471019067901{padding-top: 30px !important;}\u00a0\u00bb][vc_column]<div class=\"thim-widget-heading template-base\"><div class=\"sc_heading  text-center\"><h3 style=\"text-transform: uppercase;\" class=\"title\">NOTRE PROGRAMME<\/h3><p class=\"sub-heading\" style=\"\">Instituto San Fernando<\/p><\/div><\/div>[\/vc_column][\/vc_row][vc_row css=\u00a0\u00bb.vc_custom_1471796791252{margin-bottom: 63px !important;}\u00a0\u00bb][vc_column width=\u00a0\u00bb1\/2&Prime; css=\u00a0\u00bb.vc_custom_1471796770554{margin-bottom: 30px !important;}\u00a0\u00bb][vc_column_text]<\/p>\n<h3 class=\"thim-text-title\">Cours de langue et culture espagnoles.<\/h3>\n<p style=\"text-align: justify;\">Nos programmes promettent d&rsquo;\u00eatre une exp\u00e9rience nouvelle et enrichissante si vous parvenez \u00e0 vous adapter \u00e0 vivre et \u00e0 \u00e9tudier \u00e0 l&rsquo;\u00e9tranger, dans une culture diff\u00e9rente.<\/p>\n<p>[\/vc_column_text][vc_column_text]<\/p>\n<h3 class=\"thim-text-title\" style=\"text-align: justify;\">Activit\u00e9s culturelles et ludiques organis\u00e9es par les coordinateurs de ISF .<\/h3>\n<p style=\"text-align: justify;\">Nos activit\u00e9s ont pour objectif de faciliter les relations interpersonnelles, non seulement entre les \u00e9tudiants&#8230;<\/p>\n<p>[\/vc_column_text][\/vc_column][vc_column width=\u00a0\u00bb1\/2&Prime; css=\u00a0\u00bb.vc_custom_1471796781968{margin-bottom: 30px !important;}\u00a0\u00bb][vc_column_text]<\/p>\n<h3 class=\"thim-text-title\" style=\"text-align: justify;\">H\u00e9bergement en familles d\u2019accueil .<\/h3>\n<p style=\"text-align: justify;\">Nous pensons que partager la vie d\u2019une famille en tant qu&rsquo;h\u00f4te est la meilleure mani\u00e8re de vivre une immersion totale dans la culture espagnole. Toutes les familles qui accueillent nos \u00e9tudiants ont \u00e9t\u00e9 soigneusement choisies gr\u00e2ce \u00e0&#8230;<\/p>\n<p>[\/vc_column_text][vc_column_text]<\/p>\n<h3 class=\"thim-text-title\" style=\"text-align: justify;\">Nous sommes pr\u00e9sents dans les plus belles villes d&rsquo;Espagne:<\/h3>\n<p style=\"text-align: justify;\">S\u00e9ville, Valence, Grenade, Cadix, Salamanque, Madrid, Tol\u00e8de, Saint Jacques de Compostelle, Malaga, Alicante et Barcelone. Nous organisons des programmes linguistiques, culturels et professionnels sur mesure destin\u00e9s \u00e0 des coll\u00e8ges, lyc\u00e9es, universit\u00e9s mais aussi clients individuels&#8230;<\/p>\n<p>[\/vc_column_text][\/vc_column][\/vc_row][vc_row][vc_column width=\u00a0\u00bb1\/3&Prime;]<div class=\"thim-widget-single-images template-single-images\">\n<div class=\"single-image text-center\"><img src =\"https:\/\/san-fernando.com\/wp-content\/uploads\/2023\/08\/nuestros-programas-01.jpg\" width=\"576\" height=\"576\" alt=\"\"\/><\/div><\/div>[\/vc_column][vc_column width=\u00a0\u00bb1\/3&Prime;]<div class=\"thim-widget-single-images template-single-images\">\n<div class=\"single-image text-center\"><img src =\"https:\/\/san-fernando.com\/wp-content\/uploads\/2023\/08\/nuestros-programas-03.jpg\" width=\"576\" height=\"576\" alt=\"\"\/><\/div><\/div>[\/vc_column][vc_column width=\u00a0\u00bb1\/3&Prime;]<div class=\"thim-widget-single-images template-single-images\">\n<div class=\"single-image text-center\"><img src =\"https:\/\/san-fernando.com\/wp-content\/uploads\/2023\/08\/nuestros-programas-05.jpg\" width=\"576\" height=\"576\" alt=\"\"\/><\/div><\/div>[\/vc_column][\/vc_row][vc_row full_width=\u00a0\u00bbstretch_row_content_no_spaces\u00a0\u00bb parallax=\u00a0\u00bbcontent-moving\u00a0\u00bb parallax_image=\u00a0\u00bb2935&Prime; parallax_speed_bg=\u00a0\u00bb1.3&Prime;][vc_column][vc_empty_space][\/vc_column][\/vc_row][vc_row disable_element=\u00a0\u00bbyes\u00a0\u00bb][vc_column]<div class=\"thim-widget-heading template-base\"><div class=\"sc_heading  text-center\"><h3 style=\"text-transform: uppercase;\" class=\"title\">Notre \u00e9quipe<\/h3><p class=\"sub-heading\" style=\"\">Instituto San Fernando<\/p><\/div><\/div>[\/vc_column][\/vc_row][vc_row disable_element=\u00a0\u00bbyes\u00a0\u00bb el_class=\u00a0\u00bbthim-no-margin-bottom\u00a0\u00bb][vc_column][thim-our-team number_post=\u00a0\u00bb8&Prime; layout_demo_elegant=\u00a0\u00bbtrue\u00a0\u00bb text_link=\u00a0\u00bbJoin Our Team\u00a0\u00bb link=\u00a0\u00bb#\u00a0\u00bb link_member=\u00a0\u00bbyes\u00a0\u00bb][\/vc_column][\/vc_row]<\/p>\n<\/div>","protected":false},"excerpt":{"rendered":"<p>[vc_row css=\u00a0\u00bb.vc_custom_1471019067901{padding-top: 30px !important;}\u00a0\u00bb][vc_column][\/vc_column][\/vc_row][vc_row disable_element=\u00a0\u00bbyes\u00a0\u00bb][vc_column width=\u00a0\u00bb1\/4&Prime;][\/vc_column][vc_column width=\u00a0\u00bb1\/4&Prime;][\/vc_column][vc_column width=\u00a0\u00bb1\/4&Prime;][\/vc_column][vc_column width=\u00a0\u00bb1\/4&Prime;][\/vc_column][\/vc_row][vc_row][vc_column][vc_column_text] Depuis 1996, Instituto San Fernando (ISF) s\u2019est exclusivement d\u00e9vou\u00e9 \u00e0 l\u2019enseignement de l\u2019espagnol comme langue \u00e9trang\u00e8re. Nous sommes une \u00e9quipe dynamique, exp\u00e9riment\u00e9e et professionnelle, accordant une attention personnalis\u00e9e \u00e0 chaque \u00e9tudiant. &hellip; <\/p>\n","protected":false},"author":1,"featured_media":0,"parent":0,"menu_order":0,"comment_status":"closed","ping_status":"closed","template":"","meta":{"footnotes":""},"class_list":["post-14776","page","type-page","status-publish","hentry"],"yoast_head":"<!-- This site is optimized with the Yoast SEO plugin v25.1 - https:\/\/yoast.com\/wordpress\/plugins\/seo\/ -->\n<title>QUI SOMMES-NOUS? - INSTITUTO SAN FERNANDO<\/title>\n<meta name=\"robots\" content=\"index, follow, max-snippet:-1, max-image-preview:large, max-video-preview:-1\" \/>\n<link rel=\"canonical\" href=\"https:\/\/san-fernando.com\/fr\/qui-sommes-nous\/\" \/>\n<meta property=\"og:locale\" content=\"fr_FR\" \/>\n<meta property=\"og:type\" content=\"article\" \/>\n<meta property=\"og:title\" content=\"QUI SOMMES-NOUS? - INSTITUTO SAN FERNANDO\" \/>\n<meta property=\"og:description\" content=\"[vc_row css=\u00a0\u00bb.vc_custom_1471019067901{padding-top: 30px !important;}\u00a0\u00bb][vc_column][\/vc_column][\/vc_row][vc_row disable_element=\u00a0\u00bbyes\u00a0\u00bb][vc_column width=\u00a0\u00bb1\/4&Prime;][\/vc_column][vc_column width=\u00a0\u00bb1\/4&Prime;][\/vc_column][vc_column width=\u00a0\u00bb1\/4&Prime;][\/vc_column][vc_column width=\u00a0\u00bb1\/4&Prime;][\/vc_column][\/vc_row][vc_row][vc_column][vc_column_text] Depuis 1996, Instituto San Fernando (ISF) s\u2019est exclusivement d\u00e9vou\u00e9 \u00e0 l\u2019enseignement de l\u2019espagnol comme langue \u00e9trang\u00e8re. Nous sommes une \u00e9quipe dynamique, exp\u00e9riment\u00e9e et professionnelle, accordant une attention personnalis\u00e9e \u00e0 chaque \u00e9tudiant. &hellip;\" \/>\n<meta property=\"og:url\" content=\"https:\/\/san-fernando.com\/fr\/qui-sommes-nous\/\" \/>\n<meta property=\"og:site_name\" content=\"INSTITUTO SAN FERNANDO\" \/>\n<meta property=\"article:publisher\" content=\"https:\/\/es-es.facebook.com\/InstitutoSanFernando.ISF\/\" \/>\n<meta property=\"article:modified_time\" content=\"2023-09-18T11:52:35+00:00\" \/>\n<meta name=\"twitter:card\" content=\"summary_large_image\" \/>\n<meta name=\"twitter:label1\" content=\"Dur\u00e9e de lecture estim\u00e9e\" \/>\n\t<meta name=\"twitter:data1\" content=\"3 minutes\" \/>\n<script type=\"application\/ld+json\" class=\"yoast-schema-graph\">{\"@context\":\"https:\/\/schema.org\",\"@graph\":[{\"@type\":\"WebPage\",\"@id\":\"https:\/\/san-fernando.com\/fr\/qui-sommes-nous\/\",\"url\":\"https:\/\/san-fernando.com\/fr\/qui-sommes-nous\/\",\"name\":\"QUI SOMMES-NOUS? - INSTITUTO SAN FERNANDO\",\"isPartOf\":{\"@id\":\"https:\/\/san-fernando.com\/#website\"},\"datePublished\":\"2015-11-18T07:34:00+00:00\",\"dateModified\":\"2023-09-18T11:52:35+00:00\",\"breadcrumb\":{\"@id\":\"https:\/\/san-fernando.com\/fr\/qui-sommes-nous\/#breadcrumb\"},\"inLanguage\":\"fr-FR\",\"potentialAction\":[{\"@type\":\"ReadAction\",\"target\":[\"https:\/\/san-fernando.com\/fr\/qui-sommes-nous\/\"]}]},{\"@type\":\"BreadcrumbList\",\"@id\":\"https:\/\/san-fernando.com\/fr\/qui-sommes-nous\/#breadcrumb\",\"itemListElement\":[{\"@type\":\"ListItem\",\"position\":1,\"name\":\"Portada\",\"item\":\"https:\/\/san-fernando.com\/fr\/\"},{\"@type\":\"ListItem\",\"position\":2,\"name\":\"QUI SOMMES-NOUS?\"}]},{\"@type\":\"WebSite\",\"@id\":\"https:\/\/san-fernando.com\/#website\",\"url\":\"https:\/\/san-fernando.com\/\",\"name\":\"INSTITUTO SAN FERNANDO\",\"description\":\"INSTITUTO SAN FERNANDO\",\"publisher\":{\"@id\":\"https:\/\/san-fernando.com\/#organization\"},\"potentialAction\":[{\"@type\":\"SearchAction\",\"target\":{\"@type\":\"EntryPoint\",\"urlTemplate\":\"https:\/\/san-fernando.com\/?s={search_term_string}\"},\"query-input\":{\"@type\":\"PropertyValueSpecification\",\"valueRequired\":true,\"valueName\":\"search_term_string\"}}],\"inLanguage\":\"fr-FR\"},{\"@type\":\"Organization\",\"@id\":\"https:\/\/san-fernando.com\/#organization\",\"name\":\"INSTITUTO SAN FERNANDO\",\"url\":\"https:\/\/san-fernando.com\/\",\"logo\":{\"@type\":\"ImageObject\",\"inLanguage\":\"fr-FR\",\"@id\":\"https:\/\/san-fernando.com\/#\/schema\/logo\/image\/\",\"url\":\"https:\/\/san-fernando.com\/wp-content\/uploads\/2023\/08\/Instituto-San-Fernando-logotipo-350w.png\",\"contentUrl\":\"https:\/\/san-fernando.com\/wp-content\/uploads\/2023\/08\/Instituto-San-Fernando-logotipo-350w.png\",\"width\":350,\"height\":48,\"caption\":\"INSTITUTO SAN FERNANDO\"},\"image\":{\"@id\":\"https:\/\/san-fernando.com\/#\/schema\/logo\/image\/\"},\"sameAs\":[\"https:\/\/es-es.facebook.com\/InstitutoSanFernando.ISF\/\",\"https:\/\/www.instagram.com\/institutosanfernando\/\"]}]}<\/script>\n<!-- \/ Yoast SEO plugin. -->","yoast_head_json":{"title":"QUI SOMMES-NOUS? - INSTITUTO SAN FERNANDO","robots":{"index":"index","follow":"follow","max-snippet":"max-snippet:-1","max-image-preview":"max-image-preview:large","max-video-preview":"max-video-preview:-1"},"canonical":"https:\/\/san-fernando.com\/fr\/qui-sommes-nous\/","og_locale":"fr_FR","og_type":"article","og_title":"QUI SOMMES-NOUS? - INSTITUTO SAN FERNANDO","og_description":"[vc_row css=\u00a0\u00bb.vc_custom_1471019067901{padding-top: 30px !important;}\u00a0\u00bb][vc_column][\/vc_column][\/vc_row][vc_row disable_element=\u00a0\u00bbyes\u00a0\u00bb][vc_column width=\u00a0\u00bb1\/4&Prime;][\/vc_column][vc_column width=\u00a0\u00bb1\/4&Prime;][\/vc_column][vc_column width=\u00a0\u00bb1\/4&Prime;][\/vc_column][vc_column width=\u00a0\u00bb1\/4&Prime;][\/vc_column][\/vc_row][vc_row][vc_column][vc_column_text] Depuis 1996, Instituto San Fernando (ISF) s\u2019est exclusivement d\u00e9vou\u00e9 \u00e0 l\u2019enseignement de l\u2019espagnol comme langue \u00e9trang\u00e8re. Nous sommes une \u00e9quipe dynamique, exp\u00e9riment\u00e9e et professionnelle, accordant une attention personnalis\u00e9e \u00e0 chaque \u00e9tudiant. &hellip;","og_url":"https:\/\/san-fernando.com\/fr\/qui-sommes-nous\/","og_site_name":"INSTITUTO SAN FERNANDO","article_publisher":"https:\/\/es-es.facebook.com\/InstitutoSanFernando.ISF\/","article_modified_time":"2023-09-18T11:52:35+00:00","twitter_card":"summary_large_image","twitter_misc":{"Dur\u00e9e de lecture estim\u00e9e":"3 minutes"},"schema":{"@context":"https:\/\/schema.org","@graph":[{"@type":"WebPage","@id":"https:\/\/san-fernando.com\/fr\/qui-sommes-nous\/","url":"https:\/\/san-fernando.com\/fr\/qui-sommes-nous\/","name":"QUI SOMMES-NOUS? - INSTITUTO SAN FERNANDO","isPartOf":{"@id":"https:\/\/san-fernando.com\/#website"},"datePublished":"2015-11-18T07:34:00+00:00","dateModified":"2023-09-18T11:52:35+00:00","breadcrumb":{"@id":"https:\/\/san-fernando.com\/fr\/qui-sommes-nous\/#breadcrumb"},"inLanguage":"fr-FR","potentialAction":[{"@type":"ReadAction","target":["https:\/\/san-fernando.com\/fr\/qui-sommes-nous\/"]}]},{"@type":"BreadcrumbList","@id":"https:\/\/san-fernando.com\/fr\/qui-sommes-nous\/#breadcrumb","itemListElement":[{"@type":"ListItem","position":1,"name":"Portada","item":"https:\/\/san-fernando.com\/fr\/"},{"@type":"ListItem","position":2,"name":"QUI SOMMES-NOUS?"}]},{"@type":"WebSite","@id":"https:\/\/san-fernando.com\/#website","url":"https:\/\/san-fernando.com\/","name":"INSTITUTO SAN FERNANDO","description":"INSTITUTO SAN FERNANDO","publisher":{"@id":"https:\/\/san-fernando.com\/#organization"},"potentialAction":[{"@type":"SearchAction","target":{"@type":"EntryPoint","urlTemplate":"https:\/\/san-fernando.com\/?s={search_term_string}"},"query-input":{"@type":"PropertyValueSpecification","valueRequired":true,"valueName":"search_term_string"}}],"inLanguage":"fr-FR"},{"@type":"Organization","@id":"https:\/\/san-fernando.com\/#organization","name":"INSTITUTO SAN FERNANDO","url":"https:\/\/san-fernando.com\/","logo":{"@type":"ImageObject","inLanguage":"fr-FR","@id":"https:\/\/san-fernando.com\/#\/schema\/logo\/image\/","url":"https:\/\/san-fernando.com\/wp-content\/uploads\/2023\/08\/Instituto-San-Fernando-logotipo-350w.png","contentUrl":"https:\/\/san-fernando.com\/wp-content\/uploads\/2023\/08\/Instituto-San-Fernando-logotipo-350w.png","width":350,"height":48,"caption":"INSTITUTO SAN FERNANDO"},"image":{"@id":"https:\/\/san-fernando.com\/#\/schema\/logo\/image\/"},"sameAs":["https:\/\/es-es.facebook.com\/InstitutoSanFernando.ISF\/","https:\/\/www.instagram.com\/institutosanfernando\/"]}]}},"_links":{"self":[{"href":"https:\/\/san-fernando.com\/fr\/wp-json\/wp\/v2\/pages\/14776"}],"collection":[{"href":"https:\/\/san-fernando.com\/fr\/wp-json\/wp\/v2\/pages"}],"about":[{"href":"https:\/\/san-fernando.com\/fr\/wp-json\/wp\/v2\/types\/page"}],"author":[{"embeddable":true,"href":"https:\/\/san-fernando.com\/fr\/wp-json\/wp\/v2\/users\/1"}],"replies":[{"embeddable":true,"href":"https:\/\/san-fernando.com\/fr\/wp-json\/wp\/v2\/comments?post=14776"}],"version-history":[{"count":0,"href":"https:\/\/san-fernando.com\/fr\/wp-json\/wp\/v2\/pages\/14776\/revisions"}],"wp:attachment":[{"href":"https:\/\/san-fernando.com\/fr\/wp-json\/wp\/v2\/media?parent=14776"}],"curies":[{"name":"wp","href":"https:\/\/api.w.org\/{rel}","templated":true}]}}