{"id":14816,"date":"2023-08-16T12:56:16","date_gmt":"2023-08-16T10:56:16","guid":{"rendered":"https:\/\/san-fernando.com\/logement-en-famille\/"},"modified":"2023-09-19T19:57:50","modified_gmt":"2023-09-19T17:57:50","slug":"logement-en-famille","status":"publish","type":"page","link":"https:\/\/san-fernando.com\/fr\/logement-en-famille\/","title":{"rendered":"Loegement en famille"},"content":{"rendered":"<div class=\"wpb-content-wrapper\"><p>[vc_row full_width=\u00a0\u00bbstretch_row\u00a0\u00bb css=\u00a0\u00bb.vc_custom_1692013516033{padding-bottom: 20px !important;}\u00a0\u00bb][vc_column width=\u00a0\u00bb1\/2&Prime;]<div class=\"thim-widget-heading template-base\"><div class=\"sc_heading  text-center\"><h3 style=\"text-transform: uppercase;\" class=\"title\">LOEGEMENT EN FAMILLE<\/h3><p class=\"sub-heading\" style=\"\">Instituto San Fernando<\/p><span class=\"line\"><\/span><\/div><\/div>[vc_empty_space height=\u00a0\u00bb10px\u00a0\u00bb][vc_column_text]<\/p>\n<p style=\"text-align: justify;\">Nous pensons que partager la vie d\u2019une famille en tant qu\u2019h\u00f4te est la meilleure mani\u00e8re de vivre une immersion totale dans la culture espagnole. Toutes les familles h\u00f4tesses ont \u00e9t\u00e9 choisies avec le plus grand soin par le personnel de notre d\u00e9partement d\u2019h\u00e9bergement, \u00e0 travers une proc\u00e9dure de s\u00e9lection m\u00e9ticuleuse. En outre, c\u2019est la meilleure fa\u00e7on d\u2019exp\u00e9rimenter la vraie cuisine espagnole.<\/p>\n<p style=\"text-align: justify;\">L\u2019avantage principal de vivre avec une famille consiste \u00e0 devoir parler l\u2019espagnol constamment. Nos \u00e9tudiants apprennent l\u2019espagnol de fa\u00e7on naturelle en \u00e9changeant quotidiennement, \u00e9tant ainsi en contact direct avec les coutumes du pays, sa culture et le style de vie des espagnols.<\/p>\n<p style=\"text-align: justify;\">Les familles espagnoles offrent \u00e0 leurs h\u00f4tes une maison chaleureuse et leur compagnie afin d\u2019\u00e9changer lors de conversations quotidiennes. Ces personnes sont accueillantes et aiment recevoir et interagir avec des \u00e9tudiants \u00e9trangers. Chaque \u00e9tudiant re\u00e7oit une attention personnelle dans une ambiance d\u00e9contract\u00e9e et amicale.<br \/>\nCertaines familles ont des enfants, d\u2019autres non. Certaines ont des animaux chez elles, d\u2019autres non. Certaines consacrent une partie importante de leur temps \u00e0 leurs \u00e9tudiants, tandis que d\u2019autres laissent les \u00e9tudiants explorer plus librement. Nous disposons de suffisamment de familles pouvant satisfaire les besoins de chaque \u00e9tudiant.<\/p>\n<p style=\"text-align: justify;\">De plus, il est possible d\u2019\u00eatre h\u00e9berg\u00e9 dans la m\u00eame famille que son ami ou un membre de sa famille (merci de nous communiquer ces renseignements d\u00e8s l\u2019inscription). Il est \u00e9vident que cela n\u2019est possible qu\u2019avec des \u00e9tudiants du m\u00eame sexe, car nous n\u2019avons pas l\u2019habitude de placer gar\u00e7ons et filles dans la m\u00eame famille h\u00f4tesse.<\/p>\n<p style=\"text-align: justify;\">Les \u00e9tudiants participeront \u00e0 la vie quotidienne habituelle de la famille. Tous les repas sont compris. Le linge personnel sera lav\u00e9 une fois par semaine.<\/p>\n<p>[\/vc_column_text][\/vc_column][vc_column width=\u00a0\u00bb1\/2&Prime;][vc_empty_space height=\u00a0\u00bb190px\u00a0\u00bb]<div class=\"thim-widget-gallery-images template-base\"><div class=\"thim-carousel-wrapper gallery-img\" data-visible=\"1\" data-itemtablet=\"1\" data-itemmobile=\"1\" data-autoplay=\"1000\" data-navigation=\"0\" data-pagination=\"1\" data-loop=\"true\"><div class=\"item\"><img loading=\"lazy\" decoding=\"async\" width=\"800\" height=\"600\" src=\"https:\/\/san-fernando.com\/wp-content\/uploads\/2023\/08\/vacaciones-en-familia-isf-03.jpg\" class=\"attachment-500x500 size-500x500\" alt=\"\" srcset=\"https:\/\/san-fernando.com\/wp-content\/uploads\/2023\/08\/vacaciones-en-familia-isf-03.jpg 800w, https:\/\/san-fernando.com\/wp-content\/uploads\/2023\/08\/vacaciones-en-familia-isf-03-300x225.jpg 300w, https:\/\/san-fernando.com\/wp-content\/uploads\/2023\/08\/vacaciones-en-familia-isf-03-768x576.jpg 768w\" sizes=\"(max-width: 800px) 100vw, 800px\" \/><\/div><div class=\"item\"><img loading=\"lazy\" decoding=\"async\" width=\"800\" height=\"600\" src=\"https:\/\/san-fernando.com\/wp-content\/uploads\/2023\/08\/vacaciones-en-familia-isf-02.jpg\" class=\"attachment-500x500 size-500x500\" alt=\"\" srcset=\"https:\/\/san-fernando.com\/wp-content\/uploads\/2023\/08\/vacaciones-en-familia-isf-02.jpg 800w, https:\/\/san-fernando.com\/wp-content\/uploads\/2023\/08\/vacaciones-en-familia-isf-02-300x225.jpg 300w, https:\/\/san-fernando.com\/wp-content\/uploads\/2023\/08\/vacaciones-en-familia-isf-02-768x576.jpg 768w\" sizes=\"(max-width: 800px) 100vw, 800px\" \/><\/div><div class=\"item\"><img loading=\"lazy\" decoding=\"async\" width=\"800\" height=\"600\" src=\"https:\/\/san-fernando.com\/wp-content\/uploads\/2023\/08\/Lisa-Girelli-Mara-Cottini-Sara-Martini-2.jpg\" class=\"attachment-500x500 size-500x500\" alt=\"\" srcset=\"https:\/\/san-fernando.com\/wp-content\/uploads\/2023\/08\/Lisa-Girelli-Mara-Cottini-Sara-Martini-2.jpg 800w, https:\/\/san-fernando.com\/wp-content\/uploads\/2023\/08\/Lisa-Girelli-Mara-Cottini-Sara-Martini-2-300x225.jpg 300w, https:\/\/san-fernando.com\/wp-content\/uploads\/2023\/08\/Lisa-Girelli-Mara-Cottini-Sara-Martini-2-768x576.jpg 768w\" sizes=\"(max-width: 800px) 100vw, 800px\" \/><\/div><div class=\"item\"><img loading=\"lazy\" decoding=\"async\" width=\"800\" height=\"600\" src=\"https:\/\/san-fernando.com\/wp-content\/uploads\/2023\/08\/fotos-uga-091.jpg\" class=\"attachment-500x500 size-500x500\" alt=\"\" srcset=\"https:\/\/san-fernando.com\/wp-content\/uploads\/2023\/08\/fotos-uga-091.jpg 800w, https:\/\/san-fernando.com\/wp-content\/uploads\/2023\/08\/fotos-uga-091-300x225.jpg 300w, https:\/\/san-fernando.com\/wp-content\/uploads\/2023\/08\/fotos-uga-091-768x576.jpg 768w\" sizes=\"(max-width: 800px) 100vw, 800px\" \/><\/div><\/div><\/div>[\/vc_column][\/vc_row][vc_row css=\u00a0\u00bb.vc_custom_1692183612015{background-color: #337ab7 !important;}\u00a0\u00bb][vc_column]<div class=\"thim-widget-heading template-base\"><div class=\"sc_heading  text-center\"><h3 style=\"text-transform: uppercase;color:#ffffff;\" class=\"title\">``TOUT FAIRE POUR QUE NOS \u00c9L\u00c8VES SE SENTENT COMME CHEZ EUX``, TELLE EST LA DEVISE DE NOTRE \u00c9QUIPE AU QUOTIDIEN.<\/h3><span style=\"background-color:#ffffff\" class=\"line\"><\/span><\/div><\/div>[\/vc_column][\/vc_row]<\/p>\n<\/div>","protected":false},"excerpt":{"rendered":"<p>[vc_row full_width=\u00a0\u00bbstretch_row\u00a0\u00bb css=\u00a0\u00bb.vc_custom_1692013516033{padding-bottom: 20px !important;}\u00a0\u00bb][vc_column width=\u00a0\u00bb1\/2&Prime;][vc_empty_space height=\u00a0\u00bb10px\u00a0\u00bb][vc_column_text] Nous pensons que partager la vie d\u2019une famille en tant qu\u2019h\u00f4te est la meilleure mani\u00e8re de vivre une immersion totale dans la culture espagnole. Toutes les familles h\u00f4tesses ont \u00e9t\u00e9 choisies avec le &hellip; <\/p>\n","protected":false},"author":1,"featured_media":0,"parent":0,"menu_order":0,"comment_status":"closed","ping_status":"closed","template":"","meta":{"footnotes":""},"class_list":["post-14816","page","type-page","status-publish","hentry"],"yoast_head":"<!-- This site is optimized with the Yoast SEO plugin v25.1 - https:\/\/yoast.com\/wordpress\/plugins\/seo\/ -->\n<title>Loegement en famille - INSTITUTO SAN FERNANDO<\/title>\n<meta name=\"robots\" content=\"index, follow, max-snippet:-1, max-image-preview:large, max-video-preview:-1\" \/>\n<link rel=\"canonical\" href=\"https:\/\/san-fernando.com\/fr\/logement-en-famille\/\" \/>\n<meta property=\"og:locale\" content=\"fr_FR\" \/>\n<meta property=\"og:type\" content=\"article\" \/>\n<meta property=\"og:title\" content=\"Loegement en famille - INSTITUTO SAN FERNANDO\" \/>\n<meta property=\"og:description\" content=\"[vc_row full_width=\u00a0\u00bbstretch_row\u00a0\u00bb css=\u00a0\u00bb.vc_custom_1692013516033{padding-bottom: 20px !important;}\u00a0\u00bb][vc_column width=\u00a0\u00bb1\/2&Prime;][vc_empty_space height=\u00a0\u00bb10px\u00a0\u00bb][vc_column_text] Nous pensons que partager la vie d\u2019une famille en tant qu\u2019h\u00f4te est la meilleure mani\u00e8re de vivre une immersion totale dans la culture espagnole. Toutes les familles h\u00f4tesses ont \u00e9t\u00e9 choisies avec le &hellip;\" \/>\n<meta property=\"og:url\" content=\"https:\/\/san-fernando.com\/fr\/logement-en-famille\/\" \/>\n<meta property=\"og:site_name\" content=\"INSTITUTO SAN FERNANDO\" \/>\n<meta property=\"article:publisher\" content=\"https:\/\/es-es.facebook.com\/InstitutoSanFernando.ISF\/\" \/>\n<meta property=\"article:modified_time\" content=\"2023-09-19T17:57:50+00:00\" \/>\n<meta name=\"twitter:card\" content=\"summary_large_image\" \/>\n<meta name=\"twitter:label1\" content=\"Dur\u00e9e de lecture estim\u00e9e\" \/>\n\t<meta name=\"twitter:data1\" content=\"2 minutes\" \/>\n<script type=\"application\/ld+json\" class=\"yoast-schema-graph\">{\"@context\":\"https:\/\/schema.org\",\"@graph\":[{\"@type\":\"WebPage\",\"@id\":\"https:\/\/san-fernando.com\/fr\/logement-en-famille\/\",\"url\":\"https:\/\/san-fernando.com\/fr\/logement-en-famille\/\",\"name\":\"Loegement en famille - INSTITUTO SAN FERNANDO\",\"isPartOf\":{\"@id\":\"https:\/\/san-fernando.com\/#website\"},\"datePublished\":\"2023-08-16T10:56:16+00:00\",\"dateModified\":\"2023-09-19T17:57:50+00:00\",\"breadcrumb\":{\"@id\":\"https:\/\/san-fernando.com\/fr\/logement-en-famille\/#breadcrumb\"},\"inLanguage\":\"fr-FR\",\"potentialAction\":[{\"@type\":\"ReadAction\",\"target\":[\"https:\/\/san-fernando.com\/fr\/logement-en-famille\/\"]}]},{\"@type\":\"BreadcrumbList\",\"@id\":\"https:\/\/san-fernando.com\/fr\/logement-en-famille\/#breadcrumb\",\"itemListElement\":[{\"@type\":\"ListItem\",\"position\":1,\"name\":\"Portada\",\"item\":\"https:\/\/san-fernando.com\/fr\/\"},{\"@type\":\"ListItem\",\"position\":2,\"name\":\"Loegement en famille\"}]},{\"@type\":\"WebSite\",\"@id\":\"https:\/\/san-fernando.com\/#website\",\"url\":\"https:\/\/san-fernando.com\/\",\"name\":\"INSTITUTO SAN FERNANDO\",\"description\":\"INSTITUTO SAN FERNANDO\",\"publisher\":{\"@id\":\"https:\/\/san-fernando.com\/#organization\"},\"potentialAction\":[{\"@type\":\"SearchAction\",\"target\":{\"@type\":\"EntryPoint\",\"urlTemplate\":\"https:\/\/san-fernando.com\/?s={search_term_string}\"},\"query-input\":{\"@type\":\"PropertyValueSpecification\",\"valueRequired\":true,\"valueName\":\"search_term_string\"}}],\"inLanguage\":\"fr-FR\"},{\"@type\":\"Organization\",\"@id\":\"https:\/\/san-fernando.com\/#organization\",\"name\":\"INSTITUTO SAN FERNANDO\",\"url\":\"https:\/\/san-fernando.com\/\",\"logo\":{\"@type\":\"ImageObject\",\"inLanguage\":\"fr-FR\",\"@id\":\"https:\/\/san-fernando.com\/#\/schema\/logo\/image\/\",\"url\":\"https:\/\/san-fernando.com\/wp-content\/uploads\/2023\/08\/Instituto-San-Fernando-logotipo-350w.png\",\"contentUrl\":\"https:\/\/san-fernando.com\/wp-content\/uploads\/2023\/08\/Instituto-San-Fernando-logotipo-350w.png\",\"width\":350,\"height\":48,\"caption\":\"INSTITUTO SAN FERNANDO\"},\"image\":{\"@id\":\"https:\/\/san-fernando.com\/#\/schema\/logo\/image\/\"},\"sameAs\":[\"https:\/\/es-es.facebook.com\/InstitutoSanFernando.ISF\/\",\"https:\/\/www.instagram.com\/institutosanfernando\/\"]}]}<\/script>\n<!-- \/ Yoast SEO plugin. -->","yoast_head_json":{"title":"Loegement en famille - INSTITUTO SAN FERNANDO","robots":{"index":"index","follow":"follow","max-snippet":"max-snippet:-1","max-image-preview":"max-image-preview:large","max-video-preview":"max-video-preview:-1"},"canonical":"https:\/\/san-fernando.com\/fr\/logement-en-famille\/","og_locale":"fr_FR","og_type":"article","og_title":"Loegement en famille - INSTITUTO SAN FERNANDO","og_description":"[vc_row full_width=\u00a0\u00bbstretch_row\u00a0\u00bb css=\u00a0\u00bb.vc_custom_1692013516033{padding-bottom: 20px !important;}\u00a0\u00bb][vc_column width=\u00a0\u00bb1\/2&Prime;][vc_empty_space height=\u00a0\u00bb10px\u00a0\u00bb][vc_column_text] Nous pensons que partager la vie d\u2019une famille en tant qu\u2019h\u00f4te est la meilleure mani\u00e8re de vivre une immersion totale dans la culture espagnole. Toutes les familles h\u00f4tesses ont \u00e9t\u00e9 choisies avec le &hellip;","og_url":"https:\/\/san-fernando.com\/fr\/logement-en-famille\/","og_site_name":"INSTITUTO SAN FERNANDO","article_publisher":"https:\/\/es-es.facebook.com\/InstitutoSanFernando.ISF\/","article_modified_time":"2023-09-19T17:57:50+00:00","twitter_card":"summary_large_image","twitter_misc":{"Dur\u00e9e de lecture estim\u00e9e":"2 minutes"},"schema":{"@context":"https:\/\/schema.org","@graph":[{"@type":"WebPage","@id":"https:\/\/san-fernando.com\/fr\/logement-en-famille\/","url":"https:\/\/san-fernando.com\/fr\/logement-en-famille\/","name":"Loegement en famille - INSTITUTO SAN FERNANDO","isPartOf":{"@id":"https:\/\/san-fernando.com\/#website"},"datePublished":"2023-08-16T10:56:16+00:00","dateModified":"2023-09-19T17:57:50+00:00","breadcrumb":{"@id":"https:\/\/san-fernando.com\/fr\/logement-en-famille\/#breadcrumb"},"inLanguage":"fr-FR","potentialAction":[{"@type":"ReadAction","target":["https:\/\/san-fernando.com\/fr\/logement-en-famille\/"]}]},{"@type":"BreadcrumbList","@id":"https:\/\/san-fernando.com\/fr\/logement-en-famille\/#breadcrumb","itemListElement":[{"@type":"ListItem","position":1,"name":"Portada","item":"https:\/\/san-fernando.com\/fr\/"},{"@type":"ListItem","position":2,"name":"Loegement en famille"}]},{"@type":"WebSite","@id":"https:\/\/san-fernando.com\/#website","url":"https:\/\/san-fernando.com\/","name":"INSTITUTO SAN FERNANDO","description":"INSTITUTO SAN FERNANDO","publisher":{"@id":"https:\/\/san-fernando.com\/#organization"},"potentialAction":[{"@type":"SearchAction","target":{"@type":"EntryPoint","urlTemplate":"https:\/\/san-fernando.com\/?s={search_term_string}"},"query-input":{"@type":"PropertyValueSpecification","valueRequired":true,"valueName":"search_term_string"}}],"inLanguage":"fr-FR"},{"@type":"Organization","@id":"https:\/\/san-fernando.com\/#organization","name":"INSTITUTO SAN FERNANDO","url":"https:\/\/san-fernando.com\/","logo":{"@type":"ImageObject","inLanguage":"fr-FR","@id":"https:\/\/san-fernando.com\/#\/schema\/logo\/image\/","url":"https:\/\/san-fernando.com\/wp-content\/uploads\/2023\/08\/Instituto-San-Fernando-logotipo-350w.png","contentUrl":"https:\/\/san-fernando.com\/wp-content\/uploads\/2023\/08\/Instituto-San-Fernando-logotipo-350w.png","width":350,"height":48,"caption":"INSTITUTO SAN FERNANDO"},"image":{"@id":"https:\/\/san-fernando.com\/#\/schema\/logo\/image\/"},"sameAs":["https:\/\/es-es.facebook.com\/InstitutoSanFernando.ISF\/","https:\/\/www.instagram.com\/institutosanfernando\/"]}]}},"_links":{"self":[{"href":"https:\/\/san-fernando.com\/fr\/wp-json\/wp\/v2\/pages\/14816"}],"collection":[{"href":"https:\/\/san-fernando.com\/fr\/wp-json\/wp\/v2\/pages"}],"about":[{"href":"https:\/\/san-fernando.com\/fr\/wp-json\/wp\/v2\/types\/page"}],"author":[{"embeddable":true,"href":"https:\/\/san-fernando.com\/fr\/wp-json\/wp\/v2\/users\/1"}],"replies":[{"embeddable":true,"href":"https:\/\/san-fernando.com\/fr\/wp-json\/wp\/v2\/comments?post=14816"}],"version-history":[{"count":0,"href":"https:\/\/san-fernando.com\/fr\/wp-json\/wp\/v2\/pages\/14816\/revisions"}],"wp:attachment":[{"href":"https:\/\/san-fernando.com\/fr\/wp-json\/wp\/v2\/media?parent=14816"}],"curies":[{"name":"wp","href":"https:\/\/api.w.org\/{rel}","templated":true}]}}