{"id":14851,"date":"2015-10-22T03:17:26","date_gmt":"2015-10-22T01:17:26","guid":{"rendered":"https:\/\/san-fernando.com\/contact\/"},"modified":"2023-09-19T19:55:17","modified_gmt":"2023-09-19T17:55:17","slug":"contact","status":"publish","type":"page","link":"https:\/\/san-fernando.com\/fr\/contact\/","title":{"rendered":"Contact"},"content":{"rendered":"<div class=\"wpb-content-wrapper\"><p>[vc_row css=\u00a0\u00bb.vc_custom_1470926290410{margin-top: 30px !important;margin-bottom: 80px !important;}\u00a0\u00bb][vc_column width=\u00a0\u00bb1\/2&Prime; css=\u00a0\u00bb.vc_custom_1470924989540{padding-right: 30px !important;}\u00a0\u00bb][vc_row_inner][vc_column_inner]<div class=\"thim-widget-heading template-base\"><div class=\"sc_heading  \"><h3 style=\"text-transform: uppercase;\" class=\"title\">Informations sur le contact<\/h3><p class=\"sub-heading\" style=\"\">Bienvenido a nuestro sitio web. Estamos contentos de tenerte cerca.<\/p><\/div><\/div>[\/vc_column_inner][\/vc_row_inner][vc_row_inner css=\u00a0\u00bb.vc_custom_1470926005243{margin-right: 0px !important;margin-left: 0px !important;border-top-width: 1px !important;border-top-color: #eeeeee !important;border-top-style: solid !important;}\u00a0\u00bb][vc_column_inner width=\u00a0\u00bb1\/2&Prime; css=\u00a0\u00bb.vc_custom_1470926107488{padding-right: 0px !important;padding-left: 0px !important;}\u00a0\u00bb]<div class=\"thim-widget-icon-box template-base\"><div class=\"wrapper-box-icon text-left contact_info\" ><div class=\"smicon-box iconbox-left\" style=\"--icon-font-size:24px;--icon-color:#ffb606;--icon-width: 30px;\"><div class=\"boxes-icon\"><span class=\"inner-icon\"><span class=\"icon\"><i class=\"fa fa-phone\"><\/i><\/span><\/span><\/span><\/div><div class=\"content-inner\"><div class=\"sc-heading article_heading\"><h3 class = \"heading__primary\" >T\u00e9l\u00e9phone<\/h3><\/div><div class=\"desc-icon-box\"><div class=\"desc-content\" style=\"font-size: 14px;line-height: 21px;\">(+34) 954 502 121<\/div><\/div><\/div><\/div><\/div><\/div>[\/vc_column_inner][vc_column_inner width=\u00a0\u00bb1\/2&Prime; css=\u00a0\u00bb.vc_custom_1470926116338{padding-right: 0px !important;padding-left: 0px !important;}\u00a0\u00bb]<div class=\"thim-widget-icon-box template-base\"><div class=\"wrapper-box-icon text-left contact_info\" ><div class=\"smicon-box iconbox-left\" style=\"--icon-font-size:24px;--icon-color:#ffb606;--icon-width: 30px;\"><div class=\"boxes-icon\"><span class=\"inner-icon\"><span class=\"icon\"><i class=\"fa fa-envelope\"><\/i><\/span><\/span><\/span><\/div><div class=\"content-inner\"><div class=\"sc-heading article_heading\"><h3 class = \"heading__primary\" >Courriel<\/h3><\/div><div class=\"desc-icon-box\"><div class=\"desc-content\" style=\"font-size: 14px;line-height: 21px;\">info@san-fernando.com<\/div><\/div><\/div><\/div><\/div><\/div>[\/vc_column_inner][\/vc_row_inner][vc_row_inner css=\u00a0\u00bb.vc_custom_1470926166389{margin-right: 0px !important;margin-left: 0px !important;border-top-width: 1px !important;border-top-color: #eeeeee !important;border-top-style: solid !important;}\u00a0\u00bb][vc_column_inner css=\u00a0\u00bb.vc_custom_1470926141337{padding-right: 0px !important;padding-left: 0px !important;}\u00a0\u00bb]<div class=\"thim-widget-icon-box template-base\"><div class=\"wrapper-box-icon text-left contact_info\" ><div class=\"smicon-box iconbox-left\" style=\"--icon-font-size:24px;--icon-color:#ffb606;--icon-width: 30px;\"><div class=\"boxes-icon\"><span class=\"inner-icon\"><span class=\"icon\"><i class=\"fa fa-map-marker\"><\/i><\/span><\/span><\/span><\/div><div class=\"content-inner\"><div class=\"sc-heading article_heading\"><h3 class = \"heading__primary\" >Adresse<\/h3><\/div><div class=\"desc-icon-box\"><div class=\"desc-content\" style=\"font-size: 14px;line-height: 21px;\">Calle Juglar, 4, 41018 Sevilla.<\/div><\/div><\/div><\/div><\/div><\/div>[\/vc_column_inner][\/vc_row_inner][vc_row_inner css=\u00a0\u00bb.vc_custom_1470926187379{margin-right: 0px !important;margin-left: 0px !important;border-top-width: 1px !important;border-top-color: #eeeeee !important;border-top-style: solid !important;}\u00a0\u00bb][vc_column_inner css=\u00a0\u00bb.vc_custom_1470926203133{padding-right: 0px !important;padding-left: 0px !important;}\u00a0\u00bb]<div class=\"thim-widget-social template-base\"><div class=\"thim-social\">\n\t\t<ul class=\"social_link\">\n\t\t<li><a class=\"facebook hasTooltip\" href=\"https:\/\/es-es.facebook.com\/InstitutoSanFernando.ISF\/\" target=\"_self\"><i class=\"edu-facebook\"><\/i><\/a><\/li><li><a class=\"linkedin hasTooltip\" href=\"https:\/\/es.linkedin.com\/in\/instituto-san-fernando-953838111\" target=\"_self\" ><i class=\"edu-linkedin\"><\/i><\/a><\/li><li><a class=\"instagram hasTooltip\" href=\"https:\/\/www.instagram.com\/institutosanfernando\/\" target=\"_self\" ><i class=\"edu-instagram\"><\/i><\/a><\/li>\t<\/ul>\n<\/div>\n<\/div>[\/vc_column_inner][\/vc_row_inner][vc_row_inner css=\u00a0\u00bb.vc_custom_1470926166389{margin-right: 0px !important;margin-left: 0px !important;border-top-width: 1px !important;border-top-color: #eeeeee !important;border-top-style: solid !important;}\u00a0\u00bb][vc_column_inner css=\u00a0\u00bb.vc_custom_1470926141337{padding-right: 0px !important;padding-left: 0px !important;}\u00a0\u00bb]<div class=\"thim-widget-heading template-base\"><div class=\"sc_heading  \"><h3 style=\"text-transform: uppercase;\" class=\"title\">Localisation<\/h3><p class=\"sub-heading\" style=\"\">\u00bfD\u00f3nde estamos?<\/p><\/div><\/div><div class=\"thim-widget-google-map template-google-map\"><div class=\"thim-map-iframe\" style =\"height: 450px\"><iframe frameborder=\"0\" scrolling=\"no\" marginheight=\"0\" marginwidth=\"0\" src=\"https:\/\/maps.google.com\/maps?q=Calle%20Juglar%2C%204%2C%2041018%20Sevilla.&amp;t=m&amp;z=12&amp;output=embed&amp;iwloc=near\" title=\"Calle Juglar, 4, 41018 Sevilla.\" aria-label=\"Calle Juglar, 4, 41018 Sevilla.\"><\/iframe><\/div>\n<\/div>[\/vc_column_inner][\/vc_row_inner][\/vc_column][vc_column width=\u00a0\u00bb1\/2&Prime; css=\u00a0\u00bb.vc_custom_1470924975090{padding-left: 30px !important;}\u00a0\u00bb][vc_row_inner][vc_column_inner]<div class=\"thim-widget-heading template-base\"><div class=\"sc_heading  \"><h3 style=\"text-transform: uppercase;\" class=\"title\">Envoyer un message<\/h3><p class=\"sub-heading\" style=\"\">Su direcci\u00f3n de correo electr\u00f3nico no ser\u00e1 publicada.<\/p><\/div><\/div>[\/vc_column_inner][\/vc_row_inner][vc_column_text]<style id=\"wpforms-css-vars-12672\">\n\t\t\t\t#wpforms-12672 {\n\t\t\t\t\n\t\t\t}\n\t\t\t<\/style><div class=\"wpforms-container wpforms-container-full wpforms-render-modern\" id=\"wpforms-12672\"><form id=\"wpforms-form-12672\" class=\"wpforms-validate wpforms-form wpforms-ajax-form\" data-formid=\"12672\" method=\"post\" enctype=\"multipart\/form-data\" action=\"\/fr\/wp-json\/wp\/v2\/pages\/14851\" data-token=\"b0c9cb004751ecca376eb6bdd94501c5\" data-token-time=\"1775316169\"><noscript class=\"wpforms-error-noscript\">Veuillez activer JavaScript dans votre navigateur pour remplir ce formulaire.<\/noscript><div id=\"wpforms-error-noscript\" style=\"display: none;\">Veuillez activer JavaScript dans votre navigateur pour remplir ce formulaire.<\/div><div class=\"wpforms-field-container\"><div id=\"wpforms-12672-field_0-container\" class=\"wpforms-field wpforms-field-name\" data-field-id=\"0\"><fieldset><legend class=\"wpforms-field-label\">Nombre <span class=\"wpforms-required-label\" aria-hidden=\"true\">*<\/span><\/legend><div class=\"wpforms-field-row wpforms-field-large\"><div class=\"wpforms-field-row-block wpforms-first wpforms-one-half\"><input type=\"text\" id=\"wpforms-12672-field_0\" class=\"wpforms-field-name-first wpforms-field-required\" name=\"wpforms[fields][0][first]\" aria-errormessage=\"wpforms-12672-field_0-error\" required><label for=\"wpforms-12672-field_0\" class=\"wpforms-field-sublabel after\">Pr\u00e9nom<\/label><\/div><div class=\"wpforms-field-row-block wpforms-one-half\"><input type=\"text\" id=\"wpforms-12672-field_0-last\" class=\"wpforms-field-name-last wpforms-field-required\" name=\"wpforms[fields][0][last]\" aria-errormessage=\"wpforms-12672-field_0-last-error\" required><label for=\"wpforms-12672-field_0-last\" class=\"wpforms-field-sublabel after\">Nom<\/label><\/div><\/div><\/fieldset><\/div><div id=\"wpforms-12672-field_5-container\" class=\"wpforms-field wpforms-field-select wpforms-field-select-style-classic\" data-field-id=\"5\"><label class=\"wpforms-field-label\" for=\"wpforms-12672-field_5\">\u00bfQui\u00e9n es? <span class=\"wpforms-required-label\" aria-hidden=\"true\">*<\/span><\/label><select id=\"wpforms-12672-field_5\" class=\"wpforms-field-large wpforms-field-required\" name=\"wpforms[fields][5]\" required=\"required\"><option value=\"Un padre\"  class=\"choice-1 depth-1\"  >Un padre<\/option><option value=\"Un profesor\"  class=\"choice-2 depth-1\"  >Un profesor<\/option><option value=\"Un estudiante\"  class=\"choice-3 depth-1\"  >Un estudiante<\/option><\/select><\/div><div id=\"wpforms-12672-field_3-container\" class=\"wpforms-field wpforms-field-text\" data-field-id=\"3\"><label class=\"wpforms-field-label\" for=\"wpforms-12672-field_3\">Empresa <span class=\"wpforms-required-label\" aria-hidden=\"true\">*<\/span><\/label><input type=\"text\" id=\"wpforms-12672-field_3\" class=\"wpforms-field-large wpforms-field-required\" name=\"wpforms[fields][3]\" aria-errormessage=\"wpforms-12672-field_3-error\" required><\/div><div id=\"wpforms-12672-field_6-container\" class=\"wpforms-field wpforms-field-text\" data-field-id=\"6\"><label class=\"wpforms-field-label\" for=\"wpforms-12672-field_6\">Direcci\u00f3n <span class=\"wpforms-required-label\" aria-hidden=\"true\">*<\/span><\/label><input type=\"text\" id=\"wpforms-12672-field_6\" class=\"wpforms-field-large wpforms-field-required\" name=\"wpforms[fields][6]\" aria-errormessage=\"wpforms-12672-field_6-error\" required><\/div><div id=\"wpforms-12672-field_7-container\" class=\"wpforms-field wpforms-field-text wpforms-one-third wpforms-first\" data-field-id=\"7\"><label class=\"wpforms-field-label\" for=\"wpforms-12672-field_7\">C\u00f3digo Postal <span class=\"wpforms-required-label\" aria-hidden=\"true\">*<\/span><\/label><input type=\"text\" id=\"wpforms-12672-field_7\" class=\"wpforms-field-large wpforms-field-required\" name=\"wpforms[fields][7]\" aria-errormessage=\"wpforms-12672-field_7-error\" required><\/div><div id=\"wpforms-12672-field_8-container\" class=\"wpforms-field wpforms-field-text wpforms-one-third\" data-field-id=\"8\"><label class=\"wpforms-field-label\" for=\"wpforms-12672-field_8\">Ciudad <span class=\"wpforms-required-label\" aria-hidden=\"true\">*<\/span><\/label><input type=\"text\" id=\"wpforms-12672-field_8\" class=\"wpforms-field-large wpforms-field-required\" name=\"wpforms[fields][8]\" aria-errormessage=\"wpforms-12672-field_8-error\" required><\/div><div id=\"wpforms-12672-field_9-container\" class=\"wpforms-field wpforms-field-text wpforms-one-third\" data-field-id=\"9\"><label class=\"wpforms-field-label\" for=\"wpforms-12672-field_9\">Pa\u00eds <span class=\"wpforms-required-label\" aria-hidden=\"true\">*<\/span><\/label><input type=\"text\" id=\"wpforms-12672-field_9\" class=\"wpforms-field-large wpforms-field-required\" name=\"wpforms[fields][9]\" aria-errormessage=\"wpforms-12672-field_9-error\" required><\/div><div id=\"wpforms-12672-field_1-container\" class=\"wpforms-field wpforms-field-email wpforms-two-thirds wpforms-first\" data-field-id=\"1\"><label class=\"wpforms-field-label\" for=\"wpforms-12672-field_1\">E-mail <span class=\"wpforms-required-label\" aria-hidden=\"true\">*<\/span><\/label><input type=\"email\" id=\"wpforms-12672-field_1\" class=\"wpforms-field-large wpforms-field-required\" name=\"wpforms[fields][1]\" spellcheck=\"false\" aria-errormessage=\"wpforms-12672-field_1-error\" required><\/div><div id=\"wpforms-12672-field_10-container\" class=\"wpforms-field wpforms-field-text wpforms-one-third\" data-field-id=\"10\"><label class=\"wpforms-field-label\" for=\"wpforms-12672-field_10\">Tel\u00e9fono <span class=\"wpforms-required-label\" aria-hidden=\"true\">*<\/span><\/label><input type=\"text\" id=\"wpforms-12672-field_10\" class=\"wpforms-field-large wpforms-field-required\" name=\"wpforms[fields][10]\" aria-errormessage=\"wpforms-12672-field_10-error\" required><\/div><div id=\"wpforms-12672-field_2-container\" class=\"wpforms-field wpforms-field-textarea\" data-field-id=\"2\"><label class=\"wpforms-field-label\" for=\"wpforms-12672-field_2\">Asunto <span class=\"wpforms-required-label\" aria-hidden=\"true\">*<\/span><\/label><textarea id=\"wpforms-12672-field_2\" class=\"wpforms-field-large wpforms-field-required\" name=\"wpforms[fields][2]\" aria-errormessage=\"wpforms-12672-field_2-error\" required><\/textarea><\/div><div id=\"wpforms-12672-field_11-container\" class=\"wpforms-field wpforms-field-checkbox\" data-field-id=\"11\"><fieldset><legend class=\"wpforms-field-label\">Pol\u00edticas <span class=\"wpforms-required-label\" aria-hidden=\"true\">*<\/span><\/legend><ul id=\"wpforms-12672-field_11\" class=\"wpforms-field-required\"><li class=\"choice-1 depth-1\"><input type=\"checkbox\" id=\"wpforms-12672-field_11_1\" name=\"wpforms[fields][11][]\" value=\"Aceptar\" aria-errormessage=\"wpforms-12672-field_11_1-error\" aria-describedby=\"wpforms-12672-field_11-description\" required ><label class=\"wpforms-field-label-inline\" for=\"wpforms-12672-field_11_1\">Aceptar<\/label><\/li><\/ul><div id=\"wpforms-12672-field_11-description\" class=\"wpforms-field-description\">He le\u00eddo la\u00a0<a href=\"\/politica-de-privacidad\/\" target=\"_blank\" rel=\"noopener\">pol\u00edtica de privacidad<\/a>\u00a0y el\u00a0<a href=\"\/aviso-legal\/\" target=\"_blank\" rel=\"noopener\">aviso legal<\/a>\u00a0y consiento y autorizo de forma expresa el tratamiento de mis datos conforme a la consulta realizada.<\/div><\/fieldset><\/div><\/div><!-- .wpforms-field-container --><div class=\"wpforms-recaptcha-container wpforms-is-recaptcha wpforms-is-recaptcha-type-v2\" ><div class=\"g-recaptcha\" data-sitekey=\"6LcxolkoAAAAAIK3YIz_WXySHl6UULWUQ2Zlg8kA\"><\/div><input type=\"text\" name=\"g-recaptcha-hidden\" class=\"wpforms-recaptcha-hidden\" style=\"position:absolute!important;clip:rect(0,0,0,0)!important;height:1px!important;width:1px!important;border:0!important;overflow:hidden!important;padding:0!important;margin:0!important;\" data-rule-recaptcha=\"1\"><\/div><div class=\"wpforms-submit-container\" ><input type=\"hidden\" name=\"wpforms[id]\" value=\"12672\"><input type=\"hidden\" name=\"page_title\" value=\"\"><input type=\"hidden\" name=\"page_url\" value=\"https:\/\/san-fernando.com\/fr\/wp-json\/wp\/v2\/pages\/14851\"><input type=\"hidden\" name=\"url_referer\" value=\"\"><button type=\"submit\" name=\"wpforms[submit]\" id=\"wpforms-submit-12672\" class=\"wpforms-submit\" data-alt-text=\"Enviando...\" data-submit-text=\"Enviar\" aria-live=\"assertive\" value=\"wpforms-submit\">Enviar<\/button><img loading=\"lazy\" decoding=\"async\" src=\"https:\/\/san-fernando.com\/wp-content\/plugins\/wpforms-lite\/assets\/images\/submit-spin.svg\" class=\"wpforms-submit-spinner\" style=\"display: none;\" width=\"26\" height=\"26\" alt=\"Chargement en cours\"><\/div><\/form><\/div>  <!-- .wpforms-container -->[\/vc_column_text][\/vc_column][\/vc_row][vc_row][vc_column][\/vc_column][\/vc_row][vc_row full_width=\u00a0\u00bbstretch_row_content_no_spaces\u00a0\u00bb css=\u00a0\u00bb.vc_custom_1470926767848{margin-bottom: 0px !important;}\u00a0\u00bb][vc_column][\/vc_column][\/vc_row]<\/p>\n<\/div>","protected":false},"excerpt":{"rendered":"<p>[vc_row css=\u00a0\u00bb.vc_custom_1470926290410{margin-top: 30px !important;margin-bottom: 80px !important;}\u00a0\u00bb][vc_column width=\u00a0\u00bb1\/2&Prime; css=\u00a0\u00bb.vc_custom_1470924989540{padding-right: 30px !important;}\u00a0\u00bb][vc_row_inner][vc_column_inner][\/vc_column_inner][\/vc_row_inner][vc_row_inner css=\u00a0\u00bb.vc_custom_1470926005243{margin-right: 0px !important;margin-left: 0px !important;border-top-width: 1px !important;border-top-color: #eeeeee !important;border-top-style: solid !important;}\u00a0\u00bb][vc_column_inner width=\u00a0\u00bb1\/2&Prime; css=\u00a0\u00bb.vc_custom_1470926107488{padding-right: 0px !important;padding-left: 0px !important;}\u00a0\u00bb][\/vc_column_inner][vc_column_inner width=\u00a0\u00bb1\/2&Prime; css=\u00a0\u00bb.vc_custom_1470926116338{padding-right: 0px !important;padding-left: 0px !important;}\u00a0\u00bb][\/vc_column_inner][\/vc_row_inner][vc_row_inner css=\u00a0\u00bb.vc_custom_1470926166389{margin-right: 0px !important;margin-left: 0px !important;border-top-width: 1px !important;border-top-color: &hellip; <\/p>\n","protected":false},"author":1,"featured_media":0,"parent":0,"menu_order":0,"comment_status":"closed","ping_status":"closed","template":"","meta":{"footnotes":""},"class_list":["post-14851","page","type-page","status-publish","hentry"],"yoast_head":"<!-- This site is optimized with the Yoast SEO plugin v25.1 - https:\/\/yoast.com\/wordpress\/plugins\/seo\/ -->\n<title>Contact - INSTITUTO SAN FERNANDO<\/title>\n<meta name=\"robots\" content=\"index, follow, max-snippet:-1, max-image-preview:large, max-video-preview:-1\" \/>\n<link rel=\"canonical\" href=\"https:\/\/san-fernando.com\/fr\/contact\/\" \/>\n<meta property=\"og:locale\" content=\"fr_FR\" \/>\n<meta property=\"og:type\" content=\"article\" \/>\n<meta property=\"og:title\" content=\"Contact - INSTITUTO SAN FERNANDO\" \/>\n<meta property=\"og:description\" content=\"[vc_row css=\u00a0\u00bb.vc_custom_1470926290410{margin-top: 30px !important;margin-bottom: 80px !important;}\u00a0\u00bb][vc_column width=\u00a0\u00bb1\/2&Prime; css=\u00a0\u00bb.vc_custom_1470924989540{padding-right: 30px !important;}\u00a0\u00bb][vc_row_inner][vc_column_inner][\/vc_column_inner][\/vc_row_inner][vc_row_inner css=\u00a0\u00bb.vc_custom_1470926005243{margin-right: 0px !important;margin-left: 0px !important;border-top-width: 1px !important;border-top-color: #eeeeee !important;border-top-style: solid !important;}\u00a0\u00bb][vc_column_inner width=\u00a0\u00bb1\/2&Prime; css=\u00a0\u00bb.vc_custom_1470926107488{padding-right: 0px !important;padding-left: 0px !important;}\u00a0\u00bb][\/vc_column_inner][vc_column_inner width=\u00a0\u00bb1\/2&Prime; css=\u00a0\u00bb.vc_custom_1470926116338{padding-right: 0px !important;padding-left: 0px !important;}\u00a0\u00bb][\/vc_column_inner][\/vc_row_inner][vc_row_inner css=\u00a0\u00bb.vc_custom_1470926166389{margin-right: 0px !important;margin-left: 0px !important;border-top-width: 1px !important;border-top-color: &hellip;\" \/>\n<meta property=\"og:url\" content=\"https:\/\/san-fernando.com\/fr\/contact\/\" \/>\n<meta property=\"og:site_name\" content=\"INSTITUTO SAN FERNANDO\" \/>\n<meta property=\"article:publisher\" content=\"https:\/\/es-es.facebook.com\/InstitutoSanFernando.ISF\/\" \/>\n<meta property=\"article:modified_time\" content=\"2023-09-19T17:55:17+00:00\" \/>\n<meta name=\"twitter:card\" content=\"summary_large_image\" \/>\n<meta name=\"twitter:label1\" content=\"Dur\u00e9e de lecture estim\u00e9e\" \/>\n\t<meta name=\"twitter:data1\" content=\"1 minute\" \/>\n<script type=\"application\/ld+json\" class=\"yoast-schema-graph\">{\"@context\":\"https:\/\/schema.org\",\"@graph\":[{\"@type\":\"WebPage\",\"@id\":\"https:\/\/san-fernando.com\/fr\/contact\/\",\"url\":\"https:\/\/san-fernando.com\/fr\/contact\/\",\"name\":\"Contact - INSTITUTO SAN FERNANDO\",\"isPartOf\":{\"@id\":\"https:\/\/san-fernando.com\/#website\"},\"datePublished\":\"2015-10-22T01:17:26+00:00\",\"dateModified\":\"2023-09-19T17:55:17+00:00\",\"breadcrumb\":{\"@id\":\"https:\/\/san-fernando.com\/fr\/contact\/#breadcrumb\"},\"inLanguage\":\"fr-FR\",\"potentialAction\":[{\"@type\":\"ReadAction\",\"target\":[\"https:\/\/san-fernando.com\/fr\/contact\/\"]}]},{\"@type\":\"BreadcrumbList\",\"@id\":\"https:\/\/san-fernando.com\/fr\/contact\/#breadcrumb\",\"itemListElement\":[{\"@type\":\"ListItem\",\"position\":1,\"name\":\"Portada\",\"item\":\"https:\/\/san-fernando.com\/fr\/\"},{\"@type\":\"ListItem\",\"position\":2,\"name\":\"Contact\"}]},{\"@type\":\"WebSite\",\"@id\":\"https:\/\/san-fernando.com\/#website\",\"url\":\"https:\/\/san-fernando.com\/\",\"name\":\"INSTITUTO SAN FERNANDO\",\"description\":\"INSTITUTO SAN FERNANDO\",\"publisher\":{\"@id\":\"https:\/\/san-fernando.com\/#organization\"},\"potentialAction\":[{\"@type\":\"SearchAction\",\"target\":{\"@type\":\"EntryPoint\",\"urlTemplate\":\"https:\/\/san-fernando.com\/?s={search_term_string}\"},\"query-input\":{\"@type\":\"PropertyValueSpecification\",\"valueRequired\":true,\"valueName\":\"search_term_string\"}}],\"inLanguage\":\"fr-FR\"},{\"@type\":\"Organization\",\"@id\":\"https:\/\/san-fernando.com\/#organization\",\"name\":\"INSTITUTO SAN FERNANDO\",\"url\":\"https:\/\/san-fernando.com\/\",\"logo\":{\"@type\":\"ImageObject\",\"inLanguage\":\"fr-FR\",\"@id\":\"https:\/\/san-fernando.com\/#\/schema\/logo\/image\/\",\"url\":\"https:\/\/san-fernando.com\/wp-content\/uploads\/2023\/08\/Instituto-San-Fernando-logotipo-350w.png\",\"contentUrl\":\"https:\/\/san-fernando.com\/wp-content\/uploads\/2023\/08\/Instituto-San-Fernando-logotipo-350w.png\",\"width\":350,\"height\":48,\"caption\":\"INSTITUTO SAN FERNANDO\"},\"image\":{\"@id\":\"https:\/\/san-fernando.com\/#\/schema\/logo\/image\/\"},\"sameAs\":[\"https:\/\/es-es.facebook.com\/InstitutoSanFernando.ISF\/\",\"https:\/\/www.instagram.com\/institutosanfernando\/\"]}]}<\/script>\n<!-- \/ Yoast SEO plugin. -->","yoast_head_json":{"title":"Contact - INSTITUTO SAN FERNANDO","robots":{"index":"index","follow":"follow","max-snippet":"max-snippet:-1","max-image-preview":"max-image-preview:large","max-video-preview":"max-video-preview:-1"},"canonical":"https:\/\/san-fernando.com\/fr\/contact\/","og_locale":"fr_FR","og_type":"article","og_title":"Contact - INSTITUTO SAN FERNANDO","og_description":"[vc_row css=\u00a0\u00bb.vc_custom_1470926290410{margin-top: 30px !important;margin-bottom: 80px !important;}\u00a0\u00bb][vc_column width=\u00a0\u00bb1\/2&Prime; css=\u00a0\u00bb.vc_custom_1470924989540{padding-right: 30px !important;}\u00a0\u00bb][vc_row_inner][vc_column_inner][\/vc_column_inner][\/vc_row_inner][vc_row_inner css=\u00a0\u00bb.vc_custom_1470926005243{margin-right: 0px !important;margin-left: 0px !important;border-top-width: 1px !important;border-top-color: #eeeeee !important;border-top-style: solid !important;}\u00a0\u00bb][vc_column_inner width=\u00a0\u00bb1\/2&Prime; css=\u00a0\u00bb.vc_custom_1470926107488{padding-right: 0px !important;padding-left: 0px !important;}\u00a0\u00bb][\/vc_column_inner][vc_column_inner width=\u00a0\u00bb1\/2&Prime; css=\u00a0\u00bb.vc_custom_1470926116338{padding-right: 0px !important;padding-left: 0px !important;}\u00a0\u00bb][\/vc_column_inner][\/vc_row_inner][vc_row_inner css=\u00a0\u00bb.vc_custom_1470926166389{margin-right: 0px !important;margin-left: 0px !important;border-top-width: 1px !important;border-top-color: &hellip;","og_url":"https:\/\/san-fernando.com\/fr\/contact\/","og_site_name":"INSTITUTO SAN FERNANDO","article_publisher":"https:\/\/es-es.facebook.com\/InstitutoSanFernando.ISF\/","article_modified_time":"2023-09-19T17:55:17+00:00","twitter_card":"summary_large_image","twitter_misc":{"Dur\u00e9e de lecture estim\u00e9e":"1 minute"},"schema":{"@context":"https:\/\/schema.org","@graph":[{"@type":"WebPage","@id":"https:\/\/san-fernando.com\/fr\/contact\/","url":"https:\/\/san-fernando.com\/fr\/contact\/","name":"Contact - INSTITUTO SAN FERNANDO","isPartOf":{"@id":"https:\/\/san-fernando.com\/#website"},"datePublished":"2015-10-22T01:17:26+00:00","dateModified":"2023-09-19T17:55:17+00:00","breadcrumb":{"@id":"https:\/\/san-fernando.com\/fr\/contact\/#breadcrumb"},"inLanguage":"fr-FR","potentialAction":[{"@type":"ReadAction","target":["https:\/\/san-fernando.com\/fr\/contact\/"]}]},{"@type":"BreadcrumbList","@id":"https:\/\/san-fernando.com\/fr\/contact\/#breadcrumb","itemListElement":[{"@type":"ListItem","position":1,"name":"Portada","item":"https:\/\/san-fernando.com\/fr\/"},{"@type":"ListItem","position":2,"name":"Contact"}]},{"@type":"WebSite","@id":"https:\/\/san-fernando.com\/#website","url":"https:\/\/san-fernando.com\/","name":"INSTITUTO SAN FERNANDO","description":"INSTITUTO SAN FERNANDO","publisher":{"@id":"https:\/\/san-fernando.com\/#organization"},"potentialAction":[{"@type":"SearchAction","target":{"@type":"EntryPoint","urlTemplate":"https:\/\/san-fernando.com\/?s={search_term_string}"},"query-input":{"@type":"PropertyValueSpecification","valueRequired":true,"valueName":"search_term_string"}}],"inLanguage":"fr-FR"},{"@type":"Organization","@id":"https:\/\/san-fernando.com\/#organization","name":"INSTITUTO SAN FERNANDO","url":"https:\/\/san-fernando.com\/","logo":{"@type":"ImageObject","inLanguage":"fr-FR","@id":"https:\/\/san-fernando.com\/#\/schema\/logo\/image\/","url":"https:\/\/san-fernando.com\/wp-content\/uploads\/2023\/08\/Instituto-San-Fernando-logotipo-350w.png","contentUrl":"https:\/\/san-fernando.com\/wp-content\/uploads\/2023\/08\/Instituto-San-Fernando-logotipo-350w.png","width":350,"height":48,"caption":"INSTITUTO SAN FERNANDO"},"image":{"@id":"https:\/\/san-fernando.com\/#\/schema\/logo\/image\/"},"sameAs":["https:\/\/es-es.facebook.com\/InstitutoSanFernando.ISF\/","https:\/\/www.instagram.com\/institutosanfernando\/"]}]}},"_links":{"self":[{"href":"https:\/\/san-fernando.com\/fr\/wp-json\/wp\/v2\/pages\/14851"}],"collection":[{"href":"https:\/\/san-fernando.com\/fr\/wp-json\/wp\/v2\/pages"}],"about":[{"href":"https:\/\/san-fernando.com\/fr\/wp-json\/wp\/v2\/types\/page"}],"author":[{"embeddable":true,"href":"https:\/\/san-fernando.com\/fr\/wp-json\/wp\/v2\/users\/1"}],"replies":[{"embeddable":true,"href":"https:\/\/san-fernando.com\/fr\/wp-json\/wp\/v2\/comments?post=14851"}],"version-history":[{"count":0,"href":"https:\/\/san-fernando.com\/fr\/wp-json\/wp\/v2\/pages\/14851\/revisions"}],"wp:attachment":[{"href":"https:\/\/san-fernando.com\/fr\/wp-json\/wp\/v2\/media?parent=14851"}],"curies":[{"name":"wp","href":"https:\/\/api.w.org\/{rel}","templated":true}]}}