{"id":15046,"date":"2023-08-21T13:27:10","date_gmt":"2023-08-21T11:27:10","guid":{"rendered":"https:\/\/san-fernando.com\/cadix\/"},"modified":"2023-09-20T13:16:16","modified_gmt":"2023-09-20T11:16:16","slug":"cadix","status":"publish","type":"page","link":"https:\/\/san-fernando.com\/fr\/cadix\/","title":{"rendered":"Cadix"},"content":{"rendered":"<div class=\"wpb-content-wrapper\"><p>[vc_row][vc_column]<div class=\"thim-widget-heading template-base\"><div class=\"sc_heading  text-center\"><h3 style=\"text-transform: uppercase;\" class=\"title\">C\u00e1diz<\/h3><span class=\"line\"><\/span><\/div><\/div><div class=\"thim-widget-single-images template-single-images\">\n<div class=\"single-image text-center\"><img src =\"https:\/\/san-fernando.com\/wp-content\/uploads\/2023\/08\/skyline-cadiz.png\" width=\"800\" height=\"129\" alt=\"\"\/><\/div><\/div>[vc_empty_space][vc_column_text]<\/p>\n<p style=\"text-align: justify;\">Cadix, avec 160 000 habitants, a \u00e9t\u00e9 fond\u00e9e par les Ph\u00e9niciens environ 1 100 ans avant J\u00e9sus-Christ et a la particularit\u00e9 d&rsquo;\u00eatre la plus ancienne ville d&rsquo;Europe. Cadix est entour\u00e9e par la mer sur trois c\u00f4t\u00e9s et n&rsquo;est accessible que par la Puerta de Tierra, une bande de terrain construite en 1755 et qui sert d&rsquo;entr\u00e9e \u00e0 la ville.<\/p>\n<p style=\"text-align: justify;\">Cadix, avec trois mille ans d&rsquo;histoire, a connu de grands changements. Avec la d\u00e9couverte des Am\u00e9riques, la ville prosp\u00e8re. Au XVIe si\u00e8cle, le commerce maritime colonial a fait de Cadix l&rsquo;une des villes les plus riches d&rsquo;Europe. La plus grande reconnaissance de l\u2019histoire moderne a eu lieu au XVIIIe si\u00e8cle, lorsque Cadix est devenue le principal port de commerce avec l\u2019Am\u00e9rique.<\/p>\n<p style=\"text-align: justify;\">En raison de la riche histoire de Cadix, les monuments, b\u00e2timents et mus\u00e9es actuels regorgent d&rsquo;histoires et de repr\u00e9sentations du pass\u00e9. Bien que la plupart des ruines antiques soient aujourd\u2019hui recouvertes par l\u2019oc\u00e9an ou par des constructions modernes, une grande partie de l\u2019histoire est encore vivante et visible. Peut-\u00eatre tout aussi important, Cadix n&rsquo;est pas aujourd&rsquo;hui submerg\u00e9e par les touristes et a r\u00e9ussi \u00e0 pr\u00e9server la saveur espagnole la plus authentique.<\/p>\n<p>[\/vc_column_text][vc_empty_space][vc_images_carousel images=\u00a0\u00bb14399,14414,14424,14404,14419,14409,14394&Prime; img_size=\u00a0\u00bbfull\u00a0\u00bb onclick=\u00a0\u00bblink_no\u00a0\u00bb speed=\u00a0\u00bb3000&Prime; slides_per_view=\u00a0\u00bb3&Prime; autoplay=\u00a0\u00bbyes\u00a0\u00bb hide_prev_next_buttons=\u00a0\u00bbyes\u00a0\u00bb wrap=\u00a0\u00bbyes\u00a0\u00bb][\/vc_column][\/vc_row][vc_row][vc_column]<div class=\"thim-widget-heading template-base\"><div class=\"sc_heading  text-center\"><h3 style=\"text-transform: uppercase;\" class=\"title\">Excursiones desde C\u00e1diz<\/h3><span class=\"line\"><\/span><\/div><\/div>[vc_column_text]<\/p>\n<p style=\"text-align: justify;\">Aucours de votre s\u00e9jour nous organisons plusieurs excursions dans les alentours de la ville, dans l\u2019objectif de donner aux \u00e9tudiants l\u2019occasion d\u2019apprendre davantage l\u2019histoire et la culture de diff\u00e9rentes r\u00e9gions de l\u2019Espagne.<\/p>\n<p style=\"text-align: justify;\">Toutes ces excursions sont int\u00e9gr\u00e9es dans le programme universitaire et servent aussi pour renforcer et ranimer les sujets qui sont trait\u00e9s en classe.<\/p>\n<p style=\"text-align: justify;\">Les excursions sont conduites par un coordinateur\/enseignant qui est charg\u00e9 d\u2019exposer tous les aspects importants de l\u2019histoire et de diff\u00e9rentes anecdotes qui se relatent \u00e0 la ville, en les expliquant d\u2019une telle mani\u00e8re \u00e0 susciter agr\u00e9ablement tout l\u2019int\u00e9r\u00eat possible.<\/p>\n<p>Jerez de la Frontera, Conil, Vejer de la Frontera, Gibraltar, El Puerto de Santa Mar\u00eda, Sanl\u00facar de Barrameda ou les villages blancs.<\/p>\n<p><em>Important: Dans certains cas les excursions peuvent comprendre la nuit \u00e0 l\u2019h\u00f4tel.<\/em>[\/vc_column_text][\/vc_column][\/vc_row][vc_row][vc_column]<div class=\"thim-widget-heading template-base\"><div class=\"sc_heading  text-center\"><h3 style=\"text-transform: uppercase;\" class=\"title\">Visitas culturales en C\u00e1diz<\/h3><span class=\"line\"><\/span><\/div><\/div>[vc_column_text]<\/p>\n<p style=\"text-align: justify;\">\u00c0 Instituto San Fernando, nous sommes conscients du fait que le succ\u00e8s d\u2019un programme de langue d\u2019espagnole ne repose pas seulement dans la qualit\u00e9 des classes, mais aussi dans l\u2019\u00e9laboration d\u2019un programme d\u2019activit\u00e9s culturelles et ludiques qui plongent l\u2019\u00e9tudiant dans la culture du pays qu\u2019il visite.<\/p>\n<p style=\"text-align: justify;\">Les activit\u00e9s culturelles de nos programmes sont con\u00e7ues pour fournir aux \u00e9tudiants une vision de la culture et de la soci\u00e9t\u00e9 espagnole la plus compl\u00e8te et int\u00e9gr\u00e9e possible. Elles sont bas\u00e9es sur divers crit\u00e8res, y compris nos normes acad\u00e9miques et les int\u00e9r\u00eats personnels de nos \u00e9tudiants.<\/p>\n<p style=\"text-align: justify;\">Toutes les activit\u00e9s sont soigneusement planifi\u00e9es, sont examin\u00e9es avant et apr\u00e8s dans la salle de classe, ainsi que les mat\u00e9riaux appropri\u00e9s. En effet, il faut toujours compter sur la pr\u00e9sence d\u2019un professeur sp\u00e9cialis\u00e9 moniteur. Nous n\u2019avons pas seulement enseign\u00e9 la culture espagnole dans les classes, nous avons permit \u00e0 chaque \u00e9tudiant de r\u00e9aliser une exp\u00e9rience incluant tous les aspects les plus importants de la soci\u00e9t\u00e9 espagnole \u00e0 travers un programme bien structur\u00e9 de visites culturelles.<\/p>\n<p style=\"text-align: justify;\">La Tour Tavira, la promenade dans le quartier P\u00f3pulo, la route de la Constitution, les ch\u00e2teaux de Santa Catalina et San Sebasti\u00e1n ou les mus\u00e9es les plus importants de la ville sont quelques-unes de nos propositions.<\/p>\n<p>[\/vc_column_text][vc_empty_space][\/vc_column][\/vc_row][vc_row][vc_column width=\u00a0\u00bb1\/3&Prime;][\/vc_column][vc_column width=\u00a0\u00bb1\/3&Prime;]<div class=\"thim-widget-button template-base\"><a class=\"widget-button  no-border normal custom_style\" href=\"\/wp-content\/uploads\/2023\/09\/Catalogo-Espanol-1.pdf\" style=\"--widget-button-font-size: 18px;--widget-button-font-weight: bold;--widget-button-color: #ffffff;--widget-button-background-color: #337ab7;--widget-button-color-hover: #ffffff;--widget-button-background-color-hover: #000000;\">CONNA\u00ceTRE NOS PROGRAMMES<\/a><\/div>[\/vc_column][vc_column width=\u00a0\u00bb1\/3&Prime;][\/vc_column][\/vc_row]<\/p>\n<\/div>","protected":false},"excerpt":{"rendered":"<p>[vc_row][vc_column][vc_empty_space][vc_column_text] Cadix, avec 160 000 habitants, a \u00e9t\u00e9 fond\u00e9e par les Ph\u00e9niciens environ 1 100 ans avant J\u00e9sus-Christ et a la particularit\u00e9 d&rsquo;\u00eatre la plus ancienne ville d&rsquo;Europe. Cadix est entour\u00e9e par la mer sur trois c\u00f4t\u00e9s et n&rsquo;est accessible &hellip; <\/p>\n","protected":false},"author":1,"featured_media":0,"parent":0,"menu_order":0,"comment_status":"closed","ping_status":"closed","template":"","meta":{"footnotes":""},"class_list":["post-15046","page","type-page","status-publish","hentry"],"yoast_head":"<!-- This site is optimized with the Yoast SEO plugin v25.1 - https:\/\/yoast.com\/wordpress\/plugins\/seo\/ -->\n<title>Cadix - INSTITUTO SAN FERNANDO<\/title>\n<meta name=\"robots\" content=\"index, follow, max-snippet:-1, max-image-preview:large, max-video-preview:-1\" \/>\n<link rel=\"canonical\" href=\"https:\/\/san-fernando.com\/fr\/cadix\/\" \/>\n<meta property=\"og:locale\" content=\"fr_FR\" \/>\n<meta property=\"og:type\" content=\"article\" \/>\n<meta property=\"og:title\" content=\"Cadix - INSTITUTO SAN FERNANDO\" \/>\n<meta property=\"og:description\" content=\"[vc_row][vc_column][vc_empty_space][vc_column_text] Cadix, avec 160 000 habitants, a \u00e9t\u00e9 fond\u00e9e par les Ph\u00e9niciens environ 1 100 ans avant J\u00e9sus-Christ et a la particularit\u00e9 d&rsquo;\u00eatre la plus ancienne ville d&rsquo;Europe. Cadix est entour\u00e9e par la mer sur trois c\u00f4t\u00e9s et n&rsquo;est accessible &hellip;\" \/>\n<meta property=\"og:url\" content=\"https:\/\/san-fernando.com\/fr\/cadix\/\" \/>\n<meta property=\"og:site_name\" content=\"INSTITUTO SAN FERNANDO\" \/>\n<meta property=\"article:publisher\" content=\"https:\/\/es-es.facebook.com\/InstitutoSanFernando.ISF\/\" \/>\n<meta property=\"article:modified_time\" content=\"2023-09-20T11:16:16+00:00\" \/>\n<meta name=\"twitter:card\" content=\"summary_large_image\" \/>\n<meta name=\"twitter:label1\" content=\"Dur\u00e9e de lecture estim\u00e9e\" \/>\n\t<meta name=\"twitter:data1\" content=\"3 minutes\" \/>\n<script type=\"application\/ld+json\" class=\"yoast-schema-graph\">{\"@context\":\"https:\/\/schema.org\",\"@graph\":[{\"@type\":\"WebPage\",\"@id\":\"https:\/\/san-fernando.com\/fr\/cadix\/\",\"url\":\"https:\/\/san-fernando.com\/fr\/cadix\/\",\"name\":\"Cadix - INSTITUTO SAN FERNANDO\",\"isPartOf\":{\"@id\":\"https:\/\/san-fernando.com\/#website\"},\"datePublished\":\"2023-08-21T11:27:10+00:00\",\"dateModified\":\"2023-09-20T11:16:16+00:00\",\"breadcrumb\":{\"@id\":\"https:\/\/san-fernando.com\/fr\/cadix\/#breadcrumb\"},\"inLanguage\":\"fr-FR\",\"potentialAction\":[{\"@type\":\"ReadAction\",\"target\":[\"https:\/\/san-fernando.com\/fr\/cadix\/\"]}]},{\"@type\":\"BreadcrumbList\",\"@id\":\"https:\/\/san-fernando.com\/fr\/cadix\/#breadcrumb\",\"itemListElement\":[{\"@type\":\"ListItem\",\"position\":1,\"name\":\"Portada\",\"item\":\"https:\/\/san-fernando.com\/fr\/\"},{\"@type\":\"ListItem\",\"position\":2,\"name\":\"Cadix\"}]},{\"@type\":\"WebSite\",\"@id\":\"https:\/\/san-fernando.com\/#website\",\"url\":\"https:\/\/san-fernando.com\/\",\"name\":\"INSTITUTO SAN FERNANDO\",\"description\":\"INSTITUTO SAN FERNANDO\",\"publisher\":{\"@id\":\"https:\/\/san-fernando.com\/#organization\"},\"potentialAction\":[{\"@type\":\"SearchAction\",\"target\":{\"@type\":\"EntryPoint\",\"urlTemplate\":\"https:\/\/san-fernando.com\/?s={search_term_string}\"},\"query-input\":{\"@type\":\"PropertyValueSpecification\",\"valueRequired\":true,\"valueName\":\"search_term_string\"}}],\"inLanguage\":\"fr-FR\"},{\"@type\":\"Organization\",\"@id\":\"https:\/\/san-fernando.com\/#organization\",\"name\":\"INSTITUTO SAN FERNANDO\",\"url\":\"https:\/\/san-fernando.com\/\",\"logo\":{\"@type\":\"ImageObject\",\"inLanguage\":\"fr-FR\",\"@id\":\"https:\/\/san-fernando.com\/#\/schema\/logo\/image\/\",\"url\":\"https:\/\/san-fernando.com\/wp-content\/uploads\/2023\/08\/Instituto-San-Fernando-logotipo-350w.png\",\"contentUrl\":\"https:\/\/san-fernando.com\/wp-content\/uploads\/2023\/08\/Instituto-San-Fernando-logotipo-350w.png\",\"width\":350,\"height\":48,\"caption\":\"INSTITUTO SAN FERNANDO\"},\"image\":{\"@id\":\"https:\/\/san-fernando.com\/#\/schema\/logo\/image\/\"},\"sameAs\":[\"https:\/\/es-es.facebook.com\/InstitutoSanFernando.ISF\/\",\"https:\/\/www.instagram.com\/institutosanfernando\/\"]}]}<\/script>\n<!-- \/ Yoast SEO plugin. -->","yoast_head_json":{"title":"Cadix - INSTITUTO SAN FERNANDO","robots":{"index":"index","follow":"follow","max-snippet":"max-snippet:-1","max-image-preview":"max-image-preview:large","max-video-preview":"max-video-preview:-1"},"canonical":"https:\/\/san-fernando.com\/fr\/cadix\/","og_locale":"fr_FR","og_type":"article","og_title":"Cadix - INSTITUTO SAN FERNANDO","og_description":"[vc_row][vc_column][vc_empty_space][vc_column_text] Cadix, avec 160 000 habitants, a \u00e9t\u00e9 fond\u00e9e par les Ph\u00e9niciens environ 1 100 ans avant J\u00e9sus-Christ et a la particularit\u00e9 d&rsquo;\u00eatre la plus ancienne ville d&rsquo;Europe. Cadix est entour\u00e9e par la mer sur trois c\u00f4t\u00e9s et n&rsquo;est accessible &hellip;","og_url":"https:\/\/san-fernando.com\/fr\/cadix\/","og_site_name":"INSTITUTO SAN FERNANDO","article_publisher":"https:\/\/es-es.facebook.com\/InstitutoSanFernando.ISF\/","article_modified_time":"2023-09-20T11:16:16+00:00","twitter_card":"summary_large_image","twitter_misc":{"Dur\u00e9e de lecture estim\u00e9e":"3 minutes"},"schema":{"@context":"https:\/\/schema.org","@graph":[{"@type":"WebPage","@id":"https:\/\/san-fernando.com\/fr\/cadix\/","url":"https:\/\/san-fernando.com\/fr\/cadix\/","name":"Cadix - INSTITUTO SAN FERNANDO","isPartOf":{"@id":"https:\/\/san-fernando.com\/#website"},"datePublished":"2023-08-21T11:27:10+00:00","dateModified":"2023-09-20T11:16:16+00:00","breadcrumb":{"@id":"https:\/\/san-fernando.com\/fr\/cadix\/#breadcrumb"},"inLanguage":"fr-FR","potentialAction":[{"@type":"ReadAction","target":["https:\/\/san-fernando.com\/fr\/cadix\/"]}]},{"@type":"BreadcrumbList","@id":"https:\/\/san-fernando.com\/fr\/cadix\/#breadcrumb","itemListElement":[{"@type":"ListItem","position":1,"name":"Portada","item":"https:\/\/san-fernando.com\/fr\/"},{"@type":"ListItem","position":2,"name":"Cadix"}]},{"@type":"WebSite","@id":"https:\/\/san-fernando.com\/#website","url":"https:\/\/san-fernando.com\/","name":"INSTITUTO SAN FERNANDO","description":"INSTITUTO SAN FERNANDO","publisher":{"@id":"https:\/\/san-fernando.com\/#organization"},"potentialAction":[{"@type":"SearchAction","target":{"@type":"EntryPoint","urlTemplate":"https:\/\/san-fernando.com\/?s={search_term_string}"},"query-input":{"@type":"PropertyValueSpecification","valueRequired":true,"valueName":"search_term_string"}}],"inLanguage":"fr-FR"},{"@type":"Organization","@id":"https:\/\/san-fernando.com\/#organization","name":"INSTITUTO SAN FERNANDO","url":"https:\/\/san-fernando.com\/","logo":{"@type":"ImageObject","inLanguage":"fr-FR","@id":"https:\/\/san-fernando.com\/#\/schema\/logo\/image\/","url":"https:\/\/san-fernando.com\/wp-content\/uploads\/2023\/08\/Instituto-San-Fernando-logotipo-350w.png","contentUrl":"https:\/\/san-fernando.com\/wp-content\/uploads\/2023\/08\/Instituto-San-Fernando-logotipo-350w.png","width":350,"height":48,"caption":"INSTITUTO SAN FERNANDO"},"image":{"@id":"https:\/\/san-fernando.com\/#\/schema\/logo\/image\/"},"sameAs":["https:\/\/es-es.facebook.com\/InstitutoSanFernando.ISF\/","https:\/\/www.instagram.com\/institutosanfernando\/"]}]}},"_links":{"self":[{"href":"https:\/\/san-fernando.com\/fr\/wp-json\/wp\/v2\/pages\/15046"}],"collection":[{"href":"https:\/\/san-fernando.com\/fr\/wp-json\/wp\/v2\/pages"}],"about":[{"href":"https:\/\/san-fernando.com\/fr\/wp-json\/wp\/v2\/types\/page"}],"author":[{"embeddable":true,"href":"https:\/\/san-fernando.com\/fr\/wp-json\/wp\/v2\/users\/1"}],"replies":[{"embeddable":true,"href":"https:\/\/san-fernando.com\/fr\/wp-json\/wp\/v2\/comments?post=15046"}],"version-history":[{"count":0,"href":"https:\/\/san-fernando.com\/fr\/wp-json\/wp\/v2\/pages\/15046\/revisions"}],"wp:attachment":[{"href":"https:\/\/san-fernando.com\/fr\/wp-json\/wp\/v2\/media?parent=15046"}],"curies":[{"name":"wp","href":"https:\/\/api.w.org\/{rel}","templated":true}]}}