{"id":14782,"date":"2015-11-18T08:34:00","date_gmt":"2015-11-18T07:34:00","guid":{"rendered":"https:\/\/san-fernando.com\/chi-siamo\/"},"modified":"2023-09-20T12:04:49","modified_gmt":"2023-09-20T10:04:49","slug":"chi-siamo","status":"publish","type":"page","link":"https:\/\/san-fernando.com\/it\/chi-siamo\/","title":{"rendered":"Chi siamo"},"content":{"rendered":"<div class=\"wpb-content-wrapper\"><p>[vc_row css=&#8221;.vc_custom_1471019067901{padding-top: 30px !important;}&#8221;][vc_column]<div class=\"thim-widget-heading template-base\"><div class=\"sc_heading  text-center\"><h3 style=\"text-transform: uppercase;\" class=\"title\">CHI SIAMO<\/h3><p class=\"sub-heading\" style=\"\">Instituto San Fernando<\/p><\/div><\/div>[\/vc_column][\/vc_row][vc_row disable_element=&#8221;yes&#8221;][vc_column width=&#8221;1\/4&#8243;]<div class=\"thim-widget-counters-box template-base\"><div class=\"counter-box about-us\" style=\"\"><div class=\"content-box-percentage\">\n\t\t<div class=\"wrap-percentage\">\n\t\t<div class=\"display-percentage\" data-percentage=\"55000\" >55000<\/div><div class=\"text_number\"><\/div><\/div><div class=\"counter-content-container\"><div class=\"counter-box-content\" style=\"\">FOREIGN FOLLOWERS<\/div><\/div><\/div><\/div><\/div>[\/vc_column][vc_column width=&#8221;1\/4&#8243;]<div class=\"thim-widget-counters-box template-base\"><div class=\"counter-box about-us\" style=\"\"><div class=\"content-box-percentage\">\n\t\t<div class=\"wrap-percentage\">\n\t\t<div class=\"display-percentage\" data-percentage=\"60\" >60<\/div><div class=\"text_number\"><\/div><\/div><div class=\"counter-content-container\"><div class=\"counter-box-content\" style=\"\">CERTIFIED TEACHERS<\/div><\/div><\/div><\/div><\/div>[\/vc_column][vc_column width=&#8221;1\/4&#8243;]<div class=\"thim-widget-counters-box template-base\"><div class=\"counter-box about-us\" style=\"\"><div class=\"content-box-percentage\">\n\t\t<div class=\"wrap-percentage\">\n\t\t<div class=\"display-percentage\" data-percentage=\"2240\" >2240<\/div><div class=\"text_number\"><\/div><\/div><div class=\"counter-content-container\"><div class=\"counter-box-content\" style=\"\">STUDENTS ENROLLED<\/div><\/div><\/div><\/div><\/div>[\/vc_column][vc_column width=&#8221;1\/4&#8243;]<div class=\"thim-widget-counters-box template-base\"><div class=\"counter-box about-us\" style=\"\"><div class=\"content-box-percentage\">\n\t\t<div class=\"wrap-percentage\">\n\t\t<div class=\"display-percentage\" data-percentage=\"215\" >215<\/div><div class=\"text_number\"><\/div><\/div><div class=\"counter-content-container\"><div class=\"counter-box-content\" style=\"\">COMPLETE COURSES<\/div><\/div><\/div><\/div><\/div>[\/vc_column][\/vc_row][vc_row][vc_column][vc_column_text]<\/p>\n<p style=\"text-align: justify;\">Dal 1996 l\u2019Istituto San Fernando (ISF) si \u00e8 dedicato esclusivamente all\u2019insegnamento dello spagnolo come seconda lingua.<\/p>\n<p style=\"text-align: justify;\">Insieme formiamo un gruppo dinamico in grado di offrire professionalit\u00e0, esperienza, consulenza e una attenzione personalizzata.<\/p>\n<p style=\"text-align: justify;\">Il nostro obiettivo \u00e8 far s\u00ec che gli studenti apprendano e facciano uso del loro spagnolo nelle molteplici situazioni e circostanze della vita quotidiana e che approfondiscano la loro conoscenza della cultura spagnola in generale. A tale scopo ci sforziamo per insegnare la cultura della societ\u00e0 spagnola nel suo contesto autentico. Pertanto i notri studenti, mentre imparano la nuova lingua, entrano continuamente a contatto con gli aspetti pi\u00f9 significativi della cultura e della societ\u00e0 spagnola.<\/p>\n<p style=\"text-align: justify;\">Fin dal primo giorno ci preoccupiamo affinch\u00e9 i ragazzi mettano in pratica, in situazioni di vita reale, ci\u00f2 che hanno appreso in aula. Il nostro metodo, oltre che essere moderno, creativo, amichevole ed efficace, \u00e8 soprattutto pratico, dinamico e straordinariamente comunicativo. Lo studente \u2013 ragazzo o ragazza \u2013 \u00e8 il centro della didattica: studia e vive nel paese in cui la lingua \u00e8 stata forgiata, dove \u00e8 parlata e utilizzata in ogni contesto sociale: in famiglia, in classe, nei luoghi di lavoro, nelle strade e in ogni altra situazione di vita dove la gente comunica e pensa, interagendo continuamente per esprimere sentimenti, emozioni, pensieri. Ma soprattutto ha un contatto continuo e diretto con l&#8217;ambiente che lo circonda e quindi sta imparando tutto in un contesto reale molto appropriato.<\/p>\n<p style=\"text-align: justify;\">Ampliare la conoscenza della lingua e della cultura spagnola, sia dentro che fuori dall\u2019aula, in un contesto culturale autentico, rappresente un\u20190esperienza altamente gratificante per lo studente, che potr\u00e0 notare i propri progressi giorno dopo giorno.<\/p>\n<p>[\/vc_column_text][vc_empty_space]<div class=\"thim-widget-single-images template-single-images\">\n<div class=\"single-image text-center\"><img src =\"https:\/\/san-fernando.com\/wp-content\/uploads\/2023\/08\/quienes-somos.jpg\" width=\"1500\" height=\"904\" alt=\"\"\/><\/div><\/div>[vc_empty_space height=&#8221;20px&#8221;][\/vc_column][\/vc_row][vc_row css=&#8221;.vc_custom_1471019067901{padding-top: 30px !important;}&#8221;][vc_column]<div class=\"thim-widget-heading template-base\"><div class=\"sc_heading  text-center\"><h3 style=\"text-transform: uppercase;\" class=\"title\">I NOSTRI PROGRAMMI<\/h3><p class=\"sub-heading\" style=\"\">Instituto San Fernando<\/p><\/div><\/div>[\/vc_column][\/vc_row][vc_row css=&#8221;.vc_custom_1471796791252{margin-bottom: 63px !important;}&#8221;][vc_column width=&#8221;1\/2&#8243; css=&#8221;.vc_custom_1471796770554{margin-bottom: 30px !important;}&#8221;][vc_column_text]<\/p>\n<h3 class=\"thim-text-title\">Lezioni di lingua e cultura spagnola.<\/h3>\n<p style=\"text-align: justify;\">I nostri programmi costituiscono un&#8217;esperienza nuova e gratificate, offrendo l&#8217;oppurtunit\u00e0 di vivere e studiare all&#8217;estero in una cultura differente.<\/p>\n<p>[\/vc_column_text][vc_column_text]<\/p>\n<h3 class=\"thim-text-title\" style=\"text-align: justify;\">Attivit\u00e0 Culturali, Sociali e Ricerative organizzate dai nostri coordinatori ISF.<\/h3>\n<p style=\"text-align: justify;\">L&#8217;obiettivo delle nostre attivit\u00e0 \u00e8 quello di fomentare le relazioni interpersonali, non solo fra gli studenti&#8230;<\/p>\n<p>[\/vc_column_text][\/vc_column][vc_column width=&#8221;1\/2&#8243; css=&#8221;.vc_custom_1471796781968{margin-bottom: 30px !important;}&#8221;][vc_column_text]<\/p>\n<h3 class=\"thim-text-title\" style=\"text-align: justify;\">Alloggio presso famiglie spagnole.<\/h3>\n<p style=\"text-align: justify;\">Vivire presso una famiglia spagnola \u00e8 il miglior modo di sommergersi nell&#8217;autentica cultura spagnola. Tutte le famiglie che accolgono i nostri studenti sono state attentamente selezionate attraverso&#8230;<\/p>\n<p>[\/vc_column_text][vc_column_text]<\/p>\n<h3 class=\"thim-text-title\" style=\"text-align: justify;\">Offriamo i nostri corsi in differenti citt\u00e0 della Spagna:<\/h3>\n<p style=\"text-align: justify;\">Siviglia, Valencia, Granada, Cadice, Salamanca, Madrid, Toledo, Santiago di Compostela, Malaga, Alicante, Barcellona, dove organizziamo programmi linguistici, culturali e professionali su misura per diverse entit\u00e0 governative, universit\u00e0, scuole superiori e scuole medie.<\/p>\n<p>[\/vc_column_text][\/vc_column][\/vc_row][vc_row][vc_column width=&#8221;1\/3&#8243;]<div class=\"thim-widget-single-images template-single-images\">\n<div class=\"single-image text-center\"><img src =\"https:\/\/san-fernando.com\/wp-content\/uploads\/2023\/08\/nuestros-programas-01.jpg\" width=\"576\" height=\"576\" alt=\"\"\/><\/div><\/div>[\/vc_column][vc_column width=&#8221;1\/3&#8243;]<div class=\"thim-widget-single-images template-single-images\">\n<div class=\"single-image text-center\"><img src =\"https:\/\/san-fernando.com\/wp-content\/uploads\/2023\/08\/nuestros-programas-03.jpg\" width=\"576\" height=\"576\" alt=\"\"\/><\/div><\/div>[\/vc_column][vc_column width=&#8221;1\/3&#8243;]<div class=\"thim-widget-single-images template-single-images\">\n<div class=\"single-image text-center\"><img src =\"https:\/\/san-fernando.com\/wp-content\/uploads\/2023\/08\/nuestros-programas-05.jpg\" width=\"576\" height=\"576\" alt=\"\"\/><\/div><\/div>[\/vc_column][\/vc_row][vc_row full_width=&#8221;stretch_row_content_no_spaces&#8221; parallax=&#8221;content-moving&#8221; parallax_image=&#8221;2935&#8243; parallax_speed_bg=&#8221;1.3&#8243;][vc_column][vc_empty_space][\/vc_column][\/vc_row][vc_row disable_element=&#8221;yes&#8221;][vc_column]<div class=\"thim-widget-heading template-base\"><div class=\"sc_heading  text-center\"><h3 style=\"text-transform: uppercase;\" class=\"title\">La nostra squadra<\/h3><p class=\"sub-heading\" style=\"\">Instituto San Fernando<\/p><\/div><\/div>[\/vc_column][\/vc_row][vc_row disable_element=&#8221;yes&#8221; el_class=&#8221;thim-no-margin-bottom&#8221;][vc_column][thim-our-team number_post=&#8221;8&#8243; layout_demo_elegant=&#8221;true&#8221; text_link=&#8221;Join Our Team&#8221; link=&#8221;#&#8221; link_member=&#8221;yes&#8221;][\/vc_column][\/vc_row]<\/p>\n<\/div>","protected":false},"excerpt":{"rendered":"<p>[vc_row css=&#8221;.vc_custom_1471019067901{padding-top: 30px !important;}&#8221;][vc_column][\/vc_column][\/vc_row][vc_row disable_element=&#8221;yes&#8221;][vc_column width=&#8221;1\/4&#8243;][\/vc_column][vc_column width=&#8221;1\/4&#8243;][\/vc_column][vc_column width=&#8221;1\/4&#8243;][\/vc_column][vc_column width=&#8221;1\/4&#8243;][\/vc_column][\/vc_row][vc_row][vc_column][vc_column_text] Dal 1996 l\u2019Istituto San Fernando (ISF) si \u00e8 dedicato esclusivamente all\u2019insegnamento dello spagnolo come seconda lingua. Insieme formiamo un gruppo dinamico in grado di offrire professionalit\u00e0, esperienza, consulenza e una attenzione &hellip; <\/p>\n","protected":false},"author":1,"featured_media":0,"parent":0,"menu_order":0,"comment_status":"closed","ping_status":"closed","template":"","meta":{"footnotes":""},"class_list":["post-14782","page","type-page","status-publish","hentry"],"yoast_head":"<!-- This site is optimized with the Yoast SEO plugin v25.1 - https:\/\/yoast.com\/wordpress\/plugins\/seo\/ -->\n<title>Chi siamo - INSTITUTO SAN FERNANDO<\/title>\n<meta name=\"robots\" content=\"index, follow, max-snippet:-1, max-image-preview:large, max-video-preview:-1\" \/>\n<link rel=\"canonical\" href=\"https:\/\/san-fernando.com\/it\/chi-siamo\/\" \/>\n<meta property=\"og:locale\" content=\"it_IT\" \/>\n<meta property=\"og:type\" content=\"article\" \/>\n<meta property=\"og:title\" content=\"Chi siamo - INSTITUTO SAN FERNANDO\" \/>\n<meta property=\"og:description\" content=\"[vc_row css=&#8221;.vc_custom_1471019067901{padding-top: 30px !important;}&#8221;][vc_column][\/vc_column][\/vc_row][vc_row disable_element=&#8221;yes&#8221;][vc_column width=&#8221;1\/4&#8243;][\/vc_column][vc_column width=&#8221;1\/4&#8243;][\/vc_column][vc_column width=&#8221;1\/4&#8243;][\/vc_column][vc_column width=&#8221;1\/4&#8243;][\/vc_column][\/vc_row][vc_row][vc_column][vc_column_text] Dal 1996 l\u2019Istituto San Fernando (ISF) si \u00e8 dedicato esclusivamente all\u2019insegnamento dello spagnolo come seconda lingua. Insieme formiamo un gruppo dinamico in grado di offrire professionalit\u00e0, esperienza, consulenza e una attenzione &hellip;\" \/>\n<meta property=\"og:url\" content=\"https:\/\/san-fernando.com\/it\/chi-siamo\/\" \/>\n<meta property=\"og:site_name\" content=\"INSTITUTO SAN FERNANDO\" \/>\n<meta property=\"article:publisher\" content=\"https:\/\/es-es.facebook.com\/InstitutoSanFernando.ISF\/\" \/>\n<meta property=\"article:modified_time\" content=\"2023-09-20T10:04:49+00:00\" \/>\n<meta name=\"twitter:card\" content=\"summary_large_image\" \/>\n<meta name=\"twitter:label1\" content=\"Tempo di lettura stimato\" \/>\n\t<meta name=\"twitter:data1\" content=\"3 minuti\" \/>\n<script type=\"application\/ld+json\" class=\"yoast-schema-graph\">{\"@context\":\"https:\/\/schema.org\",\"@graph\":[{\"@type\":\"WebPage\",\"@id\":\"https:\/\/san-fernando.com\/it\/chi-siamo\/\",\"url\":\"https:\/\/san-fernando.com\/it\/chi-siamo\/\",\"name\":\"Chi siamo - INSTITUTO SAN FERNANDO\",\"isPartOf\":{\"@id\":\"https:\/\/san-fernando.com\/#website\"},\"datePublished\":\"2015-11-18T07:34:00+00:00\",\"dateModified\":\"2023-09-20T10:04:49+00:00\",\"breadcrumb\":{\"@id\":\"https:\/\/san-fernando.com\/it\/chi-siamo\/#breadcrumb\"},\"inLanguage\":\"it-IT\",\"potentialAction\":[{\"@type\":\"ReadAction\",\"target\":[\"https:\/\/san-fernando.com\/it\/chi-siamo\/\"]}]},{\"@type\":\"BreadcrumbList\",\"@id\":\"https:\/\/san-fernando.com\/it\/chi-siamo\/#breadcrumb\",\"itemListElement\":[{\"@type\":\"ListItem\",\"position\":1,\"name\":\"Portada\",\"item\":\"https:\/\/san-fernando.com\/it\/\"},{\"@type\":\"ListItem\",\"position\":2,\"name\":\"Chi siamo\"}]},{\"@type\":\"WebSite\",\"@id\":\"https:\/\/san-fernando.com\/#website\",\"url\":\"https:\/\/san-fernando.com\/\",\"name\":\"INSTITUTO SAN FERNANDO\",\"description\":\"INSTITUTO SAN FERNANDO\",\"publisher\":{\"@id\":\"https:\/\/san-fernando.com\/#organization\"},\"potentialAction\":[{\"@type\":\"SearchAction\",\"target\":{\"@type\":\"EntryPoint\",\"urlTemplate\":\"https:\/\/san-fernando.com\/?s={search_term_string}\"},\"query-input\":{\"@type\":\"PropertyValueSpecification\",\"valueRequired\":true,\"valueName\":\"search_term_string\"}}],\"inLanguage\":\"it-IT\"},{\"@type\":\"Organization\",\"@id\":\"https:\/\/san-fernando.com\/#organization\",\"name\":\"INSTITUTO SAN FERNANDO\",\"url\":\"https:\/\/san-fernando.com\/\",\"logo\":{\"@type\":\"ImageObject\",\"inLanguage\":\"it-IT\",\"@id\":\"https:\/\/san-fernando.com\/#\/schema\/logo\/image\/\",\"url\":\"https:\/\/san-fernando.com\/wp-content\/uploads\/2023\/08\/Instituto-San-Fernando-logotipo-350w.png\",\"contentUrl\":\"https:\/\/san-fernando.com\/wp-content\/uploads\/2023\/08\/Instituto-San-Fernando-logotipo-350w.png\",\"width\":350,\"height\":48,\"caption\":\"INSTITUTO SAN FERNANDO\"},\"image\":{\"@id\":\"https:\/\/san-fernando.com\/#\/schema\/logo\/image\/\"},\"sameAs\":[\"https:\/\/es-es.facebook.com\/InstitutoSanFernando.ISF\/\",\"https:\/\/www.instagram.com\/institutosanfernando\/\"]}]}<\/script>\n<!-- \/ Yoast SEO plugin. -->","yoast_head_json":{"title":"Chi siamo - INSTITUTO SAN FERNANDO","robots":{"index":"index","follow":"follow","max-snippet":"max-snippet:-1","max-image-preview":"max-image-preview:large","max-video-preview":"max-video-preview:-1"},"canonical":"https:\/\/san-fernando.com\/it\/chi-siamo\/","og_locale":"it_IT","og_type":"article","og_title":"Chi siamo - INSTITUTO SAN FERNANDO","og_description":"[vc_row css=&#8221;.vc_custom_1471019067901{padding-top: 30px !important;}&#8221;][vc_column][\/vc_column][\/vc_row][vc_row disable_element=&#8221;yes&#8221;][vc_column width=&#8221;1\/4&#8243;][\/vc_column][vc_column width=&#8221;1\/4&#8243;][\/vc_column][vc_column width=&#8221;1\/4&#8243;][\/vc_column][vc_column width=&#8221;1\/4&#8243;][\/vc_column][\/vc_row][vc_row][vc_column][vc_column_text] Dal 1996 l\u2019Istituto San Fernando (ISF) si \u00e8 dedicato esclusivamente all\u2019insegnamento dello spagnolo come seconda lingua. Insieme formiamo un gruppo dinamico in grado di offrire professionalit\u00e0, esperienza, consulenza e una attenzione &hellip;","og_url":"https:\/\/san-fernando.com\/it\/chi-siamo\/","og_site_name":"INSTITUTO SAN FERNANDO","article_publisher":"https:\/\/es-es.facebook.com\/InstitutoSanFernando.ISF\/","article_modified_time":"2023-09-20T10:04:49+00:00","twitter_card":"summary_large_image","twitter_misc":{"Tempo di lettura stimato":"3 minuti"},"schema":{"@context":"https:\/\/schema.org","@graph":[{"@type":"WebPage","@id":"https:\/\/san-fernando.com\/it\/chi-siamo\/","url":"https:\/\/san-fernando.com\/it\/chi-siamo\/","name":"Chi siamo - INSTITUTO SAN FERNANDO","isPartOf":{"@id":"https:\/\/san-fernando.com\/#website"},"datePublished":"2015-11-18T07:34:00+00:00","dateModified":"2023-09-20T10:04:49+00:00","breadcrumb":{"@id":"https:\/\/san-fernando.com\/it\/chi-siamo\/#breadcrumb"},"inLanguage":"it-IT","potentialAction":[{"@type":"ReadAction","target":["https:\/\/san-fernando.com\/it\/chi-siamo\/"]}]},{"@type":"BreadcrumbList","@id":"https:\/\/san-fernando.com\/it\/chi-siamo\/#breadcrumb","itemListElement":[{"@type":"ListItem","position":1,"name":"Portada","item":"https:\/\/san-fernando.com\/it\/"},{"@type":"ListItem","position":2,"name":"Chi siamo"}]},{"@type":"WebSite","@id":"https:\/\/san-fernando.com\/#website","url":"https:\/\/san-fernando.com\/","name":"INSTITUTO SAN FERNANDO","description":"INSTITUTO SAN FERNANDO","publisher":{"@id":"https:\/\/san-fernando.com\/#organization"},"potentialAction":[{"@type":"SearchAction","target":{"@type":"EntryPoint","urlTemplate":"https:\/\/san-fernando.com\/?s={search_term_string}"},"query-input":{"@type":"PropertyValueSpecification","valueRequired":true,"valueName":"search_term_string"}}],"inLanguage":"it-IT"},{"@type":"Organization","@id":"https:\/\/san-fernando.com\/#organization","name":"INSTITUTO SAN FERNANDO","url":"https:\/\/san-fernando.com\/","logo":{"@type":"ImageObject","inLanguage":"it-IT","@id":"https:\/\/san-fernando.com\/#\/schema\/logo\/image\/","url":"https:\/\/san-fernando.com\/wp-content\/uploads\/2023\/08\/Instituto-San-Fernando-logotipo-350w.png","contentUrl":"https:\/\/san-fernando.com\/wp-content\/uploads\/2023\/08\/Instituto-San-Fernando-logotipo-350w.png","width":350,"height":48,"caption":"INSTITUTO SAN FERNANDO"},"image":{"@id":"https:\/\/san-fernando.com\/#\/schema\/logo\/image\/"},"sameAs":["https:\/\/es-es.facebook.com\/InstitutoSanFernando.ISF\/","https:\/\/www.instagram.com\/institutosanfernando\/"]}]}},"_links":{"self":[{"href":"https:\/\/san-fernando.com\/it\/wp-json\/wp\/v2\/pages\/14782"}],"collection":[{"href":"https:\/\/san-fernando.com\/it\/wp-json\/wp\/v2\/pages"}],"about":[{"href":"https:\/\/san-fernando.com\/it\/wp-json\/wp\/v2\/types\/page"}],"author":[{"embeddable":true,"href":"https:\/\/san-fernando.com\/it\/wp-json\/wp\/v2\/users\/1"}],"replies":[{"embeddable":true,"href":"https:\/\/san-fernando.com\/it\/wp-json\/wp\/v2\/comments?post=14782"}],"version-history":[{"count":0,"href":"https:\/\/san-fernando.com\/it\/wp-json\/wp\/v2\/pages\/14782\/revisions"}],"wp:attachment":[{"href":"https:\/\/san-fernando.com\/it\/wp-json\/wp\/v2\/media?parent=14782"}],"curies":[{"name":"wp","href":"https:\/\/api.w.org\/{rel}","templated":true}]}}