{"id":15052,"date":"2023-08-21T13:27:10","date_gmt":"2023-08-21T11:27:10","guid":{"rendered":"https:\/\/san-fernando.com\/cadice\/"},"modified":"2023-09-20T13:16:19","modified_gmt":"2023-09-20T11:16:19","slug":"cadice","status":"publish","type":"page","link":"https:\/\/san-fernando.com\/it\/cadice\/","title":{"rendered":"Cadice"},"content":{"rendered":"<div class=\"wpb-content-wrapper\"><p>[vc_row][vc_column]<div class=\"thim-widget-heading template-base\"><div class=\"sc_heading  text-center\"><h3 style=\"text-transform: uppercase;\" class=\"title\">C\u00e1diz<\/h3><span class=\"line\"><\/span><\/div><\/div><div class=\"thim-widget-single-images template-single-images\">\n<div class=\"single-image text-center\"><img src =\"https:\/\/san-fernando.com\/wp-content\/uploads\/2023\/08\/skyline-cadiz.png\" width=\"800\" height=\"129\" alt=\"\"\/><\/div><\/div>[vc_empty_space][vc_column_text]<\/p>\n<p style=\"text-align: justify;\">Cadice, con 160.000 abitanti, fu fondata dai Fenici circa 1.100 anni prima di Cristo e ha la particolarit\u00e0 di essere la citt\u00e0 pi\u00f9 antica d&#8217;Europa. Cadice \u00e8 circondata dal mare su tre lati ed \u00e8 accessibile solo attraverso la Puerta de Tierra, una striscia di terra costruita nel 1755 e che funge da ingresso alla citt\u00e0.<\/p>\n<p style=\"text-align: justify;\">Cadice, con tremila anni di storia, ha vissuto grandi cambiamenti. Con la scoperta delle Americhe la citt\u00e0 fior\u00ec. Nel corso del XVI secolo, il commercio marittimo coloniale fece di Cadice una delle citt\u00e0 pi\u00f9 ricche d&#8217;Europa. Il pi\u00f9 grande riconoscimento nella storia moderna arriv\u00f2 nel XVIII secolo, quando Cadice divenne il principale porto commerciale con l&#8217;America.<\/p>\n<p style=\"text-align: justify;\">A causa della ricca storia di Cadice, i monumenti, gli edifici e i musei attuali sono pieni di storie e rappresentazioni del passato. Sebbene la maggior parte delle antiche rovine siano oggi coperte dall&#8217;oceano o da costruzioni moderne, gran parte della storia \u00e8 ancora viva e visibile. Forse altrettanto importante \u00e8 che Cadice oggi non \u00e8 sopraffatta dai turisti ed \u00e8 riuscita a preservare il sapore spagnolo pi\u00f9 autentico.<\/p>\n<p>[\/vc_column_text][vc_empty_space][vc_images_carousel images=&#8221;14399,14414,14424,14404,14419,14409,14394&#8243; img_size=&#8221;full&#8221; onclick=&#8221;link_no&#8221; speed=&#8221;3000&#8243; slides_per_view=&#8221;3&#8243; autoplay=&#8221;yes&#8221; hide_prev_next_buttons=&#8221;yes&#8221; wrap=&#8221;yes&#8221;][\/vc_column][\/vc_row][vc_row][vc_column]<div class=\"thim-widget-heading template-base\"><div class=\"sc_heading  text-center\"><h3 style=\"text-transform: uppercase;\" class=\"title\">Excursiones desde C\u00e1diz<\/h3><span class=\"line\"><\/span><\/div><\/div>[vc_column_text]<\/p>\n<p style=\"text-align: justify;\">Durante il corso del tuo soggiorno organizziamo svariate escursioni nei dintorni della citt\u00e0, con lo scopo di dare agli studenti l\u2019occasione di imparare di pi\u00f9 sulla storia e sulla cultura di diverse parti della Spagna.<\/p>\n<p style=\"text-align: justify;\">Tutte queste escursioni sono integrate nel programma accademico e servono anche per rafforzare e ravvivare gli argomenti che vengono trattati in classe.<\/p>\n<p style=\"text-align: justify;\">Le escursioni sono condotte da un coordinatore\/insegnante che ha l\u2019incarico di spiegare tutti gli aspetti importanti di storia ed aneddoti vari che riguardano la citt\u00e0, parlando in modo da suscitare interesse e gradevolmente.<\/p>\n<p>Jerez de la Frontera, Conil, Vejer de la Frontera, Gibilterra, El Puerto de Santa Mar\u00eda, Sanl\u00facar de Barrameda o le citt\u00e0 bianche.<\/p>\n<p><em>Importante: In certi casi le escursioni possono includere il pernottamento in hotel.<\/em>[\/vc_column_text][\/vc_column][\/vc_row][vc_row][vc_column]<div class=\"thim-widget-heading template-base\"><div class=\"sc_heading  text-center\"><h3 style=\"text-transform: uppercase;\" class=\"title\">Visitas culturales en C\u00e1diz<\/h3><span class=\"line\"><\/span><\/div><\/div>[vc_column_text]<\/p>\n<p style=\"text-align: justify;\">All\u2019Istituto San Fernando abbiamo capito che il successo di un programma di Spagnolo non dipende soltanto dalla qualit\u00e0 delle lezioni di lingua, bens\u00ec anche dall\u2019attuazione di un programma di attivit\u00e0 culturali e di tempo libero che porta gli studenti ad immergersi totalmente nella cultura di quel paese.<\/p>\n<p style=\"text-align: justify;\">Il contenuto delle attivit\u00e0 culturali dei nostri programmi \u00e8 stato creato per presentare ai nostri studenti la cultura e la societ\u00e0 spagnola con una visione che sia la pi\u00f9 completa e integrata possibile. Ci\u00f2 si basa su diversi criteri, compresi i nostri alti livelli accademici come pure gli interessi personali degli studenti.<\/p>\n<p style=\"text-align: justify;\">Tutte le attivit\u00e0 sono preparate in modo accurato, discusse in classe prima e dopo, comprendono i materiali adeguati e sono condotte da un professore-guida specializzato. Non solo, quindi, insegniamo cultura nelle nostre classi, ma facciamo s\u00ec che ciscuno studente tragga esperienza dagli aspetti pi\u00f9 importanti della societ\u00e0 spagnola attraverso un programma ben strutturato di visite culturali.<\/p>\n<p style=\"text-align: justify;\">La Torre Tavira, passeggiare per il quartiere P\u00f3pulo, il Cammino della Costituzione, i Castelli di Santa Catalina e San Sebasti\u00e1n o i musei pi\u00f9 importanti della citt\u00e0 sono alcune delle nostre proposte.<\/p>\n<p>[\/vc_column_text][vc_empty_space][\/vc_column][\/vc_row][vc_row][vc_column width=&#8221;1\/3&#8243;][\/vc_column][vc_column width=&#8221;1\/3&#8243;]<div class=\"thim-widget-button template-base\"><a class=\"widget-button  no-border normal custom_style\" href=\"\/wp-content\/uploads\/2023\/09\/Catalogo-Espanol-1.pdf\" style=\"--widget-button-font-size: 18px;--widget-button-font-weight: bold;--widget-button-color: #ffffff;--widget-button-background-color: #337ab7;--widget-button-color-hover: #ffffff;--widget-button-background-color-hover: #000000;\">CONOSCERE I NOSTRI PROGRAMMI<\/a><\/div>[\/vc_column][vc_column width=&#8221;1\/3&#8243;][\/vc_column][\/vc_row]<\/p>\n<\/div>","protected":false},"excerpt":{"rendered":"<p>[vc_row][vc_column][vc_empty_space][vc_column_text] Cadice, con 160.000 abitanti, fu fondata dai Fenici circa 1.100 anni prima di Cristo e ha la particolarit\u00e0 di essere la citt\u00e0 pi\u00f9 antica d&#8217;Europa. Cadice \u00e8 circondata dal mare su tre lati ed \u00e8 accessibile solo attraverso la &hellip; <\/p>\n","protected":false},"author":1,"featured_media":0,"parent":0,"menu_order":0,"comment_status":"closed","ping_status":"closed","template":"","meta":{"footnotes":""},"class_list":["post-15052","page","type-page","status-publish","hentry"],"yoast_head":"<!-- This site is optimized with the Yoast SEO plugin v25.1 - https:\/\/yoast.com\/wordpress\/plugins\/seo\/ -->\n<title>Cadice - INSTITUTO SAN FERNANDO<\/title>\n<meta name=\"robots\" content=\"index, follow, max-snippet:-1, max-image-preview:large, max-video-preview:-1\" \/>\n<link rel=\"canonical\" href=\"https:\/\/san-fernando.com\/it\/cadice\/\" \/>\n<meta property=\"og:locale\" content=\"it_IT\" \/>\n<meta property=\"og:type\" content=\"article\" \/>\n<meta property=\"og:title\" content=\"Cadice - INSTITUTO SAN FERNANDO\" \/>\n<meta property=\"og:description\" content=\"[vc_row][vc_column][vc_empty_space][vc_column_text] Cadice, con 160.000 abitanti, fu fondata dai Fenici circa 1.100 anni prima di Cristo e ha la particolarit\u00e0 di essere la citt\u00e0 pi\u00f9 antica d&#8217;Europa. Cadice \u00e8 circondata dal mare su tre lati ed \u00e8 accessibile solo attraverso la &hellip;\" \/>\n<meta property=\"og:url\" content=\"https:\/\/san-fernando.com\/it\/cadice\/\" \/>\n<meta property=\"og:site_name\" content=\"INSTITUTO SAN FERNANDO\" \/>\n<meta property=\"article:publisher\" content=\"https:\/\/es-es.facebook.com\/InstitutoSanFernando.ISF\/\" \/>\n<meta property=\"article:modified_time\" content=\"2023-09-20T11:16:19+00:00\" \/>\n<meta name=\"twitter:card\" content=\"summary_large_image\" \/>\n<meta name=\"twitter:label1\" content=\"Tempo di lettura stimato\" \/>\n\t<meta name=\"twitter:data1\" content=\"3 minuti\" \/>\n<script type=\"application\/ld+json\" class=\"yoast-schema-graph\">{\"@context\":\"https:\/\/schema.org\",\"@graph\":[{\"@type\":\"WebPage\",\"@id\":\"https:\/\/san-fernando.com\/it\/cadice\/\",\"url\":\"https:\/\/san-fernando.com\/it\/cadice\/\",\"name\":\"Cadice - INSTITUTO SAN FERNANDO\",\"isPartOf\":{\"@id\":\"https:\/\/san-fernando.com\/#website\"},\"datePublished\":\"2023-08-21T11:27:10+00:00\",\"dateModified\":\"2023-09-20T11:16:19+00:00\",\"breadcrumb\":{\"@id\":\"https:\/\/san-fernando.com\/it\/cadice\/#breadcrumb\"},\"inLanguage\":\"it-IT\",\"potentialAction\":[{\"@type\":\"ReadAction\",\"target\":[\"https:\/\/san-fernando.com\/it\/cadice\/\"]}]},{\"@type\":\"BreadcrumbList\",\"@id\":\"https:\/\/san-fernando.com\/it\/cadice\/#breadcrumb\",\"itemListElement\":[{\"@type\":\"ListItem\",\"position\":1,\"name\":\"Portada\",\"item\":\"https:\/\/san-fernando.com\/it\/\"},{\"@type\":\"ListItem\",\"position\":2,\"name\":\"Cadice\"}]},{\"@type\":\"WebSite\",\"@id\":\"https:\/\/san-fernando.com\/#website\",\"url\":\"https:\/\/san-fernando.com\/\",\"name\":\"INSTITUTO SAN FERNANDO\",\"description\":\"INSTITUTO SAN FERNANDO\",\"publisher\":{\"@id\":\"https:\/\/san-fernando.com\/#organization\"},\"potentialAction\":[{\"@type\":\"SearchAction\",\"target\":{\"@type\":\"EntryPoint\",\"urlTemplate\":\"https:\/\/san-fernando.com\/?s={search_term_string}\"},\"query-input\":{\"@type\":\"PropertyValueSpecification\",\"valueRequired\":true,\"valueName\":\"search_term_string\"}}],\"inLanguage\":\"it-IT\"},{\"@type\":\"Organization\",\"@id\":\"https:\/\/san-fernando.com\/#organization\",\"name\":\"INSTITUTO SAN FERNANDO\",\"url\":\"https:\/\/san-fernando.com\/\",\"logo\":{\"@type\":\"ImageObject\",\"inLanguage\":\"it-IT\",\"@id\":\"https:\/\/san-fernando.com\/#\/schema\/logo\/image\/\",\"url\":\"https:\/\/san-fernando.com\/wp-content\/uploads\/2023\/08\/Instituto-San-Fernando-logotipo-350w.png\",\"contentUrl\":\"https:\/\/san-fernando.com\/wp-content\/uploads\/2023\/08\/Instituto-San-Fernando-logotipo-350w.png\",\"width\":350,\"height\":48,\"caption\":\"INSTITUTO SAN FERNANDO\"},\"image\":{\"@id\":\"https:\/\/san-fernando.com\/#\/schema\/logo\/image\/\"},\"sameAs\":[\"https:\/\/es-es.facebook.com\/InstitutoSanFernando.ISF\/\",\"https:\/\/www.instagram.com\/institutosanfernando\/\"]}]}<\/script>\n<!-- \/ Yoast SEO plugin. -->","yoast_head_json":{"title":"Cadice - INSTITUTO SAN FERNANDO","robots":{"index":"index","follow":"follow","max-snippet":"max-snippet:-1","max-image-preview":"max-image-preview:large","max-video-preview":"max-video-preview:-1"},"canonical":"https:\/\/san-fernando.com\/it\/cadice\/","og_locale":"it_IT","og_type":"article","og_title":"Cadice - INSTITUTO SAN FERNANDO","og_description":"[vc_row][vc_column][vc_empty_space][vc_column_text] Cadice, con 160.000 abitanti, fu fondata dai Fenici circa 1.100 anni prima di Cristo e ha la particolarit\u00e0 di essere la citt\u00e0 pi\u00f9 antica d&#8217;Europa. Cadice \u00e8 circondata dal mare su tre lati ed \u00e8 accessibile solo attraverso la &hellip;","og_url":"https:\/\/san-fernando.com\/it\/cadice\/","og_site_name":"INSTITUTO SAN FERNANDO","article_publisher":"https:\/\/es-es.facebook.com\/InstitutoSanFernando.ISF\/","article_modified_time":"2023-09-20T11:16:19+00:00","twitter_card":"summary_large_image","twitter_misc":{"Tempo di lettura stimato":"3 minuti"},"schema":{"@context":"https:\/\/schema.org","@graph":[{"@type":"WebPage","@id":"https:\/\/san-fernando.com\/it\/cadice\/","url":"https:\/\/san-fernando.com\/it\/cadice\/","name":"Cadice - INSTITUTO SAN FERNANDO","isPartOf":{"@id":"https:\/\/san-fernando.com\/#website"},"datePublished":"2023-08-21T11:27:10+00:00","dateModified":"2023-09-20T11:16:19+00:00","breadcrumb":{"@id":"https:\/\/san-fernando.com\/it\/cadice\/#breadcrumb"},"inLanguage":"it-IT","potentialAction":[{"@type":"ReadAction","target":["https:\/\/san-fernando.com\/it\/cadice\/"]}]},{"@type":"BreadcrumbList","@id":"https:\/\/san-fernando.com\/it\/cadice\/#breadcrumb","itemListElement":[{"@type":"ListItem","position":1,"name":"Portada","item":"https:\/\/san-fernando.com\/it\/"},{"@type":"ListItem","position":2,"name":"Cadice"}]},{"@type":"WebSite","@id":"https:\/\/san-fernando.com\/#website","url":"https:\/\/san-fernando.com\/","name":"INSTITUTO SAN FERNANDO","description":"INSTITUTO SAN FERNANDO","publisher":{"@id":"https:\/\/san-fernando.com\/#organization"},"potentialAction":[{"@type":"SearchAction","target":{"@type":"EntryPoint","urlTemplate":"https:\/\/san-fernando.com\/?s={search_term_string}"},"query-input":{"@type":"PropertyValueSpecification","valueRequired":true,"valueName":"search_term_string"}}],"inLanguage":"it-IT"},{"@type":"Organization","@id":"https:\/\/san-fernando.com\/#organization","name":"INSTITUTO SAN FERNANDO","url":"https:\/\/san-fernando.com\/","logo":{"@type":"ImageObject","inLanguage":"it-IT","@id":"https:\/\/san-fernando.com\/#\/schema\/logo\/image\/","url":"https:\/\/san-fernando.com\/wp-content\/uploads\/2023\/08\/Instituto-San-Fernando-logotipo-350w.png","contentUrl":"https:\/\/san-fernando.com\/wp-content\/uploads\/2023\/08\/Instituto-San-Fernando-logotipo-350w.png","width":350,"height":48,"caption":"INSTITUTO SAN FERNANDO"},"image":{"@id":"https:\/\/san-fernando.com\/#\/schema\/logo\/image\/"},"sameAs":["https:\/\/es-es.facebook.com\/InstitutoSanFernando.ISF\/","https:\/\/www.instagram.com\/institutosanfernando\/"]}]}},"_links":{"self":[{"href":"https:\/\/san-fernando.com\/it\/wp-json\/wp\/v2\/pages\/15052"}],"collection":[{"href":"https:\/\/san-fernando.com\/it\/wp-json\/wp\/v2\/pages"}],"about":[{"href":"https:\/\/san-fernando.com\/it\/wp-json\/wp\/v2\/types\/page"}],"author":[{"embeddable":true,"href":"https:\/\/san-fernando.com\/it\/wp-json\/wp\/v2\/users\/1"}],"replies":[{"embeddable":true,"href":"https:\/\/san-fernando.com\/it\/wp-json\/wp\/v2\/comments?post=15052"}],"version-history":[{"count":0,"href":"https:\/\/san-fernando.com\/it\/wp-json\/wp\/v2\/pages\/15052\/revisions"}],"wp:attachment":[{"href":"https:\/\/san-fernando.com\/it\/wp-json\/wp\/v2\/media?parent=15052"}],"curies":[{"name":"wp","href":"https:\/\/api.w.org\/{rel}","templated":true}]}}