{"id":15088,"date":"2023-08-21T14:02:38","date_gmt":"2023-08-21T12:02:38","guid":{"rendered":"https:\/\/san-fernando.com\/toledo\/"},"modified":"2023-09-20T13:18:21","modified_gmt":"2023-09-20T11:18:21","slug":"toledo","status":"publish","type":"page","link":"https:\/\/san-fernando.com\/it\/toledo\/","title":{"rendered":"Toledo"},"content":{"rendered":"<div class=\"wpb-content-wrapper\"><p>[vc_row][vc_column]<div class=\"thim-widget-heading template-base\"><div class=\"sc_heading  text-center\"><h3 style=\"text-transform: uppercase;\" class=\"title\">Toledo<\/h3><span class=\"line\"><\/span><\/div><\/div><div class=\"thim-widget-single-images template-single-images\">\n<div class=\"single-image text-center\"><img src =\"https:\/\/san-fernando.com\/wp-content\/uploads\/2023\/08\/skyline-toledo-1.png\" width=\"800\" height=\"129\" alt=\"\"\/><\/div><\/div>[vc_empty_space][vc_column_text]<\/p>\n<p style=\"text-align: justify;\">Dichiarata patrimonio dell\u2019umanit\u00e0 dall\u2019UNESCO e considerata una delle citt\u00e0 pi\u00f9 storiche della Spagna, Toledo \u00e8 una citt\u00e0 medievale di una bellezza incomparabile. Riposa su una collina circondata dal fiume Tago dalla sommit\u00e0 della quale si pu\u00f2 contemplare una vista meravigliosa, dipinta anche da El Greco in uno dei suoi famosi quadri. Guardando lungo lo stretto canyon del fiume, puoi vedere la splendida vista panoramica della citt\u00e0 dipinta da El Greco. Anticamente Toledo era una citt\u00e0 fortificata ed era tutta cinta da mura costruite dai romani, dai Visigoti e dagli Arabi. Il passaggio di queste tre civilt\u00e0 rende incalcolabile il patrimonio storico di questa citt\u00e0.<\/p>\n<p style=\"text-align: justify;\">Toledo \u00e8 un crogiolo di culture millenarie; i suoi monumento sono il risultato di civilt\u00e0 eterogenee che hanno lasciato impronte indelebili in una citt\u00e0 dove convissero le tre religioni monoteiste: l\u2019ebraica, la cristiana e l\u2019islamica\u201d (UNESCO).<\/p>\n<p>[\/vc_column_text][vc_empty_space][vc_images_carousel images=&#8221;14528,14523,14518,14534,14539&#8243; img_size=&#8221;full&#8221; onclick=&#8221;link_no&#8221; speed=&#8221;3000&#8243; slides_per_view=&#8221;3&#8243; autoplay=&#8221;yes&#8221; hide_prev_next_buttons=&#8221;yes&#8221; wrap=&#8221;yes&#8221;][\/vc_column][\/vc_row][vc_row][vc_column]<div class=\"thim-widget-heading template-base\"><div class=\"sc_heading  text-center\"><h3 style=\"text-transform: uppercase;\" class=\"title\">Excursiones desde Toledo<\/h3><span class=\"line\"><\/span><\/div><\/div>[vc_column_text]<\/p>\n<p style=\"text-align: justify;\">Durante il corso del tuo soggiorno organizziamo svariate escursioni nei dintorni della citt\u00e0, con lo scopo di dare agli studenti l\u2019occasione di imparare di pi\u00f9 sulla storia e sulla cultura di diverse parti della Spagna.<\/p>\n<p style=\"text-align: justify;\">Tutte queste escursioni sono integrate nel programma accademico e servono anche per rafforzare e ravvivare gli argomenti che vengono trattati in classe.<\/p>\n<p style=\"text-align: justify;\">Le escursioni sono condotte da un coordinatore\/insegnante che ha l\u2019incarico di spiegare tutti gli aspetti importanti di storia ed aneddoti vari che riguardano la citt\u00e0, parlando in modo da suscitare interesse e gradevolmente.<\/p>\n<p>Madrid, Campos de Criptana, Chinch\u00f3n, Aranjuez, \u00c1vila, Segovia o Salamanca sono alcune delle destinazioni.<\/p>\n<p><em>Importante: In certi casi le escursioni possono includere il pernottamento in hotel.<\/em>[\/vc_column_text][\/vc_column][\/vc_row][vc_row][vc_column]<div class=\"thim-widget-heading template-base\"><div class=\"sc_heading  text-center\"><h3 style=\"text-transform: uppercase;\" class=\"title\">Visitas culturales en Toledo<\/h3><span class=\"line\"><\/span><\/div><\/div>[vc_column_text]<\/p>\n<p style=\"text-align: justify;\">All\u2019Istituto San Fernando abbiamo capito che il successo di un programma di Spagnolo non dipende soltanto dalla qualit\u00e0 delle lezioni di lingua, bens\u00ec anche dall\u2019attuazione di un programma di attivit\u00e0 culturali e di tempo libero che porta gli studenti ad immergersi totalmente nella cultura di quel paese.<\/p>\n<p style=\"text-align: justify;\">Il contenuto delle attivit\u00e0 culturali dei nostri programmi \u00e8 stato creato per presentare ai nostri studenti la cultura e la societ\u00e0 spagnola con una visione che sia la pi\u00f9 completa e integrata possibile. Ci\u00f2 si basa su diversi criteri, compresi i nostri alti livelli accademici come pure gli interessi personali degli studenti.<\/p>\n<p style=\"text-align: justify;\">Tutte le attivit\u00e0 sono preparate in modo accurato, discusse in classe prima e dopo, comprendono i materiali adeguati e sono condotte da un professore-guida specializzato. Non solo, quindi, insegniamo cultura nelle nostre classi, ma facciamo s\u00ec che ciscuno studente tragga esperienza dagli aspetti pi\u00f9 importanti della societ\u00e0 spagnola attraverso un programma ben strutturato di visite culturali.<\/p>\n<p style=\"text-align: justify;\">La Puerta de Toledo e percorso lungo le mura, vista panoramica di Toledo lungo il Tago e Los Cigarrales, passeggiata nella citt\u00e0 medievale, Itinerari letterari: Cervantes e Don Chisciotte, Toledo e il percorso delle tre culture o i pi\u00f9 importanti musei di la citt\u00e0 sono alcune delle nostre proposte.<\/p>\n<p>[\/vc_column_text][vc_empty_space][\/vc_column][\/vc_row][vc_row][vc_column width=&#8221;1\/3&#8243;][\/vc_column][vc_column width=&#8221;1\/3&#8243;]<div class=\"thim-widget-button template-base\"><a class=\"widget-button  no-border normal custom_style\" href=\"\/wp-content\/uploads\/2023\/09\/Catalogo-Espanol-1.pdf\" style=\"--widget-button-font-size: 18px;--widget-button-font-weight: bold;--widget-button-color: #ffffff;--widget-button-background-color: #337ab7;--widget-button-color-hover: #ffffff;--widget-button-background-color-hover: #000000;\">CONOSCERE I NOSTRI PROGRAMMI<\/a><\/div>[\/vc_column][vc_column width=&#8221;1\/3&#8243;][\/vc_column][\/vc_row]<\/p>\n<\/div>","protected":false},"excerpt":{"rendered":"<p>[vc_row][vc_column][vc_empty_space][vc_column_text] Dichiarata patrimonio dell\u2019umanit\u00e0 dall\u2019UNESCO e considerata una delle citt\u00e0 pi\u00f9 storiche della Spagna, Toledo \u00e8 una citt\u00e0 medievale di una bellezza incomparabile. Riposa su una collina circondata dal fiume Tago dalla sommit\u00e0 della quale si pu\u00f2 contemplare una vista &hellip; <\/p>\n","protected":false},"author":1,"featured_media":0,"parent":0,"menu_order":0,"comment_status":"closed","ping_status":"closed","template":"","meta":{"footnotes":""},"class_list":["post-15088","page","type-page","status-publish","hentry"],"yoast_head":"<!-- This site is optimized with the Yoast SEO plugin v25.1 - https:\/\/yoast.com\/wordpress\/plugins\/seo\/ -->\n<title>Toledo - INSTITUTO SAN FERNANDO<\/title>\n<meta name=\"robots\" content=\"index, follow, max-snippet:-1, max-image-preview:large, max-video-preview:-1\" \/>\n<link rel=\"canonical\" href=\"https:\/\/san-fernando.com\/it\/toledo\/\" \/>\n<meta property=\"og:locale\" content=\"it_IT\" \/>\n<meta property=\"og:type\" content=\"article\" \/>\n<meta property=\"og:title\" content=\"Toledo - INSTITUTO SAN FERNANDO\" \/>\n<meta property=\"og:description\" content=\"[vc_row][vc_column][vc_empty_space][vc_column_text] Dichiarata patrimonio dell\u2019umanit\u00e0 dall\u2019UNESCO e considerata una delle citt\u00e0 pi\u00f9 storiche della Spagna, Toledo \u00e8 una citt\u00e0 medievale di una bellezza incomparabile. Riposa su una collina circondata dal fiume Tago dalla sommit\u00e0 della quale si pu\u00f2 contemplare una vista &hellip;\" \/>\n<meta property=\"og:url\" content=\"https:\/\/san-fernando.com\/it\/toledo\/\" \/>\n<meta property=\"og:site_name\" content=\"INSTITUTO SAN FERNANDO\" \/>\n<meta property=\"article:publisher\" content=\"https:\/\/es-es.facebook.com\/InstitutoSanFernando.ISF\/\" \/>\n<meta property=\"article:modified_time\" content=\"2023-09-20T11:18:21+00:00\" \/>\n<meta name=\"twitter:card\" content=\"summary_large_image\" \/>\n<meta name=\"twitter:label1\" content=\"Tempo di lettura stimato\" \/>\n\t<meta name=\"twitter:data1\" content=\"3 minuti\" \/>\n<script type=\"application\/ld+json\" class=\"yoast-schema-graph\">{\"@context\":\"https:\/\/schema.org\",\"@graph\":[{\"@type\":\"WebPage\",\"@id\":\"https:\/\/san-fernando.com\/it\/toledo\/\",\"url\":\"https:\/\/san-fernando.com\/it\/toledo\/\",\"name\":\"Toledo - INSTITUTO SAN FERNANDO\",\"isPartOf\":{\"@id\":\"https:\/\/san-fernando.com\/#website\"},\"datePublished\":\"2023-08-21T12:02:38+00:00\",\"dateModified\":\"2023-09-20T11:18:21+00:00\",\"breadcrumb\":{\"@id\":\"https:\/\/san-fernando.com\/it\/toledo\/#breadcrumb\"},\"inLanguage\":\"it-IT\",\"potentialAction\":[{\"@type\":\"ReadAction\",\"target\":[\"https:\/\/san-fernando.com\/it\/toledo\/\"]}]},{\"@type\":\"BreadcrumbList\",\"@id\":\"https:\/\/san-fernando.com\/it\/toledo\/#breadcrumb\",\"itemListElement\":[{\"@type\":\"ListItem\",\"position\":1,\"name\":\"Portada\",\"item\":\"https:\/\/san-fernando.com\/it\/\"},{\"@type\":\"ListItem\",\"position\":2,\"name\":\"Toledo\"}]},{\"@type\":\"WebSite\",\"@id\":\"https:\/\/san-fernando.com\/#website\",\"url\":\"https:\/\/san-fernando.com\/\",\"name\":\"INSTITUTO SAN FERNANDO\",\"description\":\"INSTITUTO SAN FERNANDO\",\"publisher\":{\"@id\":\"https:\/\/san-fernando.com\/#organization\"},\"potentialAction\":[{\"@type\":\"SearchAction\",\"target\":{\"@type\":\"EntryPoint\",\"urlTemplate\":\"https:\/\/san-fernando.com\/?s={search_term_string}\"},\"query-input\":{\"@type\":\"PropertyValueSpecification\",\"valueRequired\":true,\"valueName\":\"search_term_string\"}}],\"inLanguage\":\"it-IT\"},{\"@type\":\"Organization\",\"@id\":\"https:\/\/san-fernando.com\/#organization\",\"name\":\"INSTITUTO SAN FERNANDO\",\"url\":\"https:\/\/san-fernando.com\/\",\"logo\":{\"@type\":\"ImageObject\",\"inLanguage\":\"it-IT\",\"@id\":\"https:\/\/san-fernando.com\/#\/schema\/logo\/image\/\",\"url\":\"https:\/\/san-fernando.com\/wp-content\/uploads\/2023\/08\/Instituto-San-Fernando-logotipo-350w.png\",\"contentUrl\":\"https:\/\/san-fernando.com\/wp-content\/uploads\/2023\/08\/Instituto-San-Fernando-logotipo-350w.png\",\"width\":350,\"height\":48,\"caption\":\"INSTITUTO SAN FERNANDO\"},\"image\":{\"@id\":\"https:\/\/san-fernando.com\/#\/schema\/logo\/image\/\"},\"sameAs\":[\"https:\/\/es-es.facebook.com\/InstitutoSanFernando.ISF\/\",\"https:\/\/www.instagram.com\/institutosanfernando\/\"]}]}<\/script>\n<!-- \/ Yoast SEO plugin. -->","yoast_head_json":{"title":"Toledo - INSTITUTO SAN FERNANDO","robots":{"index":"index","follow":"follow","max-snippet":"max-snippet:-1","max-image-preview":"max-image-preview:large","max-video-preview":"max-video-preview:-1"},"canonical":"https:\/\/san-fernando.com\/it\/toledo\/","og_locale":"it_IT","og_type":"article","og_title":"Toledo - INSTITUTO SAN FERNANDO","og_description":"[vc_row][vc_column][vc_empty_space][vc_column_text] Dichiarata patrimonio dell\u2019umanit\u00e0 dall\u2019UNESCO e considerata una delle citt\u00e0 pi\u00f9 storiche della Spagna, Toledo \u00e8 una citt\u00e0 medievale di una bellezza incomparabile. Riposa su una collina circondata dal fiume Tago dalla sommit\u00e0 della quale si pu\u00f2 contemplare una vista &hellip;","og_url":"https:\/\/san-fernando.com\/it\/toledo\/","og_site_name":"INSTITUTO SAN FERNANDO","article_publisher":"https:\/\/es-es.facebook.com\/InstitutoSanFernando.ISF\/","article_modified_time":"2023-09-20T11:18:21+00:00","twitter_card":"summary_large_image","twitter_misc":{"Tempo di lettura stimato":"3 minuti"},"schema":{"@context":"https:\/\/schema.org","@graph":[{"@type":"WebPage","@id":"https:\/\/san-fernando.com\/it\/toledo\/","url":"https:\/\/san-fernando.com\/it\/toledo\/","name":"Toledo - INSTITUTO SAN FERNANDO","isPartOf":{"@id":"https:\/\/san-fernando.com\/#website"},"datePublished":"2023-08-21T12:02:38+00:00","dateModified":"2023-09-20T11:18:21+00:00","breadcrumb":{"@id":"https:\/\/san-fernando.com\/it\/toledo\/#breadcrumb"},"inLanguage":"it-IT","potentialAction":[{"@type":"ReadAction","target":["https:\/\/san-fernando.com\/it\/toledo\/"]}]},{"@type":"BreadcrumbList","@id":"https:\/\/san-fernando.com\/it\/toledo\/#breadcrumb","itemListElement":[{"@type":"ListItem","position":1,"name":"Portada","item":"https:\/\/san-fernando.com\/it\/"},{"@type":"ListItem","position":2,"name":"Toledo"}]},{"@type":"WebSite","@id":"https:\/\/san-fernando.com\/#website","url":"https:\/\/san-fernando.com\/","name":"INSTITUTO SAN FERNANDO","description":"INSTITUTO SAN FERNANDO","publisher":{"@id":"https:\/\/san-fernando.com\/#organization"},"potentialAction":[{"@type":"SearchAction","target":{"@type":"EntryPoint","urlTemplate":"https:\/\/san-fernando.com\/?s={search_term_string}"},"query-input":{"@type":"PropertyValueSpecification","valueRequired":true,"valueName":"search_term_string"}}],"inLanguage":"it-IT"},{"@type":"Organization","@id":"https:\/\/san-fernando.com\/#organization","name":"INSTITUTO SAN FERNANDO","url":"https:\/\/san-fernando.com\/","logo":{"@type":"ImageObject","inLanguage":"it-IT","@id":"https:\/\/san-fernando.com\/#\/schema\/logo\/image\/","url":"https:\/\/san-fernando.com\/wp-content\/uploads\/2023\/08\/Instituto-San-Fernando-logotipo-350w.png","contentUrl":"https:\/\/san-fernando.com\/wp-content\/uploads\/2023\/08\/Instituto-San-Fernando-logotipo-350w.png","width":350,"height":48,"caption":"INSTITUTO SAN FERNANDO"},"image":{"@id":"https:\/\/san-fernando.com\/#\/schema\/logo\/image\/"},"sameAs":["https:\/\/es-es.facebook.com\/InstitutoSanFernando.ISF\/","https:\/\/www.instagram.com\/institutosanfernando\/"]}]}},"_links":{"self":[{"href":"https:\/\/san-fernando.com\/it\/wp-json\/wp\/v2\/pages\/15088"}],"collection":[{"href":"https:\/\/san-fernando.com\/it\/wp-json\/wp\/v2\/pages"}],"about":[{"href":"https:\/\/san-fernando.com\/it\/wp-json\/wp\/v2\/types\/page"}],"author":[{"embeddable":true,"href":"https:\/\/san-fernando.com\/it\/wp-json\/wp\/v2\/users\/1"}],"replies":[{"embeddable":true,"href":"https:\/\/san-fernando.com\/it\/wp-json\/wp\/v2\/comments?post=15088"}],"version-history":[{"count":0,"href":"https:\/\/san-fernando.com\/it\/wp-json\/wp\/v2\/pages\/15088\/revisions"}],"wp:attachment":[{"href":"https:\/\/san-fernando.com\/it\/wp-json\/wp\/v2\/media?parent=15088"}],"curies":[{"name":"wp","href":"https:\/\/api.w.org\/{rel}","templated":true}]}}